{"id":2106,"date":"2021-03-25T04:08:26","date_gmt":"2021-03-25T04:08:26","guid":{"rendered":"http:\/\/localhost\/nuss\/?page_id=298"},"modified":"2025-12-14T13:53:14","modified_gmt":"2025-12-14T13:53:14","slug":"erfahrungen","status":"publish","type":"page","link":"https:\/\/eerilhotel.com\/de\/erfahrungen\/","title":{"rendered":"Eeril Hotel Bewertungen"},"content":{"rendered":"<div data-elementor-type=\"wp-page\" data-elementor-id=\"2106\" class=\"elementor elementor-2106\">\n\t\t\t\t\t\t<section class=\"elementor-section elementor-top-section elementor-element elementor-element-1954ffc elementor-section-boxed elementor-section-gap-beside-yes elementor-section-height-default elementor-section-height-default elementor-section-column-vertical-align-stretch\" data-id=\"1954ffc\" data-element_type=\"section\" data-e-type=\"section\">\n\t\t\t\t\t\t<div class=\"elementor-container elementor-column-gap-extended\">\n\t\t\t\t\t<div class=\"elementor-column elementor-col-100 elementor-top-column elementor-element elementor-element-86aebc5\" data-id=\"86aebc5\" data-element_type=\"column\" data-e-type=\"column\">\n\t\t\t<div class=\"elementor-widget-wrap elementor-element-populated\">\n\t\t\t\t\t\t<div class=\"elementor-element elementor-element-11803d1 elementor-widget__width-initial elementor-invisible elementor-widget elementor-widget-text-editor\" data-id=\"11803d1\" data-element_type=\"widget\" data-e-type=\"widget\" data-settings=\"{&quot;_animation&quot;:&quot;nussFadeInUp&quot;}\" data-widget_type=\"text-editor.default\">\n\t\t\t\t\t\t\t\t\t<div class=\"svelte-1c06zsf\" data-lang-code=\"\"><p class=\"qwen-markdown-paragraph\"><strong class=\"qwen-markdown-strong\"><span class=\"qwen-markdown-text\" data-spm-anchor-id=\"a2ty_o01.29997173.0.i42.7aab5171oMV61N\">Eeril Hotel (Filiale Shenzhen Futian Convention and Exhibition Center) \u2013 Echte G\u00e4steerfahrungen &amp; Bewertungen: Warum \u00fcber 10.685 Reisende es mit 9,4\/10 bewerten<\/span><\/strong><\/p><\/div>\t\t\t\t\t\t\t\t<\/div>\n\t\t\t\t\t<\/div>\n\t\t<\/div>\n\t\t\t\t\t<\/div>\n\t\t<\/section>\n\t\t<div class=\"elementor-element elementor-element-95e7268 e-flex e-con-boxed e-con e-parent\" data-id=\"95e7268\" data-element_type=\"container\" data-e-type=\"container\">\n\t\t\t\t\t<div class=\"e-con-inner\">\n\t\t\t\t<div class=\"elementor-element elementor-element-bd47571 elementor-widget elementor-widget-image\" data-id=\"bd47571\" data-element_type=\"widget\" data-e-type=\"widget\" data-widget_type=\"image.default\">\n\t\t\t\t\t\t\t\t\t\t\t\t\t\t\t\t<a href=\"https:\/\/www.trip.com\/hotels\/shenzhen-hotel-detail-103066319\/slang-hotel\/?Allianceid=4590391&#038;SID=282979369&#038;trip_sub1=&#038;trip_sub3=D8419210\" target=\"_blank\" rel=\"noopener\">\n\t\t\t\t\t\t\t<img fetchpriority=\"high\" decoding=\"async\" width=\"1711\" height=\"1081\" src=\"https:\/\/eerilhotel.com\/wp-content\/uploads\/2025\/12\/eeril-hotel-reviews.jpg\" class=\"attachment-full size-full wp-image-7307\" alt=\"\" srcset=\"https:\/\/eerilhotel.com\/wp-content\/uploads\/2025\/12\/eeril-hotel-reviews.jpg 1711w, https:\/\/eerilhotel.com\/wp-content\/uploads\/2025\/12\/eeril-hotel-reviews-300x190.jpg 300w, https:\/\/eerilhotel.com\/wp-content\/uploads\/2025\/12\/eeril-hotel-reviews-1024x647.jpg 1024w, https:\/\/eerilhotel.com\/wp-content\/uploads\/2025\/12\/eeril-hotel-reviews-768x485.jpg 768w, https:\/\/eerilhotel.com\/wp-content\/uploads\/2025\/12\/eeril-hotel-reviews-1536x970.jpg 1536w, https:\/\/eerilhotel.com\/wp-content\/uploads\/2025\/12\/eeril-hotel-reviews-18x12.jpg 18w\" sizes=\"(max-width: 1711px) 100vw, 1711px\" \/>\t\t\t\t\t\t\t\t<\/a>\n\t\t\t\t\t\t\t\t\t\t\t\t\t\t\t<\/div>\n\t\t\t\t\t<\/div>\n\t\t\t\t<\/div>\n\t\t<div class=\"elementor-element elementor-element-3e39171 e-flex e-con-boxed e-con e-parent\" data-id=\"3e39171\" data-element_type=\"container\" data-e-type=\"container\">\n\t\t\t\t\t<div class=\"e-con-inner\">\n\t\t\t\t<div class=\"elementor-element elementor-element-7761d0c elementor-widget elementor-widget-text-editor\" data-id=\"7761d0c\" data-element_type=\"widget\" data-e-type=\"widget\" data-widget_type=\"text-editor.default\">\n\t\t\t\t\t\t\t\t\t<p class=\"qwen-markdown-paragraph\"><span class=\"qwen-markdown-text\" data-spm-anchor-id=\"a2ty_o01.29997173.0.i43.7aab5171oMV61N\">Bei der Wahl eines Hotels im pulsierenden Futian-Distrikt von Shenzhen \u2013 insbesondere in der N\u00e4he des riesigen Kongress- und Ausstellungszentrums \u2013 sind G\u00e4stebewertungen der zuverl\u00e4ssigste Wegweiser. Und im Eeril Hotel (Niederlassung Futian) sind die G\u00e4ste nicht nur zufrieden, sondern begeistert. Mit \u00fcber <\/span><strong class=\"qwen-markdown-strong\"><span class=\"qwen-markdown-text\">10.685 verifizierte G\u00e4stebewertungen<\/span><\/strong><span class=\"qwen-markdown-text\"> und ein herausragendes <\/span><strong class=\"qwen-markdown-strong\"><span class=\"qwen-markdown-text\">Bewertung: 9,4\/10<\/span><\/strong><span class=\"qwen-markdown-text\">, Dieses moderne 4-Sterne-Hotel hat sich seinen Ruf als eine der am besten bewerteten Unterk\u00fcnfte der Stadt sowohl f\u00fcr Gesch\u00e4fts- als auch f\u00fcr Freizeitreisende erworben.<\/span><\/p><p class=\"qwen-markdown-paragraph\"><span class=\"qwen-markdown-text\">Lassen Sie uns genauer betrachten, was echte G\u00e4ste sagen \u2013 von alleinreisenden Berufst\u00e4tigen \u00fcber Paare bis hin zu Familien \u2013 und entdecken, warum das Eeril Hotel die Erwartungen immer wieder \u00fcbertrifft.<\/span><\/p><div class=\"qwen-markdown-hr\"><hr \/><\/div><h3 class=\"qwen-markdown-heading\"><span class=\"qwen-markdown-text\">\ud83c\udf1f \u201cSauber, ruhig und stilvoll\u201d \u2013 Der G\u00e4steeindruck des #1<\/span><\/h3><p class=\"qwen-markdown-paragraph\"><span class=\"qwen-markdown-text\">Der \u00fcberw\u00e4ltigende Konsens? <\/span><strong class=\"qwen-markdown-strong\"><span class=\"qwen-markdown-text\">Sauberkeit ist das A und O.<\/span><\/strong><span class=\"qwen-markdown-text\"> Und Eeril h\u00e4lt, was es verspricht. G\u00e4ste loben immer wieder die makellos sauberen Zimmer, die frische Bettw\u00e4sche und die sorgf\u00e4ltige Zimmerreinigung. Ein Gast schrieb k\u00fcrzlich am 14. Dezember 2025:<\/span><\/p><blockquote class=\"qwen-markdown-blockquote\"><p class=\"qwen-markdown-paragraph\"><em><span class=\"qwen-markdown-text\">\u201cDas Zimmer ist sehr gut. Ich werde mit meiner Familie wiederkommen. Ich werde es jedem weiterempfehlen. Ich bin so froh, hier \u00fcbernachtet zu haben.\u201d<\/span><\/em><\/p><\/blockquote><p class=\"qwen-markdown-paragraph\"><span class=\"qwen-markdown-text\">Ein anderer stimmte zu: <\/span><\/p><blockquote class=\"qwen-markdown-blockquote\"><p class=\"qwen-markdown-paragraph\"><em><span class=\"qwen-markdown-text\">\u201cDer Service ist sehr gut und perfekt. Alle sind freundlich und ich werde mit meinen Freunden wiederkommen.\u201d<\/span><\/em><\/p><\/blockquote><p class=\"qwen-markdown-paragraph\"><span class=\"qwen-markdown-text\">Das ist nicht nat\u00fcrlich. Mit einer Sauberkeitsbewertung von <\/span><strong class=\"qwen-markdown-strong\"><span class=\"qwen-markdown-text\">9.4\/10<\/span><\/strong><span class=\"qwen-markdown-text\"> \u2014 entsprechend seiner Gesamtbewertung \u2014 legt das Eeril Hotel eindeutig Wert auf Hygiene und ist daher sowohl bei Keimphobikern als auch bei gesundheitsbewussten Reisenden gleicherma\u00dfen beliebt.<\/span><\/p><div class=\"qwen-markdown-hr\"><hr \/><\/div><h3 class=\"qwen-markdown-heading\"><span class=\"qwen-markdown-text\">\ud83d\udccd Top-Lage: Nur wenige Schritte von der U-Bahn, dem Kongresszentrum und vielem mehr entfernt<\/span><\/h3><p class=\"qwen-markdown-paragraph\"><span class=\"qwen-markdown-text\">Die G\u00e4ste schw\u00e4rmen von der unschlagbaren Lage \u2013 eingebettet in <\/span><strong class=\"qwen-markdown-strong\"><span class=\"qwen-markdown-text\">Fuminstra\u00dfe Nr. 199<\/span><\/strong><span class=\"qwen-markdown-text\">, nur ein <\/span><strong class=\"qwen-markdown-strong\"><span class=\"qwen-markdown-text\">280 Meter Fu\u00dfweg zur U-Bahn-Station Shixia<\/span><\/strong><span class=\"qwen-markdown-text\"> (Zeilen 3 und 7), und nur <\/span><strong class=\"qwen-markdown-strong\"><span class=\"qwen-markdown-text\">2,9 km vom Bahnhof Futian entfernt<\/span><\/strong><span class=\"qwen-markdown-text\">. Ob Sie eine gro\u00dfe Messe besuchen oder die Skyline von Shenzhen erkunden, die Fortbewegung ist m\u00fchelos.<\/span><\/p><blockquote class=\"qwen-markdown-blockquote\"><p class=\"qwen-markdown-paragraph\"><em><span class=\"qwen-markdown-text\">\u201cGute Anbindung an die U-Bahn-Linien 3 und 7 sowie an nahegelegene Gesch\u00e4fte und Restaurants. Die Umgebung ist ruhig, sauber und stilvoll.\u201d<\/span><\/em><span class=\"qwen-markdown-text\"> Eine KI-gest\u00fctzte Zusammenfassung der Rezension basiert auf 3.609 G\u00e4stekommentaren.<\/span><\/p><\/blockquote><p class=\"qwen-markdown-paragraph\"><span class=\"qwen-markdown-text\">Die N\u00e4he zum COCO Park, zum Tiantai-Nachtmarkt und zum malerischen Futian Mangrove Ecological Park tr\u00e4gt zus\u00e4tzlich zur Attraktivit\u00e4t bei \u2013 wodurch Eeril sowohl zum Arbeiten als auch zum Entspannen ideal ist.<\/span><\/p><div class=\"qwen-markdown-hr\"><hr \/><\/div><h3 class=\"qwen-markdown-heading\"><span class=\"qwen-markdown-text\">\ud83d\udecf\ufe0f Zimmerkomfort: Modern, intelligent und ger\u00e4umig<\/span><\/h3><p class=\"qwen-markdown-paragraph\"><span class=\"qwen-markdown-text\">Mit 156 durchdacht gestalteten Zimmern \u2013 darunter Deluxe-Doppelzimmer, Zimmer im Herzschlag-Thema und Happy Dream-Zweibettzimmer \u2013 genie\u00dfen G\u00e4ste moderne Annehmlichkeiten wie:<\/span><\/p><ul class=\"qwen-markdown-list\" dir=\"auto\"><li><span class=\"qwen-markdown-text\">Intelligente Haussteuerung<\/span><\/li><li><span class=\"qwen-markdown-text\">Kostenloses Highspeed-WLAN<\/span><\/li><li><span class=\"qwen-markdown-text\">K\u00fchlschrank und Minibar<\/span><\/li><li><span class=\"qwen-markdown-text\">Schalldichte Fenster<\/span><\/li><li><span class=\"qwen-markdown-text\">Klimaanlage und private Badezimmer<\/span><\/li><\/ul><p class=\"qwen-markdown-paragraph\"><span class=\"qwen-markdown-text\">Viele Rezensenten heben die <\/span><strong class=\"qwen-markdown-strong\"><span class=\"qwen-markdown-text\">ruhige Atmosph\u00e4re<\/span><\/strong><span class=\"qwen-markdown-text\"> Und <\/span><strong class=\"qwen-markdown-strong\"><span class=\"qwen-markdown-text\">gro\u00dfz\u00fcgiges Raumgef\u00fchl<\/span><\/strong><span class=\"qwen-markdown-text\">, selbst in kleineren Zimmern wie dem 20\u201325 m\u00b2 gro\u00dfen Herzschlag-Themenzimmer. Ein Gast bemerkte: <\/span><\/p><blockquote class=\"qwen-markdown-blockquote\"><p class=\"qwen-markdown-paragraph\"><em><span class=\"qwen-markdown-text\">\u201cDie Zimmer werden durchweg als sauber, komfortabel und mit modernen Annehmlichkeiten ausgestattet beschrieben. Die ruhige und ger\u00e4umige Atmosph\u00e4re tr\u00e4gt zu einem erholsamen Aufenthalt bei.\u201d<\/span><\/em><\/p><\/blockquote><p class=\"qwen-markdown-paragraph\"><span class=\"qwen-markdown-text\">Ob Sie nun bis sp\u00e4t in die Nacht arbeiten oder nach einem langen Tag entspannen m\u00f6chten, Ihr Zimmer wird zu einer Oase der Ruhe.<\/span><\/p><div class=\"qwen-markdown-hr\"><hr \/><\/div><h3 class=\"qwen-markdown-heading\"><span class=\"qwen-markdown-text\">\ud83d\udc65 Exzellenter Service: Freundliches Personal &amp; moderne Technik<\/span><\/h3><p class=\"qwen-markdown-paragraph\"><span class=\"qwen-markdown-text\">Der Service erh\u00e4lt eine solide Bewertung. <\/span><strong class=\"qwen-markdown-strong\"><span class=\"qwen-markdown-text\">9.3\/10<\/span><\/strong><span class=\"qwen-markdown-text\">, Dank aufmerksamer, mehrsprachiger Mitarbeiter, die Englisch und Mandarin sprechen. Von der 24-Stunden-Rezeption bis hin zu Self-Check-in-Automaten und sogar <\/span><strong class=\"qwen-markdown-strong\"><span class=\"qwen-markdown-text\">Serviceroboter<\/span><\/strong><span class=\"qwen-markdown-text\"> Bei der Auslieferung von Waren verbindet Eeril menschliche W\u00e4rme mit intelligenter Technologie.<\/span><\/p><p class=\"qwen-markdown-paragraph\"><span class=\"qwen-markdown-text\">G\u00e4ste erw\u00e4hnen h\u00e4ufig die <\/span><strong class=\"qwen-markdown-strong\"><span class=\"qwen-markdown-text\">freundliches, hilfsbereites Personal<\/span><\/strong><span class=\"qwen-markdown-text\"> \u2014 eine seltene Perle inmitten gesch\u00e4ftiger Stadthotels. Wie ein Besucher es ausdr\u00fcckte: <\/span><\/p><blockquote class=\"qwen-markdown-blockquote\"><p class=\"qwen-markdown-paragraph\"><em><span class=\"qwen-markdown-text\">\u201cDer Service ist sehr nett und freundlich. Ich werde gerne wiederkommen und meinen Freunden das Hotel weiterempfehlen.\u201d<\/span><\/em><\/p><\/blockquote><p class=\"qwen-markdown-paragraph\"><span class=\"qwen-markdown-text\">Zwar schlagen einige wenige G\u00e4ste Verbesserungen bei der Leistung der Klimaanlage oder der Freundlichkeit des Personals vor, doch handelt es sich dabei um Ausnahmen inmitten eines \u00fcberwiegend positiven Feedbacks.<\/span><\/p><div class=\"qwen-markdown-hr\"><hr \/><\/div><h3 class=\"qwen-markdown-heading\"><span class=\"qwen-markdown-text\">\ud83c\udf7d\ufe0f Fr\u00fchst\u00fcck &amp; Speisen: Frisches chinesisches Buffet<\/span><\/h3><p class=\"qwen-markdown-paragraph\"><span class=\"qwen-markdown-text\">Beginnen Sie Ihren Tag mit einem k\u00f6stlichen <\/span><strong class=\"qwen-markdown-strong\"><span class=\"qwen-markdown-text\">Fr\u00fchst\u00fccksbuffet im chinesischen Stil<\/span><\/strong><span class=\"qwen-markdown-text\"> T\u00e4glich von 7:00 bis 10:00 Uhr ge\u00f6ffnet. F\u00fcr 38 CNY pro Erwachsenem bietet es eine ansprechende Auswahl an lokalen Spezialit\u00e4ten \u2013 perfekt vor Meetings oder Sightseeing.<\/span><\/p><p class=\"qwen-markdown-paragraph\"><span class=\"qwen-markdown-text\">F\u00fcr den kleinen Hunger sp\u00e4t in der Nacht oder den schnellen Snack zwischendurch sorgen die Lobbybar und der 24-Stunden-Zimmerservice daf\u00fcr, dass Sie nie weit von Erfrischungen entfernt sind.<\/span><\/p><div class=\"qwen-markdown-hr\"><hr \/><\/div><h3 class=\"qwen-markdown-heading\"><span class=\"qwen-markdown-text\">\ud83e\uddf3 Beeindruckende Vorteile f\u00fcr Gesch\u00e4ftskunden<\/span><\/h3><p class=\"qwen-markdown-paragraph\"><span class=\"qwen-markdown-text\">Fachleute sch\u00e4tzen Eeril wegen seiner reibungslosen Gesch\u00e4ftseinrichtungen:<\/span><\/p><ul class=\"qwen-markdown-list\" dir=\"auto\"><li><span class=\"qwen-markdown-text\"><strong class=\"qwen-markdown-strong\">Konferenz- und Multifunktionsr\u00e4ume<\/strong> mit Multimedia-Systemen<\/span><\/li><li><span class=\"qwen-markdown-text\"><strong class=\"qwen-markdown-strong\">Coworking-Spaces &amp; Business Center<\/strong><\/span><\/li><li><span class=\"qwen-markdown-text\"><strong class=\"qwen-markdown-strong\">Fax-\/Kopierservice und Sekretariatsdienste<\/strong><\/span><\/li><li><span class=\"qwen-markdown-text\"><strong class=\"qwen-markdown-strong\">Ladestation f\u00fcr Elektrofahrzeuge und kostenlose \u00f6ffentliche Parkpl\u00e4tze<\/strong><\/span><\/li><\/ul><p class=\"qwen-markdown-paragraph\"><span class=\"qwen-markdown-text\">Ein Gesch\u00e4ftsreisender kommentierte: <\/span><\/p><blockquote class=\"qwen-markdown-blockquote\"><p class=\"qwen-markdown-paragraph\"><em><span class=\"qwen-markdown-text\">\u201cPerfekt f\u00fcr Konferenzen \u2013 einfacher Zugang zum Ausstellungszentrum und tolle Tagungsr\u00e4ume. Die Mitarbeiter haben alles reibungslos organisiert.\u201d<\/span><\/em><\/p><\/blockquote><div class=\"qwen-markdown-hr\"><hr \/><\/div><h3 class=\"qwen-markdown-heading\"><span class=\"qwen-markdown-text\">\ud83d\udcbc Ideal f\u00fcr Paare, Alleinreisende und Familien<\/span><\/h3><p class=\"qwen-markdown-paragraph\"><span class=\"qwen-markdown-text\">Das Eeril ist zwar besonders bei Paaren beliebt (wie in der Objektbeschreibung erw\u00e4hnt), hei\u00dft aber G\u00e4ste jeden Alters willkommen. Kinder unter 1,20 m fr\u00fchst\u00fccken kostenlos, und die ruhige, saubere Atmosph\u00e4re des Hotels macht es auch f\u00fcr Familien geeignet.<\/span><\/p><p class=\"qwen-markdown-paragraph\"><span class=\"qwen-markdown-text\">Alleinreisende sch\u00e4tzen die Sicherheit, die Privatsph\u00e4re und die technischen Ausstattungsmerkmale, w\u00e4hrend Gruppen von flexiblen Zimmeroptionen und der zentralen Lage profitieren.<\/span><\/p><div class=\"qwen-markdown-hr\"><hr \/><\/div><h3 class=\"qwen-markdown-heading\"><span class=\"qwen-markdown-text\">\u2b50 Was zeichnet Eeril aus? Eine Zusammenfassung der G\u00e4stemeinungen<\/span><\/h3><p class=\"qwen-markdown-paragraph\"><span class=\"qwen-markdown-text\">Basierend auf Tausenden von Bewertungen ist dies das, was G\u00e4ste am meisten lieben:<\/span><\/p><p class=\"qwen-markdown-paragraph\"><span class=\"qwen-markdown-text\">\u2705 <\/span><strong class=\"qwen-markdown-strong\"><span class=\"qwen-markdown-text\">Au\u00dfergew\u00f6hnliche Sauberkeit<\/span><\/strong><span class=\"qwen-markdown-text\"> \u2013 Durchgehend mit 9,4\/10 bewertet<\/span><br \/><span class=\"qwen-markdown-text\">\u2705 <\/span><strong class=\"qwen-markdown-strong\"><span class=\"qwen-markdown-text\">Erstklassige Lage<\/span><\/strong><span class=\"qwen-markdown-text\"> \u2013 Zu Fu\u00df erreichbar: U-Bahn, Bahnhof und Sehensw\u00fcrdigkeiten<\/span><br \/><span class=\"qwen-markdown-text\">\u2705 <\/span><strong class=\"qwen-markdown-strong\"><span class=\"qwen-markdown-text\">Intelligente, moderne R\u00e4ume<\/span><\/strong><span class=\"qwen-markdown-text\"> \u2013 Ruhig, ger\u00e4umig, technisch ausgestattet<\/span><br \/><span class=\"qwen-markdown-text\">\u2705 <\/span><strong class=\"qwen-markdown-strong\"><span class=\"qwen-markdown-text\">Freundliches, hilfsbereites Personal<\/span><\/strong><span class=\"qwen-markdown-text\"> \u2013 Mehrsprachig und reaktionsschnell<\/span><br \/><span class=\"qwen-markdown-text\">\u2705 <\/span><strong class=\"qwen-markdown-strong\"><span class=\"qwen-markdown-text\">Gesch\u00e4ftsbereit<\/span><\/strong><span class=\"qwen-markdown-text\"> \u2013 Besprechungsr\u00e4ume, Ladestationen f\u00fcr Elektrofahrzeuge, Coworking-Bereiche<\/span><br \/><span class=\"qwen-markdown-text\">\u2705 <\/span><strong class=\"qwen-markdown-strong\"><span class=\"qwen-markdown-text\">Preis-Leistungs-Verh\u00e4ltnis<\/span><\/strong><span class=\"qwen-markdown-text\"> \u2013 Wettbewerbsf\u00e4hige Preise f\u00fcr ein 4-Sterne-Erlebnis <\/span><\/p><div class=\"qwen-markdown-hr\"><hr \/><\/div><h3 class=\"qwen-markdown-heading\"><span class=\"qwen-markdown-text\">\u2753 H\u00e4ufig gestellte Fragen, beantwortet von echten G\u00e4sten<\/span><\/h3><p class=\"qwen-markdown-paragraph\"><strong class=\"qwen-markdown-strong\"><span class=\"qwen-markdown-text\">F: Gibt es einen Pool?<\/span><\/strong><br \/><span class=\"qwen-markdown-text\">A: Nein, das Eeril Hotel verf\u00fcgt nicht \u00fcber einen Swimmingpool.<\/span><\/p><div class=\"qwen-markdown-space\">\u00a0<\/div><p class=\"qwen-markdown-paragraph\"><strong class=\"qwen-markdown-strong\"><span class=\"qwen-markdown-text\">F: Sind Haustiere erlaubt?<\/span><\/strong><br \/><span class=\"qwen-markdown-text\">A: Haustiere sind nicht erlaubt, Assistenztiere sind auf Anfrage jedoch willkommen.<\/span><\/p><div class=\"qwen-markdown-space\">\u00a0<\/div><p class=\"qwen-markdown-paragraph\"><strong class=\"qwen-markdown-strong\"><span class=\"qwen-markdown-text\">F: Wann sind die Check-in-\/Check-out-Zeiten?<\/span><\/strong><br \/><span class=\"qwen-markdown-text\">A: Einchecken ab 14:00 Uhr, Auschecken vor 12:00 Uhr. Selbstbedienungs-Check-in-Automaten vorhanden.<\/span><\/p><div class=\"qwen-markdown-space\">\u00a0<\/div><p class=\"qwen-markdown-paragraph\"><strong class=\"qwen-markdown-strong\"><span class=\"qwen-markdown-text\">F: Bietet das Hotel Flughafentransfers an?<\/span><\/strong><br \/><span class=\"qwen-markdown-text\">A: Nein, es werden keine Flughafentransfers angeboten.<\/span><\/p><div class=\"qwen-markdown-space\">\u00a0<\/div><div class=\"qwen-markdown-hr\"><hr \/><\/div><div class=\"qwen-markdown-space\">\u00a0<\/div><h3 class=\"qwen-markdown-heading\"><span class=\"qwen-markdown-text\">\ud83d\udcc8 Endergebnis: Warum \u00fcber 10.685 Reisende dem Eeril Hotel \u201cJa\u201d sagen.<\/span><\/h3><p class=\"qwen-markdown-paragraph\"><span class=\"qwen-markdown-text\">In einer so schnelllebigen und wettbewerbsintensiven Stadt wie Shenzhen ist es schwierig, ein Hotel zu finden, das die Balance h\u00e4lt <\/span><strong class=\"qwen-markdown-strong\"><span class=\"qwen-markdown-text\">Lage, Komfort, Sauberkeit und Service<\/span><\/strong><span class=\"qwen-markdown-text\"> Das ist keine Kleinigkeit. Das Eeril Hotel (Futian Convention and Exhibition Center Branch) erf\u00fcllt diese Standards nicht nur \u2013 es setzt sie.<\/span><\/p><p class=\"qwen-markdown-paragraph\"><span class=\"qwen-markdown-text\">Ob Sie eine Messe besuchen, einen Gesch\u00e4ftsabschluss erzielen oder einfach nur die Energie von Chinas Innovationshauptstadt aufsaugen m\u00f6chten \u2013 das Eeril bietet die perfekte Kombination aus intelligenter Technologie, durchdachtem Design und herzlicher Gastfreundschaft. Mit einer Bewertung von 9,4\/10 Punkten und \u00fcber 10.000 authentischen Rezensionen ist klar: Dies ist nicht einfach nur ein Hotel \u2013 es ist Ihr idealer Ausgangspunkt f\u00fcr Erfolg und Entspannung im Herzen von Futian.<\/span><\/p><p class=\"qwen-markdown-paragraph\"><strong class=\"qwen-markdown-strong\"><span class=\"qwen-markdown-text\">Buchen Sie noch heute Ihren Aufenthalt \u2013 schlie\u00dfen Sie sich den Tausenden von Reisenden an, die bereits entdeckt haben, warum das Eeril Hotel so viel besser ist als alle anderen.<\/span><\/strong><\/p>\t\t\t\t\t\t\t\t<\/div>\n\t\t\t\t\t<\/div>\n\t\t\t\t<\/div>\n\t\t\t\t<\/div>","protected":false},"excerpt":{"rendered":"<p>Eeril Hotel (Shenzhen Futian Convention and Exhibition Center Branch) \u2013 Real Guest Experiences &amp; Reviews: Why 10,685+ Travelers Rate It 9.4\/10 When choosing a hotel in Shenzhen\u2019s bustling Futian District \u2014 especially near the massive Convention and Exhibition Center \u2014 traveler reviews are your most trusted compass. And at Eeril Hotel (Futian Branch), guests aren\u2019t [&hellip;]<\/p>\n","protected":false},"author":1,"featured_media":0,"parent":0,"menu_order":0,"comment_status":"closed","ping_status":"closed","template":"","meta":{"footnotes":""},"class_list":["post-2106","page","type-page","status-publish","hentry","post-no-thumbnail"],"_links":{"self":[{"href":"https:\/\/eerilhotel.com\/de\/wp-json\/wp\/v2\/pages\/2106","targetHints":{"allow":["GET"]}}],"collection":[{"href":"https:\/\/eerilhotel.com\/de\/wp-json\/wp\/v2\/pages"}],"about":[{"href":"https:\/\/eerilhotel.com\/de\/wp-json\/wp\/v2\/types\/page"}],"author":[{"embeddable":true,"href":"https:\/\/eerilhotel.com\/de\/wp-json\/wp\/v2\/users\/1"}],"replies":[{"embeddable":true,"href":"https:\/\/eerilhotel.com\/de\/wp-json\/wp\/v2\/comments?post=2106"}],"version-history":[{"count":0,"href":"https:\/\/eerilhotel.com\/de\/wp-json\/wp\/v2\/pages\/2106\/revisions"}],"wp:attachment":[{"href":"https:\/\/eerilhotel.com\/de\/wp-json\/wp\/v2\/media?parent=2106"}],"curies":[{"name":"wp","href":"https:\/\/api.w.org\/{rel}","templated":true}]}}