{"id":612,"date":"2021-03-26T10:04:13","date_gmt":"2021-03-26T10:04:13","guid":{"rendered":"http:\/\/localhost\/nuss\/?page_id=612"},"modified":"2025-12-14T14:07:33","modified_gmt":"2025-12-14T14:07:33","slug":"restaurant","status":"publish","type":"page","link":"https:\/\/eerilhotel.com\/de\/restaurant\/","title":{"rendered":"Restaurant"},"content":{"rendered":"<div data-elementor-type=\"wp-page\" data-elementor-id=\"612\" class=\"elementor elementor-612\">\n\t\t\t\t\t\t<section class=\"elementor-section elementor-top-section elementor-element elementor-element-e2effe8 elementor-section-boxed elementor-section-gap-beside-yes elementor-section-height-default elementor-section-height-default elementor-section-column-vertical-align-stretch\" data-id=\"e2effe8\" data-element_type=\"section\" data-e-type=\"section\">\n\t\t\t\t\t\t<div class=\"elementor-container elementor-column-gap-extended\">\n\t\t\t\t\t<div class=\"elementor-column elementor-col-100 elementor-top-column elementor-element elementor-element-e18f688\" data-id=\"e18f688\" data-element_type=\"column\" data-e-type=\"column\">\n\t\t\t<div class=\"elementor-widget-wrap elementor-element-populated\">\n\t\t\t\t\t\t<div class=\"elementor-element elementor-element-6db146d elementor-widget__width-initial elementor-invisible elementor-widget elementor-widget-text-editor\" data-id=\"6db146d\" data-element_type=\"widget\" data-e-type=\"widget\" data-settings=\"{&quot;_animation&quot;:&quot;nussFadeInUp&quot;}\" data-widget_type=\"text-editor.default\">\n\t\t\t\t\t\t\t\t\t<div class=\"svelte-1c06zsf\" data-lang-code=\"\"><p class=\"qwen-markdown-paragraph\" data-spm-anchor-id=\"a2ty_o01.29997173.0.i59.7aab5171oMV61N\"><strong class=\"qwen-markdown-strong\"><span class=\"qwen-markdown-text\">Beginnen Sie Ihren Tag perfekt: Genie\u00dfen Sie die Aromen von Shenzhen im hoteleigenen Restaurant des Eeril Hotels.<\/span><\/strong><\/p><\/div>\t\t\t\t\t\t\t\t<\/div>\n\t\t\t\t\t<\/div>\n\t\t<\/div>\n\t\t\t\t\t<\/div>\n\t\t<\/section>\n\t\t<div class=\"elementor-element elementor-element-764955e e-flex e-con-boxed e-con e-parent\" data-id=\"764955e\" data-element_type=\"container\" data-e-type=\"container\">\n\t\t\t\t\t<div class=\"e-con-inner\">\n\t\t<div class=\"elementor-element elementor-element-3a71d84 e-con-full e-flex e-con e-child\" data-id=\"3a71d84\" data-element_type=\"container\" data-e-type=\"container\">\n\t\t\t\t<div class=\"elementor-element elementor-element-81a00fb elementor-widget elementor-widget-text-editor\" data-id=\"81a00fb\" data-element_type=\"widget\" data-e-type=\"widget\" data-widget_type=\"text-editor.default\">\n\t\t\t\t\t\t\t\t\t<p class=\"qwen-markdown-paragraph\"><span class=\"qwen-markdown-text\" data-spm-anchor-id=\"a2ty_o01.29997173.0.i57.7aab5171oMV61N\">Eingebettet im pulsierenden Herzen des Futian-Distrikts, <\/span><strong class=\"qwen-markdown-strong\"><span class=\"qwen-markdown-text\">Eeril Hotel (Filiale Shenzhen Futian Convention and Exhibition Center)<\/span><\/strong><span class=\"qwen-markdown-text\"> Unser Hotel bietet nicht nur komfortable Zimmer und einen reibungslosen Service, sondern begr\u00fc\u00dft Sie jeden Morgen mit einem k\u00f6stlichen und energiespendenden Start in den Tag in unserem einladenden Restaurant. Ob Sie als Gesch\u00e4ftsreisender zu einem Meeting im nahegelegenen Shenzhen Convention and Exhibition Center eilen oder als Urlauber den COCO Park und den Futian Mangrove Ecological Park erkunden m\u00f6chten \u2013 unser Restaurant ist darauf ausgerichtet, Sie mit authentischen lokalen Aromen, herzlicher Gastfreundschaft und modernem Komfort f\u00fcr Ihre Abenteuer zu st\u00e4rken.<\/span><\/p><div class=\"qwen-markdown-space\">\u00a0<\/div><p class=\"qwen-markdown-paragraph\"><span class=\"qwen-markdown-text\">Befindet sich in <\/span><strong class=\"qwen-markdown-strong\"><span class=\"qwen-markdown-text\">Fuminstra\u00dfe Nr. 199<\/span><\/strong><span class=\"qwen-markdown-text\">, Unser Hotel liegt nur 280 Meter von der U-Bahn-Station Shixia entfernt \u2013 ideal f\u00fcr G\u00e4ste, die Wert auf Lage und Komfort legen. Und wie k\u00f6nnte man seine Reise nach Shenzhen besser beginnen als mit einem leckeren Fr\u00fchst\u00fcck direkt in seinem Zimmer?<\/span><\/p>\t\t\t\t\t\t\t\t<\/div>\n\t\t\t\t<\/div>\n\t\t<div class=\"elementor-element elementor-element-bb76a06 e-con-full e-flex e-con e-child\" data-id=\"bb76a06\" data-element_type=\"container\" data-e-type=\"container\">\n\t\t\t\t<div class=\"elementor-element elementor-element-636ac5f elementor-widget elementor-widget-image\" data-id=\"636ac5f\" data-element_type=\"widget\" data-e-type=\"widget\" data-widget_type=\"image.default\">\n\t\t\t\t\t\t\t\t\t\t\t\t\t\t\t<img fetchpriority=\"high\" decoding=\"async\" width=\"1024\" height=\"752\" src=\"https:\/\/eerilhotel.com\/wp-content\/uploads\/2025\/12\/Eeril-hotel-67-1024x752.webp\" class=\"attachment-large size-large wp-image-7258\" alt=\"\" srcset=\"https:\/\/eerilhotel.com\/wp-content\/uploads\/2025\/12\/Eeril-hotel-67-1024x752.webp 1024w, https:\/\/eerilhotel.com\/wp-content\/uploads\/2025\/12\/Eeril-hotel-67-300x220.webp 300w, https:\/\/eerilhotel.com\/wp-content\/uploads\/2025\/12\/Eeril-hotel-67-768x564.webp 768w, https:\/\/eerilhotel.com\/wp-content\/uploads\/2025\/12\/Eeril-hotel-67-16x12.webp 16w, https:\/\/eerilhotel.com\/wp-content\/uploads\/2025\/12\/Eeril-hotel-67.webp 1161w\" sizes=\"(max-width: 1024px) 100vw, 1024px\" \/>\t\t\t\t\t\t\t\t\t\t\t\t\t\t\t<\/div>\n\t\t\t\t<\/div>\n\t\t\t\t\t<\/div>\n\t\t\t\t<\/div>\n\t\t<div class=\"elementor-element elementor-element-e5626a7 e-flex e-con-boxed e-con e-parent\" data-id=\"e5626a7\" data-element_type=\"container\" data-e-type=\"container\">\n\t\t\t\t\t<div class=\"e-con-inner\">\n\t\t\t\t<div class=\"elementor-element elementor-element-4ac24e6 elementor-widget elementor-widget-nuss-image-gallery\" data-id=\"4ac24e6\" data-element_type=\"widget\" data-e-type=\"widget\" data-widget_type=\"nuss-image-gallery.default\">\n\t\t\t\t<div class=\"elementor-widget-container\">\n\t\t\t\t\t\t\t<div class=\"nuss-grid-wrapper\" data-grid=\"{&quot;type&quot;:&quot;grid&quot;,&quot;ratio&quot;:null,&quot;columns&quot;:3,&quot;gutter&quot;:30}\">\r\n\t\t\t<div class=\"nuss-grid lazy-grid\">\r\n\t\t\t\t<div class=\"grid-sizer\"><\/div>\r\n\r\n\t\t\t\t\t\t\t\t\t\t\t\t<div class=\"grid-item\">\r\n\t\t\t\t\t\t<div class=\"nuss-box\">\t\t<div class=\"nuss-image image\">\r\n\t\t\t<img decoding=\"async\"  src=\"https:\/\/eerilhotel.com\/wp-content\/uploads\/2025\/12\/Eeril-hotel-77.webp\" alt=\"Hotel Eeril (77)\" \/>\t\t<\/div>\r\n\t\t\t\t<\/div>\t\t\t\t\t<\/div>\r\n\t\t\t\t\t\t<div class=\"grid-item\">\r\n\t\t\t\t\t\t<div class=\"nuss-box\">\t\t<div class=\"nuss-image image\">\r\n\t\t\t<img decoding=\"async\"  src=\"https:\/\/eerilhotel.com\/wp-content\/uploads\/2025\/12\/Eeril-hotel-76.webp\" alt=\"Hotel Eeril (76)\" \/>\t\t<\/div>\r\n\t\t\t\t<\/div>\t\t\t\t\t<\/div>\r\n\t\t\t\t\t\t<div class=\"grid-item\">\r\n\t\t\t\t\t\t<div class=\"nuss-box\">\t\t<div class=\"nuss-image image\">\r\n\t\t\t<img decoding=\"async\"  src=\"https:\/\/eerilhotel.com\/wp-content\/uploads\/2025\/12\/Eeril-hotel-73.webp\" alt=\"Hotel Eeril (73)\" \/>\t\t<\/div>\r\n\t\t\t\t<\/div>\t\t\t\t\t<\/div>\r\n\t\t\t\t\t\t<div class=\"grid-item\">\r\n\t\t\t\t\t\t<div class=\"nuss-box\">\t\t<div class=\"nuss-image image\">\r\n\t\t\t<img decoding=\"async\"  src=\"https:\/\/eerilhotel.com\/wp-content\/uploads\/2025\/12\/Eeril-hotel-72.webp\" alt=\"Hotel Eeril (72)\" \/>\t\t<\/div>\r\n\t\t\t\t<\/div>\t\t\t\t\t<\/div>\r\n\t\t\t\t\t\t<div class=\"grid-item\">\r\n\t\t\t\t\t\t<div class=\"nuss-box\">\t\t<div class=\"nuss-image image\">\r\n\t\t\t<img decoding=\"async\"  src=\"https:\/\/eerilhotel.com\/wp-content\/uploads\/2025\/12\/Eeril-hotel-69.webp\" alt=\"Hotel Eeril (69)\" \/>\t\t<\/div>\r\n\t\t\t\t<\/div>\t\t\t\t\t<\/div>\r\n\t\t\t\t\t\t<div class=\"grid-item\">\r\n\t\t\t\t\t\t<div class=\"nuss-box\">\t\t<div class=\"nuss-image image\">\r\n\t\t\t<img decoding=\"async\"  src=\"https:\/\/eerilhotel.com\/wp-content\/uploads\/2025\/12\/Eeril-hotel-61.webp\" alt=\"Hotel Eeril (61)\" \/>\t\t<\/div>\r\n\t\t\t\t<\/div>\t\t\t\t\t<\/div>\r\n\t\t\t\t\t\t<div class=\"grid-item\">\r\n\t\t\t\t\t\t<div class=\"nuss-box\">\t\t<div class=\"nuss-image image\">\r\n\t\t\t<img decoding=\"async\"  src=\"https:\/\/eerilhotel.com\/wp-content\/uploads\/2025\/12\/Eeril-hotel-54.webp\" alt=\"Hotel Eeril (54)\" \/>\t\t<\/div>\r\n\t\t\t\t<\/div>\t\t\t\t\t<\/div>\r\n\t\t\t\t\t\t<div class=\"grid-item\">\r\n\t\t\t\t\t\t<div class=\"nuss-box\">\t\t<div class=\"nuss-image image\">\r\n\t\t\t<img decoding=\"async\"  src=\"https:\/\/eerilhotel.com\/wp-content\/uploads\/2025\/12\/Eeril-hotel-53.webp\" alt=\"Hotel Eeril (53)\" \/>\t\t<\/div>\r\n\t\t\t\t<\/div>\t\t\t\t\t<\/div>\r\n\t\t\t\t\t\t<div class=\"grid-item\">\r\n\t\t\t\t\t\t<div class=\"nuss-box\">\t\t<div class=\"nuss-image image\">\r\n\t\t\t<img decoding=\"async\"  src=\"https:\/\/eerilhotel.com\/wp-content\/uploads\/2025\/12\/Eeril-hotel-52.webp\" alt=\"Hotel Eeril (52)\" \/>\t\t<\/div>\r\n\t\t\t\t<\/div>\t\t\t\t\t<\/div>\r\n\t\t\t\t\t\t<div class=\"grid-item\">\r\n\t\t\t\t\t\t<div class=\"nuss-box\">\t\t<div class=\"nuss-image image\">\r\n\t\t\t<img decoding=\"async\"  src=\"https:\/\/eerilhotel.com\/wp-content\/uploads\/2025\/12\/Eeril-hotel-50.webp\" alt=\"Eeril Hotel (50)\" \/>\t\t<\/div>\r\n\t\t\t\t<\/div>\t\t\t\t\t<\/div>\r\n\t\t\t\t\t\t<div class=\"grid-item\">\r\n\t\t\t\t\t\t<div class=\"nuss-box\">\t\t<div class=\"nuss-image image\">\r\n\t\t\t<img decoding=\"async\"  src=\"https:\/\/eerilhotel.com\/wp-content\/uploads\/2025\/12\/Eeril-hotel-45.webp\" alt=\"Hotel Eeril (45)\" \/>\t\t<\/div>\r\n\t\t\t\t<\/div>\t\t\t\t\t<\/div>\r\n\t\t\t\t\t\t<div class=\"grid-item\">\r\n\t\t\t\t\t\t<div class=\"nuss-box\">\t\t<div class=\"nuss-image image\">\r\n\t\t\t<img decoding=\"async\"  src=\"https:\/\/eerilhotel.com\/wp-content\/uploads\/2025\/12\/Eeril-hotel-44.webp\" alt=\"Hotel Eeril (44)\" \/>\t\t<\/div>\r\n\t\t\t\t<\/div>\t\t\t\t\t<\/div>\r\n\t\t\t\t\t\t\t\r\n\t\t\t<\/div>\r\n\t\t<\/div>\r\n\t\t\t\t\t\t<\/div>\n\t\t\t\t<\/div>\n\t\t\t\t\t<\/div>\n\t\t\t\t<\/div>\n\t\t<div class=\"elementor-element elementor-element-d05381b e-flex e-con-boxed e-con e-parent\" data-id=\"d05381b\" data-element_type=\"container\" data-e-type=\"container\">\n\t\t\t\t\t<div class=\"e-con-inner\">\n\t\t\t\t<div class=\"elementor-element elementor-element-53bd849 elementor-widget elementor-widget-text-editor\" data-id=\"53bd849\" data-element_type=\"widget\" data-e-type=\"widget\" data-widget_type=\"text-editor.default\">\n\t\t\t\t\t\t\t\t\t<h3 class=\"qwen-markdown-heading\"><span class=\"qwen-markdown-text\" data-spm-anchor-id=\"a2ty_o01.29997173.0.i62.7aab5171oMV61N\">\ud83c\udf73 Ein frisches Fr\u00fchst\u00fccksbuffet im chinesischen Stil \u2013 perfekt f\u00fcr moderne Reisende<\/span><\/h3><p class=\"qwen-markdown-paragraph\"><span class=\"qwen-markdown-text\">Unser t\u00e4glicher <\/span><strong class=\"qwen-markdown-strong\"><span class=\"qwen-markdown-text\">Fr\u00fchst\u00fccksbuffet im chinesischen Stil<\/span><\/strong><span class=\"qwen-markdown-text\"> ist mehr als nur eine Mahlzeit \u2013 es ist ein Erlebnis. Serviert von <\/span><strong class=\"qwen-markdown-strong\"><span class=\"qwen-markdown-text\">7:00 Uhr bis 10:00 Uhr<\/span><\/strong><span class=\"qwen-markdown-text\">, Das Buffet bietet eine sorgf\u00e4ltig zusammengestellte Auswahl lokaler Spezialit\u00e4ten, die das reiche kulinarische Erbe der Provinz Guangdong widerspiegeln:<\/span><\/p><ul class=\"qwen-markdown-list\" dir=\"auto\" data-spm-anchor-id=\"a2ty_o01.29997173.0.i61.7aab5171oMV61N\"><li><span class=\"qwen-markdown-text\">Dampfende Sch\u00fcsseln mit Congee, eingelegtem Gem\u00fcse und Jahrhundert-Eiern<\/span><\/li><li><span class=\"qwen-markdown-text\">Frisch zubereitete Dim Sum \u2013 perfekt ged\u00e4mpfte Teigtaschen, Br\u00f6tchen und Reismehlrollen<\/span><\/li><li><span class=\"qwen-markdown-text\">Herzhafte Nudelsuppen und gebratene Reisgerichte<\/span><\/li><li><span class=\"qwen-markdown-text\">Knusprig frittierte Teigstangen (Youtiao) und weiche Mantou-Br\u00f6tchen<\/span><\/li><li><span class=\"qwen-markdown-text\">Saisonales Obst, Joghurt, Geb\u00e4ck und gekochte Eier<\/span><\/li><li><span class=\"qwen-markdown-text\">Hei\u00dfer Tee, Kaffee und frische S\u00e4fte f\u00fcr einen guten Start in den Tag<\/span><\/li><\/ul><p class=\"qwen-markdown-paragraph\"><span class=\"qwen-markdown-text\">Zum Preis von nur <\/span><strong class=\"qwen-markdown-strong\"><span class=\"qwen-markdown-text\">38 CNY pro Erwachsenem<\/span><\/strong><span class=\"qwen-markdown-text\"> (ungef\u00e4hr 1 TP4T5,40 USD), ist es nicht nur erschwinglich, sondern auch reichlich vorhanden \u2013 perfekt f\u00fcr G\u00e4ste, die ein herzhaftes, kulturell bereicherndes Fr\u00fchst\u00fcck genie\u00dfen m\u00f6chten, bevor sie in die Stadt aufbrechen.<\/span><\/p><p class=\"qwen-markdown-paragraph\"><span class=\"qwen-markdown-text\">Kinder unter 1,2 m essen kostenlos; Kinder zwischen 1,2 und 1,5 m zahlen 19 CNY \u2013 was das Restaurant auch familienfreundlich macht.<\/span><\/p><div class=\"qwen-markdown-hr\"><hr \/><\/div><h3 class=\"qwen-markdown-heading\"><span class=\"qwen-markdown-text\">\u2615 Mehr als nur Fr\u00fchst\u00fcck \u2013 Snacks, Getr\u00e4nke &amp; Zimmerservice, jederzeit<\/span><\/h3><p class=\"qwen-markdown-paragraph\"><span class=\"qwen-markdown-text\">Fr\u00fchst\u00fcck ist zwar unser Aush\u00e4ngeschild, aber wir wissen, dass der Hunger nicht immer p\u00fcnktlich kommt. Deshalb haben wir unsere Speiseangebote so gestaltet, dass sie sich Ihrem Lebensstil anpassen:<\/span><\/p><ul class=\"qwen-markdown-list\" dir=\"auto\"><li><span class=\"qwen-markdown-text\"><strong class=\"qwen-markdown-strong\">Lobbybar<\/strong>Entspannen Sie sich nach einem langen Tag bei einem erfrischenden Getr\u00e4nk oder einem leichten Snack in unserer gem\u00fctlichen, modernen Lounge.<\/span><\/li><li><span class=\"qwen-markdown-text\"><strong class=\"qwen-markdown-strong\">24-Stunden-Zimmerservice<\/strong>Lust auf Nudeln um Mitternacht? Brauchen Sie schnell einen Kaffee vor Ihrem fr\u00fchen Flug? Unsere Zimmerservicekarte steht Ihnen rund um die Uhr zur Verf\u00fcgung \u2013 denn Komfort sollte keine \u00d6ffnungszeiten haben.<\/span><\/li><li><span class=\"qwen-markdown-text\"><strong class=\"qwen-markdown-strong\">Imbiss und Verkaufsautomaten<\/strong>: Holen Sie sich unterwegs einen Snack oder ein Getr\u00e4nk an unserer gut sortierten Snackbar oder an den Verkaufsautomaten, die in den \u00f6ffentlichen Bereichen verteilt sind.<\/span><\/li><\/ul><p class=\"qwen-markdown-paragraph\"><span class=\"qwen-markdown-text\">Egal, ob Sie einen Arbeitstag durchstehen oder sich von einer durchtanzten Nacht auf dem Tiantai-Nachtmarkt erholen m\u00f6chten, unser Speise- und Getr\u00e4nkeangebot ist genau auf Ihre Bed\u00fcrfnisse zugeschnitten \u2013 und das alles, ohne dass Sie das Hotel verlassen m\u00fcssen.<\/span><\/p><div class=\"qwen-markdown-hr\"><hr \/><\/div><h3 class=\"qwen-markdown-heading\"><span class=\"qwen-markdown-text\">\ud83c\udf3f Liebevolle Aufmerksamkeiten f\u00fcr jeden Gast<\/span><\/h3><p class=\"qwen-markdown-paragraph\"><span class=\"qwen-markdown-text\">Wir wissen, dass Reisende heutzutage mehr als nur gutes Essen erwarten \u2013 sie w\u00fcnschen sich Komfort, Sauberkeit und individuelle Betreuung. Deshalb ist unser Restaurantbereich so gestaltet, dass er folgende Kriterien erf\u00fcllt:<\/span><\/p><ul class=\"qwen-markdown-list\" dir=\"auto\"><li><span class=\"qwen-markdown-text\"><strong class=\"qwen-markdown-strong\">Saubere, helle Innenr\u00e4ume<\/strong> die unsere Sauberkeitsbewertung von 9,4\/10 widerspiegeln \u2013 gelobt von \u00fcber 10.685 G\u00e4sten<\/span><\/li><li><span class=\"qwen-markdown-text\"><strong class=\"qwen-markdown-strong\">Ger\u00e4umige Sitzpl\u00e4tze<\/strong> mit nat\u00fcrlichem Licht, das durch gro\u00dfe Fenster str\u00f6mt<\/span><\/li><li><span class=\"qwen-markdown-text\"><strong class=\"qwen-markdown-strong\">Mehrsprachiges Personal<\/strong> Wir helfen Ihnen gerne bei Ern\u00e4hrungsw\u00fcnschen oder -empfehlungen.<\/span><\/li><li><span class=\"qwen-markdown-text\"><strong class=\"qwen-markdown-strong\">Kostenloses WLAN<\/strong> So k\u00f6nnen Sie w\u00e4hrend des Essens Ihre E-Mails checken oder Ihren n\u00e4chsten Stopp planen.<\/span><\/li><\/ul><p class=\"qwen-markdown-paragraph\"><span class=\"qwen-markdown-text\">Die G\u00e4ste heben immer wieder hervor, wie \u201cdie Atmosph\u00e4re ruhig, sauber und stilvoll ist\u201d \u2013 was zu dem insgesamt angenehmen Speiseerlebnis im Eeril Hotel beitr\u00e4gt.<\/span><\/p><div class=\"qwen-markdown-hr\"><hr \/><\/div><h3 class=\"qwen-markdown-heading\"><span class=\"qwen-markdown-text\">\ud83d\udccd Perfekt gelegen f\u00fcr Gesch\u00e4fts- und Freizeitrestaurants<\/span><\/h3><p class=\"qwen-markdown-paragraph\"><span class=\"qwen-markdown-text\">Unsere Lage macht uns ideal f\u00fcr:<\/span><\/p><ul class=\"qwen-markdown-list\" dir=\"auto\"><li><span class=\"qwen-markdown-text\"><strong class=\"qwen-markdown-strong\">Konferenzteilnehmer<\/strong>Spazieren Sie zum Shenzhen Convention and Exhibition Center und kehren Sie anschlie\u00dfend f\u00fcr ein entspanntes Fr\u00fchst\u00fcck oder eine Erfrischung nach der Veranstaltung zur\u00fcck.<\/span><\/li><li><span class=\"qwen-markdown-text\"><strong class=\"qwen-markdown-strong\">Shoppingbegeisterte<\/strong>Tanken Sie auf, bevor Sie den COCO Park oder das Einkaufszentrum Xinghe besuchen \u2013 beide sind nur wenige Minuten entfernt.<\/span><\/li><li><span class=\"qwen-markdown-text\"><strong class=\"qwen-markdown-strong\">Naturliebhaber<\/strong>Genie\u00dfen Sie ein entspanntes Fr\u00fchst\u00fcck, bevor Sie durch den beschaulichen Futian Mangrove Ecological Park schlendern.<\/span><\/li><li><span class=\"qwen-markdown-text\"><strong class=\"qwen-markdown-strong\">Familien und Paare<\/strong>Das entspannte Ambiente und die kinderfreundlichen Preise machen es zu einem beliebten Ziel f\u00fcr Paare und Familien.<\/span><\/li><\/ul><p class=\"qwen-markdown-paragraph\"><span class=\"qwen-markdown-text\">Ein k\u00fcrzlich erschienener Gast schw\u00e4rmte: <\/span><\/p><blockquote class=\"qwen-markdown-blockquote\"><p class=\"qwen-markdown-paragraph\"><em><span class=\"qwen-markdown-text\">\u201cDas Zimmer ist sehr gut, der Service ist nett und freundlich. Ich werde mit meinen Freunden wiederkommen und das Hotel jedem weiterempfehlen.\u201d<\/span><\/em><\/p><\/blockquote><p class=\"qwen-markdown-paragraph\"><span class=\"qwen-markdown-text\">Und viele andere teilen diese Ansicht \u2013 sie loben nicht nur das Essen, sondern das gesamte kulinarische Erlebnis als \u201cangenehm\u201d, \u201ck\u00f6stlich\u201d und \u201cperfekt getimt\u201d.\u201d<\/span><\/p><div class=\"qwen-markdown-hr\"><hr \/><\/div><h3 class=\"qwen-markdown-heading\"><span class=\"qwen-markdown-text\">\ud83d\udcbc Gesch\u00e4ftsessen &amp; informelle Treffen? Wir haben die L\u00f6sung!<\/span><\/h3><p class=\"qwen-markdown-paragraph\"><span class=\"qwen-markdown-text\">Sie m\u00f6chten ein Gesch\u00e4ftsessen ausrichten oder in einer Meetingpause schnell etwas essen? Unser Restaurant bietet den idealen Rahmen f\u00fcr informelle Treffen in ungezwungener und dennoch professioneller Atmosph\u00e4re. Dank der N\u00e4he zum Businesscenter, den Konferenzr\u00e4umen und den Coworking-Spaces des Hotels k\u00f6nnen Sie nahtlos vom Essen zur Besprechung \u00fcbergehen.<\/span><\/p><p class=\"qwen-markdown-paragraph\"><span class=\"qwen-markdown-text\">Mit Annehmlichkeiten wie Fax-\/Kopierservice, Sekretariatsdiensten und Multimedia-Anzeigesystemen im Obergeschoss wird das Eeril Hotel zu Ihrem All-in-One-Zentrum f\u00fcr Produktivit\u00e4t \u2013 angefangen bei einem hervorragenden Essen.<\/span><\/p><div class=\"qwen-markdown-hr\"><hr \/><\/div><h3 class=\"qwen-markdown-heading\"><span class=\"qwen-markdown-text\">\ud83c\udf5c Warum sollten Sie sich f\u00fcr das Restaurant des Eeril Hotels entscheiden?<\/span><\/h3><p class=\"qwen-markdown-paragraph\"><span class=\"qwen-markdown-text\">\u2705 <\/span><strong class=\"qwen-markdown-strong\"><span class=\"qwen-markdown-text\">Authentische lokale Aromen<\/span><\/strong><span class=\"qwen-markdown-text\"> \u2013 Probieren Sie Shenzhens beste Fr\u00fchst\u00fcckstraditionen<\/span><br \/><span class=\"qwen-markdown-text\">\u2705 <\/span><strong class=\"qwen-markdown-strong\"><span class=\"qwen-markdown-text\">G\u00fcnstiger Zeitpunkt<\/span><\/strong><span class=\"qwen-markdown-text\"> T\u00e4glich von 7 bis 10 Uhr, au\u00dferdem rund um die Uhr Snacks und Zimmerservice<\/span><br \/><span class=\"qwen-markdown-text\">\u2705 <\/span><strong class=\"qwen-markdown-strong\"><span class=\"qwen-markdown-text\">G\u00fcnstige Preise<\/span><\/strong><span class=\"qwen-markdown-text\"> \u2013 38 CNY f\u00fcr Erwachsene, Kinder unter 1,2 m essen kostenlos<\/span><br \/><span class=\"qwen-markdown-text\">\u2705 <\/span><strong class=\"qwen-markdown-strong\"><span class=\"qwen-markdown-text\">Sauberer und stilvoller Raum<\/span><\/strong><span class=\"qwen-markdown-text\"> \u2013 Durchgehend mit 9,4 von 10 Punkten f\u00fcr Sauberkeit und Ambiente bewertet<\/span><br \/><span class=\"qwen-markdown-text\">\u2705 <\/span><strong class=\"qwen-markdown-strong\"><span class=\"qwen-markdown-text\">Perfekte Lage<\/span><\/strong><span class=\"qwen-markdown-text\"> \u2013 Nur wenige Schritte von U-Bahn, Kongresszentrum, Einkaufsm\u00f6glichkeiten und Parks entfernt<\/span><br \/><span class=\"qwen-markdown-text\">\u2705 <\/span><strong class=\"qwen-markdown-strong\"><span class=\"qwen-markdown-text\">Freundliches, mehrsprachiges Personal<\/span><\/strong><span class=\"qwen-markdown-text\"> \u2013 Wir helfen Ihnen gerne bei jeder Anfrage. <\/span><\/p><div class=\"qwen-markdown-hr\"><hr \/><\/div><p class=\"qwen-markdown-paragraph\"><strong class=\"qwen-markdown-strong\"><span class=\"qwen-markdown-text\">Ihr perfekter Morgen in Shenzhen beginnt hier<\/span><\/strong><\/p><p class=\"qwen-markdown-paragraph\"><span class=\"qwen-markdown-text\">Im Eeril Hotel (Shenzhen Futian Convention and Exhibition Center Branch) sind wir der \u00dcberzeugung, dass ein gelungener Aufenthalt mit einem gelungenen ersten Essen beginnt. Ob Sie bei Sonnenaufgang \u00fcber der Skyline von Futian eine Tasse Tee genie\u00dfen oder sich vor der U-Bahn-Fahrt schnell etwas zu essen holen m\u00f6chten \u2013 unser Restaurant ist Ihre einladende Oase, die gleicherma\u00dfen W\u00e4rme, Geschmack und Effizienz bietet.<\/span><\/p><p class=\"qwen-markdown-paragraph\" data-spm-anchor-id=\"a2ty_o01.29997173.0.i63.7aab5171oMV61N\"><span class=\"qwen-markdown-text\">Erleben Sie den Unterschied. Buchen Sie noch heute Ihren Aufenthalt \u2013 und lassen Sie sich von uns auf genussvolle Weise in Ihr Shenzhen-Abenteuer einf\u00fchren.<\/span><\/p>\t\t\t\t\t\t\t\t<\/div>\n\t\t\t\t\t<\/div>\n\t\t\t\t<\/div>\n\t\t\t\t<\/div>","protected":false},"excerpt":{"rendered":"<p>Start Your Day Right: Savor the Flavors of Shenzhen at Eeril Hotel\u2019s On-Site Restaurant Nestled in the vibrant heart of Futian District, Eeril Hotel (Shenzhen Futian Convention and Exhibition Center Branch) doesn\u2019t just offer smart rooms and seamless service \u2014 it welcomes you each morning with a delicious, energizing start at its inviting on-site restaurant. [&hellip;]<\/p>\n","protected":false},"author":1,"featured_media":0,"parent":0,"menu_order":0,"comment_status":"closed","ping_status":"closed","template":"","meta":{"footnotes":""},"class_list":["post-612","page","type-page","status-publish","hentry","post-no-thumbnail"],"_links":{"self":[{"href":"https:\/\/eerilhotel.com\/de\/wp-json\/wp\/v2\/pages\/612","targetHints":{"allow":["GET"]}}],"collection":[{"href":"https:\/\/eerilhotel.com\/de\/wp-json\/wp\/v2\/pages"}],"about":[{"href":"https:\/\/eerilhotel.com\/de\/wp-json\/wp\/v2\/types\/page"}],"author":[{"embeddable":true,"href":"https:\/\/eerilhotel.com\/de\/wp-json\/wp\/v2\/users\/1"}],"replies":[{"embeddable":true,"href":"https:\/\/eerilhotel.com\/de\/wp-json\/wp\/v2\/comments?post=612"}],"version-history":[{"count":0,"href":"https:\/\/eerilhotel.com\/de\/wp-json\/wp\/v2\/pages\/612\/revisions"}],"wp:attachment":[{"href":"https:\/\/eerilhotel.com\/de\/wp-json\/wp\/v2\/media?parent=612"}],"curies":[{"name":"wp","href":"https:\/\/api.w.org\/{rel}","templated":true}]}}