{"id":2104,"date":"2021-03-23T09:33:48","date_gmt":"2021-03-23T09:33:48","guid":{"rendered":"http:\/\/localhost\/nuss\/?page_id=167"},"modified":"2025-12-14T14:04:04","modified_gmt":"2025-12-14T14:04:04","slug":"nuestra-historia","status":"publish","type":"page","link":"https:\/\/eerilhotel.com\/es\/nuestra-historia\/","title":{"rendered":"Nuestra historia"},"content":{"rendered":"<div data-elementor-type=\"wp-page\" data-elementor-id=\"2104\" class=\"elementor elementor-2104\">\n\t\t\t\t\t\t<section class=\"elementor-section elementor-top-section elementor-element elementor-element-8f5bb9d elementor-section-boxed elementor-section-gap-beside-yes elementor-section-height-default elementor-section-height-default elementor-section-column-vertical-align-stretch\" data-id=\"8f5bb9d\" data-element_type=\"section\" data-e-type=\"section\">\n\t\t\t\t\t\t<div class=\"elementor-container elementor-column-gap-extended\">\n\t\t\t\t\t<div class=\"elementor-column elementor-col-100 elementor-top-column elementor-element elementor-element-7ec4215\" data-id=\"7ec4215\" data-element_type=\"column\" data-e-type=\"column\">\n\t\t\t<div class=\"elementor-widget-wrap elementor-element-populated\">\n\t\t\t\t\t\t<div class=\"elementor-element elementor-element-edd9d03 elementor-widget__width-initial elementor-invisible elementor-widget elementor-widget-text-editor\" data-id=\"edd9d03\" data-element_type=\"widget\" data-e-type=\"widget\" data-settings=\"{&quot;_animation&quot;:&quot;nussFadeInUp&quot;}\" data-widget_type=\"text-editor.default\">\n\t\t\t\t\t\t\t\t\t<p class=\"qwen-markdown-paragraph\"><strong class=\"qwen-markdown-strong\"><span class=\"qwen-markdown-text\" data-spm-anchor-id=\"a2ty_o01.29997173.0.i52.7aab5171oMV61N\">Donde la innovaci\u00f3n se fusiona con la hospitalidad en el coraz\u00f3n de Shenzhen<\/span><\/strong><\/p>\t\t\t\t\t\t\t\t<\/div>\n\t\t\t\t\t<\/div>\n\t\t<\/div>\n\t\t\t\t\t<\/div>\n\t\t<\/section>\n\t\t<div class=\"elementor-element elementor-element-ae7e42f e-flex e-con-boxed e-con e-parent\" data-id=\"ae7e42f\" data-element_type=\"container\" data-e-type=\"container\">\n\t\t\t\t\t<div class=\"e-con-inner\">\n\t\t\t\t<div class=\"elementor-element elementor-element-136c3a3 elementor-widget elementor-widget-text-editor\" data-id=\"136c3a3\" data-element_type=\"widget\" data-e-type=\"widget\" data-widget_type=\"text-editor.default\">\n\t\t\t\t\t\t\t\t\t<p class=\"qwen-markdown-paragraph\"><span class=\"qwen-markdown-text\" data-spm-anchor-id=\"a2ty_o01.29997173.0.i53.7aab5171oMV61N\">En el Hotel Eeril (sucursal del Centro de Convenciones y Exposiciones Shenzhen Futian), nuestra historia no se limita a la arquitectura y las habitaciones modernas, sino a reinventar lo que un hotel puede ser para el viajero global de hoy. Ubicado en el n.\u00b0 199 de Fumin Road, en el vibrante coraz\u00f3n del distrito de Futian, abrimos nuestras puertas en 2022 con una misi\u00f3n clara: combinar tecnolog\u00eda de vanguardia, dise\u00f1o intuitivo y un servicio humano y c\u00e1lido en una experiencia que se sienta elegante, profundamente c\u00f3moda e inconfundiblemente... <\/span><em><span class=\"qwen-markdown-text\">Shenzhen<\/span><\/em><span class=\"qwen-markdown-text\">.<\/span><\/p><div class=\"qwen-markdown-space\">\u00a0<\/div><h3 class=\"qwen-markdown-heading\"><span class=\"qwen-markdown-text\">\ud83c\udf06 Nacido del pulso de una capital tecnol\u00f3gica global<\/span><\/h3><p class=\"qwen-markdown-paragraph\"><span class=\"qwen-markdown-text\">Shenzhen no es solo una ciudad, es una mentalidad. Un lugar donde la innovaci\u00f3n se integra en la vida cotidiana, donde la eficiencia se fusiona con la elegancia y donde las ideas del ma\u00f1ana nacen hoy. No construimos el Hotel Eeril para simplemente existir en este entorno, lo construimos para... <\/span><em><span class=\"qwen-markdown-text\">encarnar<\/span><\/em><span class=\"qwen-markdown-text\"> \u00e9l.<\/span><\/p><div class=\"qwen-markdown-space\">\u00a0<\/div><p class=\"qwen-markdown-paragraph\"><span class=\"qwen-markdown-text\">Desde el momento en que entre, notar\u00e1 c\u00f3mo cada detalle refleja esta filosof\u00eda: l\u00edneas elegantes, est\u00e9tica minimalista e integraci\u00f3n tecnol\u00f3gica impecable. Nuestros quioscos de auto check-in le recibir\u00e1n como viejos amigos; nuestros robots de servicio se deslizan por los pasillos con precisi\u00f3n silenciosa; y su habitaci\u00f3n responde a la voz o al tacto con controles inteligentes completos; todo dise\u00f1ado para que dedique menos tiempo a la log\u00edstica y m\u00e1s a disfrutar de su viaje.<\/span><\/p><div class=\"qwen-markdown-space\">\u00a0<\/div><h3 class=\"qwen-markdown-heading\"><span class=\"qwen-markdown-text\">\ud83c\udfd7\ufe0f Dise\u00f1ado para el viajero moderno: negocios, ocio y todo lo dem\u00e1s<\/span><\/h3><p class=\"qwen-markdown-paragraph\"><span class=\"qwen-markdown-text\">Sab\u00edamos desde el principio que los viajeros de hoy no encajan en esquemas. Quiz\u00e1s vueles a Shenzhen para asistir a una conferencia de alto nivel durante el d\u00eda y luego deambules por las calles iluminadas de ne\u00f3n del Parque COCO por la noche. O quiz\u00e1s seas un n\u00f3mada digital solitario que busca un rinc\u00f3n tranquilo para programar, o una pareja en una escapada rom\u00e1ntica buscando serenidad en medio de la energ\u00eda de la ciudad.<\/span><\/p><div class=\"qwen-markdown-space\">\u00a0<\/div><p class=\"qwen-markdown-paragraph\"><span class=\"qwen-markdown-text\">Por eso creamos 156 habitaciones cuidadosamente seleccionadas, desde la compacta pero acogedora habitaci\u00f3n tem\u00e1tica Heartbeat hasta la espaciosa habitaci\u00f3n Deluxe con cama doble y vistas panor\u00e1micas, todas equipadas con ventanas insonorizadas, wifi gratis, refrigerador y ba\u00f1o privado. Ya sea que est\u00e9 aqu\u00ed por trabajo o por placer, qu\u00e9dese tranquilo: su espacio es su santuario.<\/span><\/p><div class=\"qwen-markdown-space\">\u00a0<\/div><h3 class=\"qwen-markdown-heading\"><span class=\"qwen-markdown-text\">\ud83d\udca1 M\u00e1s que solo comodidades: se trata de experiencia<\/span><\/h3><p class=\"qwen-markdown-paragraph\"><span class=\"qwen-markdown-text\">Nuestras comodidades no son marcas de verificaci\u00f3n en una lista: son invitaciones para vivir mejor durante su estad\u00eda.<\/span><\/p><div class=\"qwen-markdown-space\">\u00a0<\/div><ul class=\"qwen-markdown-list\" dir=\"auto\"><li><span class=\"qwen-markdown-text\"><strong class=\"qwen-markdown-strong\">Trabaje de forma m\u00e1s inteligente<\/strong>Aproveche nuestro centro de negocios, zonas de coworking y salas de conferencias totalmente equipadas, perfectas para presentaciones de \u00faltimo momento o reuniones con clientes.<\/span><\/li><li><span class=\"qwen-markdown-text\"><strong class=\"qwen-markdown-strong\">Recarga tu cuerpo<\/strong>Sude en nuestro gimnasio, rel\u00e1jese en el sal\u00f3n de t\u00e9 o pi\u00e9rdase en la tranquila contemplaci\u00f3n en nuestra biblioteca.<\/span><\/li><li><span class=\"qwen-markdown-text\"><strong class=\"qwen-markdown-strong\">Viaja ligero y llega preparado<\/strong>Disfrute de almacenamiento de equipaje gratuito, estaciones de carga para veh\u00edculos el\u00e9ctricos y estacionamiento p\u00fablico gratuito, porque la comodidad no deber\u00eda ser un lujo.<\/span><\/li><li><span class=\"qwen-markdown-text\"><strong class=\"qwen-markdown-strong\">Mantente conectado, mant\u00e9n la calma<\/strong>Con soporte de recepci\u00f3n 24 horas al d\u00eda, 7 d\u00edas a la semana, personal multiling\u00fce y herramientas de traducci\u00f3n disponibles, la comunicaci\u00f3n nunca es una barrera.<\/span><\/li><\/ul><div class=\"qwen-markdown-space\">\u00a0<\/div><p class=\"qwen-markdown-paragraph\"><span class=\"qwen-markdown-text\">Y s\u00ed, hasta los peque\u00f1os detalles importan. Por eso ofrecemos deliciosos desayunos buffet estilo chino todos los d\u00edas (de 7 a 10 h), bares en el vest\u00edbulo para relajarse al atardecer y servicio de habitaciones 24\/7 para cuando se le antoje a altas horas de la noche.<\/span><\/p><div class=\"qwen-markdown-space\">\u00a0<\/div><h3 class=\"qwen-markdown-heading\"><span class=\"qwen-markdown-text\">\u2764\ufe0f El toque humano detr\u00e1s de la tecnolog\u00eda<\/span><\/h3><p class=\"qwen-markdown-paragraph\"><span class=\"qwen-markdown-text\">Si bien la tecnolog\u00eda impulsa nuestras operaciones, es nuestra gente la que hace que el Hotel Eeril sea inolvidable. Nuestro equipo habla ingl\u00e9s y mandar\u00edn con fluidez y est\u00e1 capacitado no solo para servir, sino tambi\u00e9n para anticiparse. \u00bfNecesita un taxi al aeropuerto? Listo. \u00bfQuiere recomendaciones para el mejor dim sum local? Est\u00e1 resuelto. \u00bfBusca un lugar tranquilo para meditar antes de una reuni\u00f3n importante? Le indicaremos el sal\u00f3n de t\u00e9.<\/span><\/p><div class=\"qwen-markdown-space\">\u00a0<\/div><p class=\"qwen-markdown-paragraph\"><span class=\"qwen-markdown-text\">Los hu\u00e9spedes elogian constantemente la amabilidad y la atenci\u00f3n de nuestro personal, y no es casualidad. Creemos que la hospitalidad es personal. Incluso al implementar robots de servicio y sistemas basados en IA, nunca perdemos de vista que el verdadero lujo reside en la atenci\u00f3n genuina.<\/span><\/p><div class=\"qwen-markdown-space\">\u00a0<\/div><h3 class=\"qwen-markdown-heading\"><span class=\"qwen-markdown-text\">\ud83d\udccd Arraigado en Futian \u2014 Conectado con el mundo<\/span><\/h3><p class=\"qwen-markdown-paragraph\"><span class=\"qwen-markdown-text\">Nuestra ubicaci\u00f3n no solo es conveniente, sino tambi\u00e9n estrat\u00e9gica. A solo 280 metros a pie de la estaci\u00f3n de metro Shixia (l\u00edneas 3 y 7), te ponemos a pocos minutos de:<\/span><\/p><div class=\"qwen-markdown-space\">\u00a0<\/div><ul class=\"qwen-markdown-list\" dir=\"auto\"><li><span class=\"qwen-markdown-text\"><strong class=\"qwen-markdown-strong\">Estaci\u00f3n de tren de Futian<\/strong> (2,9 km) \u2013 para conexiones ferroviarias de alta velocidad en toda China<\/span><\/li><li><span class=\"qwen-markdown-text\"><strong class=\"qwen-markdown-strong\">Centro financiero Ping An<\/strong> \u2013 hogar de la plataforma de observaci\u00f3n Free Sky<\/span><\/li><li><span class=\"qwen-markdown-text\"><strong class=\"qwen-markdown-strong\">Parque COCO y mercado nocturno de Tiantai<\/strong> \u2013 para ir de compras, comer y disfrutar de la vida nocturna<\/span><\/li><li><span class=\"qwen-markdown-text\"><strong class=\"qwen-markdown-strong\">Parque Ecol\u00f3gico de Manglares de Futian<\/strong> \u2013 para paseos tranquilos por la naturaleza a lo largo de la bah\u00eda<\/span><\/li><\/ul><div class=\"qwen-markdown-space\">\u00a0<\/div><p class=\"qwen-markdown-paragraph\"><span class=\"qwen-markdown-text\">Ya sea que est\u00e9 asistiendo a una importante exposici\u00f3n, cerrando un trato o simplemente disfrutando del ritmo de la ciudad m\u00e1s din\u00e1mica del sur de China, Eeril Hotel lo ubica en el centro de todo, sin sacrificar la paz ni la privacidad.<\/span><\/p><div class=\"qwen-markdown-space\">\u00a0<\/div><h3 class=\"qwen-markdown-heading\"><span class=\"qwen-markdown-text\">\ud83d\udcc8 Una historia escrita por nuestros invitados<\/span><\/h3><p class=\"qwen-markdown-paragraph\"><span class=\"qwen-markdown-text\">Desde nuestra apertura en 2022, hemos recibido a m\u00e1s de 10,685 hu\u00e9spedes, y sus voces nos han moldeado. Con un estelar <\/span><strong class=\"qwen-markdown-strong\"><span class=\"qwen-markdown-text\">Calificaci\u00f3n 9.4\/10<\/span><\/strong><span class=\"qwen-markdown-text\">, Nos han repetido una y otra vez que acertamos con lo esencial: limpieza, comodidad, ubicaci\u00f3n y servicio. Pero, sobre todo, nos han dicho que nos sentimos diferentes: m\u00e1s inteligentes, m\u00e1s tranquilos y m\u00e1s atentos a sus necesidades.<\/span><\/p><div class=\"qwen-markdown-space\">\u00a0<\/div><p class=\"qwen-markdown-paragraph\"><span class=\"qwen-markdown-text\">Un invitado escribi\u00f3: <\/span><\/p><blockquote class=\"qwen-markdown-blockquote\"><p class=\"qwen-markdown-paragraph\"><em><span class=\"qwen-markdown-text\">\u201cLa habitaci\u00f3n es muy buena. Volver\u00e9 aqu\u00ed con mi familia. Se la recomiendo a todo el mundo.\u201d<\/span><\/em><\/p><\/blockquote><div class=\"qwen-markdown-space\">\u00a0<\/div><p class=\"qwen-markdown-paragraph\"><span class=\"qwen-markdown-text\">Otro a\u00f1adi\u00f3: <\/span><\/p><blockquote class=\"qwen-markdown-blockquote\"><p class=\"qwen-markdown-paragraph\"><em><span class=\"qwen-markdown-text\">\u201cTodos son amables y volveremos con mis amigos. Estoy muy feliz de quedarme aqu\u00ed.\u201d<\/span><\/em><\/p><\/blockquote><div class=\"qwen-markdown-space\">\u00a0<\/div><p class=\"qwen-markdown-paragraph\"><span class=\"qwen-markdown-text\">\u00c9stas no son s\u00f3lo rese\u00f1as: son cap\u00edtulos de nuestra historia continua.<\/span><\/p><div class=\"qwen-markdown-space\">\u00a0<\/div><h3 class=\"qwen-markdown-heading\"><span class=\"qwen-markdown-text\">\u00bfQu\u00e9 sigue? Tu cap\u00edtulo comienza aqu\u00ed<\/span><\/h3><p class=\"qwen-markdown-paragraph\"><span class=\"qwen-markdown-text\">El Hotel Eeril es joven, lo que significa que evolucionamos, aprendemos y mejoramos constantemente. Escuchamos. Innovamos. Y nos comprometemos a ser su socio de confianza en cada viaje, ya sea su primer viaje a Shenzhen o su d\u00e9cimo.<\/span><\/p><div class=\"qwen-markdown-space\">\u00a0<\/div><p class=\"qwen-markdown-paragraph\"><span class=\"qwen-markdown-text\">As\u00ed que, ya sea que est\u00e9 aqu\u00ed por negocios, placer o cualquier otra raz\u00f3n, bienvenido. Esto es m\u00e1s que un hotel. Este es su campamento base, su refugio, su plataforma de lanzamiento. Esto es... <\/span><strong class=\"qwen-markdown-strong\"><span class=\"qwen-markdown-text\">Hotel Eeril: donde comienza tu pr\u00f3xima gran aventura<\/span><\/strong><span class=\"qwen-markdown-text\">.<\/span><\/p><div class=\"qwen-markdown-space\">\u00a0<\/div><p class=\"qwen-markdown-paragraph\"><span class=\"qwen-markdown-text\">Ven a escribir tu cap\u00edtulo con nosotros.<\/span><\/p><div class=\"qwen-markdown-space\">\u00a0<\/div><p class=\"qwen-markdown-paragraph\" data-spm-anchor-id=\"a2ty_o01.29997173.0.i55.7aab5171oMV61N\"><span class=\"qwen-markdown-text\">\u2014 El equipo de Eeril<\/span><\/p>\t\t\t\t\t\t\t\t<\/div>\n\t\t\t\t\t<\/div>\n\t\t\t\t<\/div>\n\t\t\t\t<\/div>","protected":false},"excerpt":{"rendered":"<p>Where Innovation Meets Hospitality in the Heart of Shenzhen At Eeril Hotel (Shenzhen Futian Convention and Exhibition Center Branch), our story isn\u2019t just about bricks, mortar, and modern rooms \u2014 it\u2019s about reimagining what a hotel can be for today\u2019s global traveler. Nestled at No. 199 Fumin Road in the pulsating core of Futian District, [&hellip;]<\/p>\n","protected":false},"author":1,"featured_media":0,"parent":0,"menu_order":0,"comment_status":"closed","ping_status":"closed","template":"","meta":{"footnotes":""},"class_list":["post-2104","page","type-page","status-publish","hentry","post-no-thumbnail"],"_links":{"self":[{"href":"https:\/\/eerilhotel.com\/es\/wp-json\/wp\/v2\/pages\/2104","targetHints":{"allow":["GET"]}}],"collection":[{"href":"https:\/\/eerilhotel.com\/es\/wp-json\/wp\/v2\/pages"}],"about":[{"href":"https:\/\/eerilhotel.com\/es\/wp-json\/wp\/v2\/types\/page"}],"author":[{"embeddable":true,"href":"https:\/\/eerilhotel.com\/es\/wp-json\/wp\/v2\/users\/1"}],"replies":[{"embeddable":true,"href":"https:\/\/eerilhotel.com\/es\/wp-json\/wp\/v2\/comments?post=2104"}],"version-history":[{"count":0,"href":"https:\/\/eerilhotel.com\/es\/wp-json\/wp\/v2\/pages\/2104\/revisions"}],"wp:attachment":[{"href":"https:\/\/eerilhotel.com\/es\/wp-json\/wp\/v2\/media?parent=2104"}],"curies":[{"name":"wp","href":"https:\/\/api.w.org\/{rel}","templated":true}]}}