{"id":2105,"date":"2021-03-24T07:25:45","date_gmt":"2021-03-24T07:25:45","guid":{"rendered":"http:\/\/localhost\/nuss\/?page_id=235"},"modified":"2025-12-14T14:01:00","modified_gmt":"2025-12-14T14:01:00","slug":"preguntas-frecuentes","status":"publish","type":"page","link":"https:\/\/eerilhotel.com\/es\/preguntas-frecuentes\/","title":{"rendered":"Preguntas frecuentes"},"content":{"rendered":"<div data-elementor-type=\"wp-page\" data-elementor-id=\"2105\" class=\"elementor elementor-2105\">\n\t\t\t\t\t\t<section class=\"elementor-section elementor-top-section elementor-element elementor-element-2a96a73 elementor-section-boxed elementor-section-gap-beside-yes elementor-section-height-default elementor-section-height-default elementor-section-column-vertical-align-stretch\" data-id=\"2a96a73\" data-element_type=\"section\" data-e-type=\"section\">\n\t\t\t\t\t\t<div class=\"elementor-container elementor-column-gap-extended\">\n\t\t\t\t\t<div class=\"elementor-column elementor-col-100 elementor-top-column elementor-element elementor-element-98ef20c\" data-id=\"98ef20c\" data-element_type=\"column\" data-e-type=\"column\">\n\t\t\t<div class=\"elementor-widget-wrap elementor-element-populated\">\n\t\t\t\t\t\t<div class=\"elementor-element elementor-element-97088c0 elementor-widget__width-initial elementor-invisible elementor-widget elementor-widget-text-editor\" data-id=\"97088c0\" data-element_type=\"widget\" data-e-type=\"widget\" data-settings=\"{&quot;_animation&quot;:&quot;nussFadeInUp&quot;}\" data-widget_type=\"text-editor.default\">\n\t\t\t\t\t\t\t\t\t<p>A continuaci\u00f3n encontrar\u00e1 una lista de las preguntas m\u00e1s frecuentes que nos hacen nuestros hu\u00e9spedes.<\/p>\t\t\t\t\t\t\t\t<\/div>\n\t\t\t\t\t<\/div>\n\t\t<\/div>\n\t\t\t\t\t<\/div>\n\t\t<\/section>\n\t\t\t\t<section class=\"elementor-section elementor-top-section elementor-element elementor-element-b184647 elementor-section-gap-beside-no elementor-section-boxed elementor-section-height-default elementor-section-height-default elementor-section-column-vertical-align-stretch\" data-id=\"b184647\" data-element_type=\"section\" data-e-type=\"section\">\n\t\t\t\t\t\t<div class=\"elementor-container elementor-column-gap-extended\">\n\t\t\t\t\t<div class=\"elementor-column elementor-col-100 elementor-top-column elementor-element elementor-element-1d49749\" data-id=\"1d49749\" data-element_type=\"column\" data-e-type=\"column\">\n\t\t\t<div class=\"elementor-widget-wrap elementor-element-populated\">\n\t\t\t\t\t\t<div class=\"elementor-element elementor-element-b986a9e elementor-invisible elementor-widget elementor-widget-nuss-heading\" data-id=\"b986a9e\" data-element_type=\"widget\" data-e-type=\"widget\" data-settings=\"{&quot;_animation&quot;:&quot;nussFadeInUp&quot;}\" data-widget_type=\"nuss-heading.default\">\n\t\t\t\t<div class=\"elementor-widget-container\">\n\t\t\t\t\t\t\t<div class=\"nuss-modern-heading\">\r\n\t\t\t\r\n\t\t\t\t\t\t<div class=\"heading-primary-wrap\">\r\n\t\t\t\t<h4 class=\"heading-primary elementor-heading-title\">Preguntas frecuentes<\/h4>\t\t\t<\/div>\r\n\t\t\r\n\t\t\t\t\t\t<div class=\"heading-divider-wrap\">\r\n\t\t\t\t<div class=\"heading-divider\" style=\"left: 0px;top: 6px\"><\/div>\r\n\t\t\t<\/div>\r\n\t\r\n\t\t\t\t\t<\/div>\r\n\t\t\t\t\t<\/div>\n\t\t\t\t<\/div>\n\t\t\t\t<div class=\"elementor-element elementor-element-50f0733 elementor-invisible elementor-widget elementor-widget-heading\" data-id=\"50f0733\" data-element_type=\"widget\" data-e-type=\"widget\" data-settings=\"{&quot;_animation&quot;:&quot;nussFadeInUp&quot;}\" data-widget_type=\"heading.default\">\n\t\t\t\t\t<h2 class=\"elementor-heading-title elementor-size-default\">Preguntas y respuestas<\/h2>\t\t\t\t<\/div>\n\t\t\t\t<div class=\"elementor-element elementor-element-2aee4a2 elementor-widget elementor-widget-text-editor\" data-id=\"2aee4a2\" data-element_type=\"widget\" data-e-type=\"widget\" data-widget_type=\"text-editor.default\">\n\t\t\t\t\t\t\t\t\t<h3 class=\"qwen-markdown-heading\"><span class=\"qwen-markdown-text\" data-spm-anchor-id=\"a2ty_o01.29997173.0.i47.7aab5171oMV61N\">\ud83c\udfe8 <\/span><strong class=\"qwen-markdown-strong\"><span class=\"qwen-markdown-text\">General y Reservas<\/span><\/strong><\/h3><ol class=\"qwen-markdown-list\" dir=\"auto\" start=\"1\"><li><span class=\"qwen-markdown-text\"><strong class=\"qwen-markdown-strong\">\u00bfCu\u00e1les son los horarios de check-in y check-out?<\/strong><br \/>\u2192 El check-in se realizar\u00e1 a partir de las 14:00 y el check-out antes de las 12:00.<\/span><\/li><li><span class=\"qwen-markdown-text\"><strong class=\"qwen-markdown-strong\">\u00bfHay recepci\u00f3n abierta las 24 horas?<\/strong><br \/>\u2192 S\u00ed, la recepci\u00f3n funciona 24 horas al d\u00eda, 7 d\u00edas a la semana para asistir a los hu\u00e9spedes.<\/span><\/li><li><span class=\"qwen-markdown-text\"><strong class=\"qwen-markdown-strong\">\u00bfOfrecen auto check-in?<\/strong><br \/>\u2192 S\u00ed, hay quioscos de auto check-in disponibles para su comodidad.<\/span><\/li><li><span class=\"qwen-markdown-text\"><strong class=\"qwen-markdown-strong\">\u00bfPuedo reservar una habitaci\u00f3n para otra persona?<\/strong><br \/>\u2192 S\u00ed, siempre que el hu\u00e9sped principal que realice el check-in tenga al menos 18 a\u00f1os.<\/span><\/li><li><span class=\"qwen-markdown-text\"><strong class=\"qwen-markdown-strong\">\u00bfSe requiere un dep\u00f3sito?<\/strong><br \/>\u2192 S\u00ed, se cobra un dep\u00f3sito fijo de CNY 200 al momento del check-in, reembolsable al momento del check-out.<\/span><\/li><li><span class=\"qwen-markdown-text\"><strong class=\"qwen-markdown-strong\">\u00bfQu\u00e9 m\u00e9todos de pago se aceptan?<\/strong><br \/>\u2192 Se aceptan efectivo, tarjetas de cr\u00e9dito y tarjetas de d\u00e9bito.<\/span><\/li><li><span class=\"qwen-markdown-text\"><strong class=\"qwen-markdown-strong\">\u00bfOfrecen igualaci\u00f3n de precios?<\/strong><br \/>\u2192 S\u00ed, el hotel ofrece una garant\u00eda de \u201cIgualamos precios\u201d.<\/span><\/li><li><span class=\"qwen-markdown-text\"><strong class=\"qwen-markdown-strong\">\u00bfCu\u00e1ntas habitaciones tiene el hotel?<\/strong><br \/>\u2192 El hotel dispone de 156 modernas habitaciones.<\/span><\/li><li><span class=\"qwen-markdown-text\"><strong class=\"qwen-markdown-strong\">\u00bfCuando se inaugur\u00f3 el hotel?<\/strong><br \/>\u2192 El Hotel Eeril abri\u00f3 sus puertas en 2022.<\/span><\/li><li><span class=\"qwen-markdown-text\"><strong class=\"qwen-markdown-strong\">\u00bfEste hotel es adecuado para parejas?<\/strong><br \/>\u2192 S\u00ed, es especialmente popular entre las parejas debido a su ambiente limpio, tranquilo y rom\u00e1ntico.<\/span><\/li><\/ol><div class=\"qwen-markdown-space\">\u00a0<\/div><div class=\"qwen-markdown-hr\"><hr \/><\/div><div class=\"qwen-markdown-space\">\u00a0<\/div><h3 class=\"qwen-markdown-heading\"><span class=\"qwen-markdown-text\">\ud83d\ude97 <\/span><strong class=\"qwen-markdown-strong\"><span class=\"qwen-markdown-text\">Transporte y ubicaci\u00f3n<\/span><\/strong><\/h3><ol class=\"qwen-markdown-list\" dir=\"auto\" start=\"11\"><li><span class=\"qwen-markdown-text\"><strong class=\"qwen-markdown-strong\">\u00bfA qu\u00e9 distancia est\u00e1 el hotel de la estaci\u00f3n de metro Shixia?<\/strong><br \/>\u2192 A s\u00f3lo 280 metros de distancia, una caminata de 3 a 5 minutos.<\/span><\/li><li><span class=\"qwen-markdown-text\"><strong class=\"qwen-markdown-strong\">\u00bfHay estacionamiento disponible?<\/strong><br \/>\u2192 S\u00ed, hay aparcamiento p\u00fablico gratuito disponible en el establecimiento (no es necesario reservar).<\/span><\/li><li><span class=\"qwen-markdown-text\"><strong class=\"qwen-markdown-strong\">\u00bfEl hotel ofrece traslados al aeropuerto?<\/strong><br \/>\u2192 No, no se proporcionan servicios de transporte al aeropuerto.<\/span><\/li><li><span class=\"qwen-markdown-text\"><strong class=\"qwen-markdown-strong\">\u00bfA qu\u00e9 distancia est\u00e1 la estaci\u00f3n de tren de Futian?<\/strong><br \/>\u2192 Aproximadamente 2,9 km (unos 10 minutos en taxi).<\/span><\/li><li><span class=\"qwen-markdown-text\"><strong class=\"qwen-markdown-strong\">\u00bfHay estaciones de carga para veh\u00edculos el\u00e9ctricos disponibles?<\/strong><br \/>\u2192 S\u00ed, el hotel ofrece instalaciones de carga de veh\u00edculos el\u00e9ctricos para los hu\u00e9spedes.<\/span><\/li><\/ol><div class=\"qwen-markdown-space\">\u00a0<\/div><div class=\"qwen-markdown-hr\"><hr \/><\/div><div class=\"qwen-markdown-space\">\u00a0<\/div><h3 class=\"qwen-markdown-heading\"><span class=\"qwen-markdown-text\">\ud83c\udf7d\ufe0f <\/span><strong class=\"qwen-markdown-strong\"><span class=\"qwen-markdown-text\">Comedor y desayuno<\/span><\/strong><\/h3><ol class=\"qwen-markdown-list\" dir=\"auto\" start=\"16\"><li><span class=\"qwen-markdown-text\"><strong class=\"qwen-markdown-strong\">\u00bfEst\u00e1 incluido el desayuno?<\/strong><br \/>\u2192 No, el desayuno es opcional y cuesta 38 CNY por adulto (estilo buffet).<\/span><\/li><li><span class=\"qwen-markdown-text\"><strong class=\"qwen-markdown-strong\">\u00bfA qu\u00e9 hora se sirve el desayuno?<\/strong><br \/>\u2192 Diariamente de 07:00 a 10:00 AM.<\/span><\/li><li><span class=\"qwen-markdown-text\"><strong class=\"qwen-markdown-strong\">\u00bfSe permite a los ni\u00f1os desayunar gratis?<\/strong><br \/>\u2192 S\u00ed, los ni\u00f1os menores de 1,2 m desayunan gratis; los que tienen entre 1,2 y 1,5 m pagan 19 CNY.<\/span><\/li><\/ol><div class=\"qwen-markdown-space\">\u00a0<\/div><div class=\"qwen-markdown-hr\"><hr \/><\/div><div class=\"qwen-markdown-space\">\u00a0<\/div><h3 class=\"qwen-markdown-heading\"><span class=\"qwen-markdown-text\">\ud83d\udc3e <\/span><strong class=\"qwen-markdown-strong\"><span class=\"qwen-markdown-text\">Pol\u00edticas para hu\u00e9spedes<\/span><\/strong><\/h3><ol class=\"qwen-markdown-list\" dir=\"auto\" start=\"19\"><li><span class=\"qwen-markdown-text\"><strong class=\"qwen-markdown-strong\">\u00bfSe permiten mascotas?<\/strong><br \/>\u2192 No se admiten mascotas. Se admiten animales de servicio previa solicitud.<\/span><\/li><li><span class=\"qwen-markdown-text\"><strong class=\"qwen-markdown-strong\">\u00bfPuedo a\u00f1adir una cama extra o una cuna a mi habitaci\u00f3n?<\/strong><br \/>\u2192 No se pueden a\u00f1adir cunas. Las pol\u00edticas de camas adicionales var\u00edan seg\u00fan el tipo de habitaci\u00f3n; consulte los detalles espec\u00edficos de la habitaci\u00f3n.<\/span><\/li><\/ol>\t\t\t\t\t\t\t\t<\/div>\n\t\t\t\t\t<\/div>\n\t\t<\/div>\n\t\t\t\t\t<\/div>\n\t\t<\/section>\n\t\t\t\t<\/div>","protected":false},"excerpt":{"rendered":"<p>Below, you will find a list of the questions most frequently asked by our guests. FAQ&#8217;S Questions &amp; Answers &#x1f3e8; General &amp; Booking What are the check-in and check-out times?\u2192 Check-in is after 14:00; check-out is before 12:00. Is there a 24-hour front desk?\u2192 Yes, the front desk operates 24\/7 for guest assistance. Do you [&hellip;]<\/p>\n","protected":false},"author":1,"featured_media":0,"parent":0,"menu_order":0,"comment_status":"closed","ping_status":"closed","template":"","meta":{"footnotes":""},"class_list":["post-2105","page","type-page","status-publish","hentry","post-no-thumbnail"],"_links":{"self":[{"href":"https:\/\/eerilhotel.com\/es\/wp-json\/wp\/v2\/pages\/2105","targetHints":{"allow":["GET"]}}],"collection":[{"href":"https:\/\/eerilhotel.com\/es\/wp-json\/wp\/v2\/pages"}],"about":[{"href":"https:\/\/eerilhotel.com\/es\/wp-json\/wp\/v2\/types\/page"}],"author":[{"embeddable":true,"href":"https:\/\/eerilhotel.com\/es\/wp-json\/wp\/v2\/users\/1"}],"replies":[{"embeddable":true,"href":"https:\/\/eerilhotel.com\/es\/wp-json\/wp\/v2\/comments?post=2105"}],"version-history":[{"count":0,"href":"https:\/\/eerilhotel.com\/es\/wp-json\/wp\/v2\/pages\/2105\/revisions"}],"wp:attachment":[{"href":"https:\/\/eerilhotel.com\/es\/wp-json\/wp\/v2\/media?parent=2105"}],"curies":[{"name":"wp","href":"https:\/\/api.w.org\/{rel}","templated":true}]}}