{"id":2106,"date":"2021-03-25T04:08:26","date_gmt":"2021-03-25T04:08:26","guid":{"rendered":"http:\/\/localhost\/nuss\/?page_id=298"},"modified":"2025-12-14T13:53:14","modified_gmt":"2025-12-14T13:53:14","slug":"experiencias","status":"publish","type":"page","link":"https:\/\/eerilhotel.com\/es\/experiencias\/","title":{"rendered":"Rese\u00f1as del hotel Eeril"},"content":{"rendered":"<div data-elementor-type=\"wp-page\" data-elementor-id=\"2106\" class=\"elementor elementor-2106\">\n\t\t\t\t\t\t<section class=\"elementor-section elementor-top-section elementor-element elementor-element-1954ffc elementor-section-boxed elementor-section-gap-beside-yes elementor-section-height-default elementor-section-height-default elementor-section-column-vertical-align-stretch\" data-id=\"1954ffc\" data-element_type=\"section\" data-e-type=\"section\">\n\t\t\t\t\t\t<div class=\"elementor-container elementor-column-gap-extended\">\n\t\t\t\t\t<div class=\"elementor-column elementor-col-100 elementor-top-column elementor-element elementor-element-86aebc5\" data-id=\"86aebc5\" data-element_type=\"column\" data-e-type=\"column\">\n\t\t\t<div class=\"elementor-widget-wrap elementor-element-populated\">\n\t\t\t\t\t\t<div class=\"elementor-element elementor-element-11803d1 elementor-widget__width-initial elementor-invisible elementor-widget elementor-widget-text-editor\" data-id=\"11803d1\" data-element_type=\"widget\" data-e-type=\"widget\" data-settings=\"{&quot;_animation&quot;:&quot;nussFadeInUp&quot;}\" data-widget_type=\"text-editor.default\">\n\t\t\t\t\t\t\t\t\t<div class=\"svelte-1c06zsf\" data-lang-code=\"\"><p class=\"qwen-markdown-paragraph\"><strong class=\"qwen-markdown-strong\"><span class=\"qwen-markdown-text\" data-spm-anchor-id=\"a2ty_o01.29997173.0.i42.7aab5171oMV61N\">Hotel Eeril (Sucursal del Centro de Convenciones y Exposiciones Futian de Shenzhen): Experiencias y opiniones reales de hu\u00e9spedes: Por qu\u00e9 m\u00e1s de 10\u00a0685 viajeros le dan una puntuaci\u00f3n de 9,4\/10<\/span><\/strong><\/p><\/div>\t\t\t\t\t\t\t\t<\/div>\n\t\t\t\t\t<\/div>\n\t\t<\/div>\n\t\t\t\t\t<\/div>\n\t\t<\/section>\n\t\t<div class=\"elementor-element elementor-element-95e7268 e-flex e-con-boxed e-con e-parent\" data-id=\"95e7268\" data-element_type=\"container\" data-e-type=\"container\">\n\t\t\t\t\t<div class=\"e-con-inner\">\n\t\t\t\t<div class=\"elementor-element elementor-element-bd47571 elementor-widget elementor-widget-image\" data-id=\"bd47571\" data-element_type=\"widget\" data-e-type=\"widget\" data-widget_type=\"image.default\">\n\t\t\t\t\t\t\t\t\t\t\t\t\t\t\t\t<a href=\"https:\/\/www.trip.com\/hotels\/shenzhen-hotel-detail-103066319\/slang-hotel\/?Allianceid=4590391&#038;SID=282979369&#038;trip_sub1=&#038;trip_sub3=D8419210\" target=\"_blank\" rel=\"noopener\">\n\t\t\t\t\t\t\t<img fetchpriority=\"high\" decoding=\"async\" width=\"1711\" height=\"1081\" src=\"https:\/\/eerilhotel.com\/wp-content\/uploads\/2025\/12\/eeril-hotel-reviews.jpg\" class=\"attachment-full size-full wp-image-7307\" alt=\"\" srcset=\"https:\/\/eerilhotel.com\/wp-content\/uploads\/2025\/12\/eeril-hotel-reviews.jpg 1711w, https:\/\/eerilhotel.com\/wp-content\/uploads\/2025\/12\/eeril-hotel-reviews-300x190.jpg 300w, https:\/\/eerilhotel.com\/wp-content\/uploads\/2025\/12\/eeril-hotel-reviews-1024x647.jpg 1024w, https:\/\/eerilhotel.com\/wp-content\/uploads\/2025\/12\/eeril-hotel-reviews-768x485.jpg 768w, https:\/\/eerilhotel.com\/wp-content\/uploads\/2025\/12\/eeril-hotel-reviews-1536x970.jpg 1536w, https:\/\/eerilhotel.com\/wp-content\/uploads\/2025\/12\/eeril-hotel-reviews-18x12.jpg 18w\" sizes=\"(max-width: 1711px) 100vw, 1711px\" \/>\t\t\t\t\t\t\t\t<\/a>\n\t\t\t\t\t\t\t\t\t\t\t\t\t\t\t<\/div>\n\t\t\t\t\t<\/div>\n\t\t\t\t<\/div>\n\t\t<div class=\"elementor-element elementor-element-3e39171 e-flex e-con-boxed e-con e-parent\" data-id=\"3e39171\" data-element_type=\"container\" data-e-type=\"container\">\n\t\t\t\t\t<div class=\"e-con-inner\">\n\t\t\t\t<div class=\"elementor-element elementor-element-7761d0c elementor-widget elementor-widget-text-editor\" data-id=\"7761d0c\" data-element_type=\"widget\" data-e-type=\"widget\" data-widget_type=\"text-editor.default\">\n\t\t\t\t\t\t\t\t\t<p class=\"qwen-markdown-paragraph\"><span class=\"qwen-markdown-text\" data-spm-anchor-id=\"a2ty_o01.29997173.0.i43.7aab5171oMV61N\">Al elegir un hotel en el animado distrito de Futian de Shenzhen, especialmente cerca del enorme Centro de Convenciones y Exposiciones, las opiniones de los viajeros son su mejor gu\u00eda. Y en el Hotel Eeril (sucursal de Futian), los hu\u00e9spedes no solo quedan satisfechos, sino que est\u00e1n realmente encantados. Con m\u00e1s de <\/span><strong class=\"qwen-markdown-strong\"><span class=\"qwen-markdown-text\">10.685 opiniones de hu\u00e9spedes verificadas<\/span><\/strong><span class=\"qwen-markdown-text\"> y un sobresaliente <\/span><strong class=\"qwen-markdown-strong\"><span class=\"qwen-markdown-text\">Calificaci\u00f3n 9.4\/10<\/span><\/strong><span class=\"qwen-markdown-text\">, Este moderno hotel de 4 estrellas se ha ganado la reputaci\u00f3n de ser uno de los alojamientos mejor valorados de la ciudad tanto para viajeros de negocios como de placer.<\/span><\/p><p class=\"qwen-markdown-paragraph\"><span class=\"qwen-markdown-text\">Analicemos lo que dicen los hu\u00e9spedes reales, desde profesionales solitarios hasta parejas y familias, y descubramos por qu\u00e9 Eeril Hotel supera constantemente las expectativas.<\/span><\/p><div class=\"qwen-markdown-hr\"><hr \/><\/div><h3 class=\"qwen-markdown-heading\"><span class=\"qwen-markdown-text\">\ud83c\udf1f \u201cLimpio, silencioso y con estilo\u201d: la opini\u00f3n de los hu\u00e9spedes de #1<\/span><\/h3><p class=\"qwen-markdown-paragraph\"><span class=\"qwen-markdown-text\">\u00bfEl consenso abrumador? <\/span><strong class=\"qwen-markdown-strong\"><span class=\"qwen-markdown-text\">La limpieza es el rey<\/span><\/strong><span class=\"qwen-markdown-text\"> \u2014 Y Eeril cumple. Los hu\u00e9spedes elogian repetidamente las habitaciones impecables, la ropa de cama limpia y el meticuloso servicio de limpieza. Un usuario reciente, el 14 de diciembre de 2025, escribi\u00f3:<\/span><\/p><blockquote class=\"qwen-markdown-blockquote\"><p class=\"qwen-markdown-paragraph\"><em><span class=\"qwen-markdown-text\">\u201cLa habitaci\u00f3n es muy buena. Volver\u00e9 aqu\u00ed con mi familia. Se lo recomiendo a todo el mundo. Estoy encantada de pasar la noche aqu\u00ed.\u201d<\/span><\/em><\/p><\/blockquote><p class=\"qwen-markdown-paragraph\"><span class=\"qwen-markdown-text\">Otro repiti\u00f3: <\/span><\/p><blockquote class=\"qwen-markdown-blockquote\"><p class=\"qwen-markdown-paragraph\"><em><span class=\"qwen-markdown-text\">\u201cEl servicio es muy bueno y perfecto. Todos son amables y volveremos con mis amigos.\u201d<\/span><\/em><\/p><\/blockquote><p class=\"qwen-markdown-paragraph\"><span class=\"qwen-markdown-text\">Esto no es nada. Con una puntuaci\u00f3n de limpieza de <\/span><strong class=\"qwen-markdown-strong\"><span class=\"qwen-markdown-text\">9.4\/10<\/span><\/strong><span class=\"qwen-markdown-text\"> \u2014Al igual que su calificaci\u00f3n general\u2014, Eeril Hotel claramente prioriza la higiene, lo que lo convierte en uno de los favoritos tanto entre los germof\u00f3bicos como entre los viajeros preocupados por la salud.<\/span><\/p><div class=\"qwen-markdown-hr\"><hr \/><\/div><h3 class=\"qwen-markdown-heading\"><span class=\"qwen-markdown-text\">\ud83d\udccd Ubicaci\u00f3n, ubicaci\u00f3n, ubicaci\u00f3n: a pasos del metro, centro de convenciones y m\u00e1s<\/span><\/h3><p class=\"qwen-markdown-paragraph\"><span class=\"qwen-markdown-text\">Los hu\u00e9spedes elogian la inmejorable ubicaci\u00f3n, ubicada en <\/span><strong class=\"qwen-markdown-strong\"><span class=\"qwen-markdown-text\">Carretera Fumin n.\u00b0 199<\/span><\/strong><span class=\"qwen-markdown-text\">, solo un <\/span><strong class=\"qwen-markdown-strong\"><span class=\"qwen-markdown-text\">Caminata de 280 metros hasta la estaci\u00f3n de metro Shixia<\/span><\/strong><span class=\"qwen-markdown-text\"> (L\u00edneas 3 y 7), y s\u00f3lo <\/span><strong class=\"qwen-markdown-strong\"><span class=\"qwen-markdown-text\">A 2,9 km de la estaci\u00f3n de tren de Futian<\/span><\/strong><span class=\"qwen-markdown-text\">. Ya sea que asista a una gran exposici\u00f3n o explore el horizonte de Shenzhen, el transporte p\u00fablico es muy sencillo.<\/span><\/p><blockquote class=\"qwen-markdown-blockquote\"><p class=\"qwen-markdown-paragraph\"><em><span class=\"qwen-markdown-text\">\u201cF\u00e1cil acceso a las l\u00edneas 3 y 7 del metro, as\u00ed como a tiendas y restaurantes cercanos. El ambiente es tranquilo, limpio y elegante.\u201d<\/span><\/em><span class=\"qwen-markdown-text\"> Notas: Una rese\u00f1a resumida por IA basada en 3.609 comentarios de hu\u00e9spedes.<\/span><\/p><\/blockquote><p class=\"qwen-markdown-paragraph\"><span class=\"qwen-markdown-text\">La proximidad al Parque COCO, el Mercado Nocturno de Tiantai y el pintoresco Parque Ecol\u00f3gico de Manglares de Futian aumenta el atractivo, lo que hace que Eeril sea un lugar ideal tanto para trabajar como para divertirse.<\/span><\/p><div class=\"qwen-markdown-hr\"><hr \/><\/div><h3 class=\"qwen-markdown-heading\"><span class=\"qwen-markdown-text\">\ud83d\udecf\ufe0f Comodidad en la habitaci\u00f3n: moderna, elegante y espaciosa<\/span><\/h3><p class=\"qwen-markdown-paragraph\"><span class=\"qwen-markdown-text\">Con 156 habitaciones cuidadosamente dise\u00f1adas, que incluyen habitaciones Deluxe con cama doble, habitaciones tem\u00e1ticas Heartbeat y habitaciones dobles Happy Dream, los hu\u00e9spedes disfrutan de comodidades modernas como:<\/span><\/p><ul class=\"qwen-markdown-list\" dir=\"auto\"><li><span class=\"qwen-markdown-text\">Controles inteligentes para toda la casa<\/span><\/li><li><span class=\"qwen-markdown-text\">Wi-Fi de alta velocidad gratuito<\/span><\/li><li><span class=\"qwen-markdown-text\">Frigor\u00edfico y minibar<\/span><\/li><li><span class=\"qwen-markdown-text\">Ventanas insonorizadas<\/span><\/li><li><span class=\"qwen-markdown-text\">Aire acondicionado y ba\u00f1os privados.<\/span><\/li><\/ul><p class=\"qwen-markdown-paragraph\"><span class=\"qwen-markdown-text\">Muchos cr\u00edticos destacan la <\/span><strong class=\"qwen-markdown-strong\"><span class=\"qwen-markdown-text\">ambiente tranquilo<\/span><\/strong><span class=\"qwen-markdown-text\"> y <\/span><strong class=\"qwen-markdown-strong\"><span class=\"qwen-markdown-text\">sensaci\u00f3n de amplitud<\/span><\/strong><span class=\"qwen-markdown-text\">, Incluso en habitaciones m\u00e1s peque\u00f1as, como la habitaci\u00f3n tem\u00e1tica Heartbeat de 20-25 m\u00b2. Un hu\u00e9sped coment\u00f3: <\/span><\/p><blockquote class=\"qwen-markdown-blockquote\"><p class=\"qwen-markdown-paragraph\"><em><span class=\"qwen-markdown-text\">\u201cLas habitaciones se describen constantemente como limpias, c\u00f3modas y equipadas con comodidades modernas. La tranquilidad y la amplitud contribuyen a una estancia relajante.\u201d<\/span><\/em><\/p><\/blockquote><p class=\"qwen-markdown-paragraph\"><span class=\"qwen-markdown-text\">Ya sea que est\u00e9 trabajando hasta tarde o descansando despu\u00e9s de un largo d\u00eda, su habitaci\u00f3n se convierte en un santuario sereno.<\/span><\/p><div class=\"qwen-markdown-hr\"><hr \/><\/div><h3 class=\"qwen-markdown-heading\"><span class=\"qwen-markdown-text\">\ud83d\udc65 Excelencia en el servicio: Personal amable y comodidad con tecnolog\u00eda de punta<\/span><\/h3><p class=\"qwen-markdown-paragraph\"><span class=\"qwen-markdown-text\">El servicio obtiene una puntuaci\u00f3n s\u00f3lida <\/span><strong class=\"qwen-markdown-strong\"><span class=\"qwen-markdown-text\">9.3\/10<\/span><\/strong><span class=\"qwen-markdown-text\">, Gracias a nuestro atento personal multiling\u00fce que habla ingl\u00e9s y mandar\u00edn. Desde recepci\u00f3n las 24 horas hasta quioscos de autofacturaci\u00f3n e incluso... <\/span><strong class=\"qwen-markdown-strong\"><span class=\"qwen-markdown-text\">robots de servicio<\/span><\/strong><span class=\"qwen-markdown-text\"> Al entregar art\u00edculos, Eeril combina la calidez humana con tecnolog\u00eda inteligente.<\/span><\/p><p class=\"qwen-markdown-paragraph\"><span class=\"qwen-markdown-text\">Los hu\u00e9spedes mencionan con frecuencia la <\/span><strong class=\"qwen-markdown-strong\"><span class=\"qwen-markdown-text\">personal amable y servicial<\/span><\/strong><span class=\"qwen-markdown-text\"> \u2014una joya poco com\u00fan en los hoteles urbanos m\u00e1s concurridos. Como lo expres\u00f3 un visitante: <\/span><\/p><blockquote class=\"qwen-markdown-blockquote\"><p class=\"qwen-markdown-paragraph\"><em><span class=\"qwen-markdown-text\">\u201cEl servicio es muy amable y atento. Volver\u00e9 con mis amigos. Recomendar\u00e9 el hotel a todo el mundo.\u201d<\/span><\/em><\/p><\/blockquote><p class=\"qwen-markdown-paragraph\"><span class=\"qwen-markdown-text\">Si bien un peque\u00f1o n\u00famero de hu\u00e9spedes sugieren mejoras en el rendimiento del aire acondicionado o en la amabilidad del personal, estos son valores at\u00edpicos en un mar de comentarios abrumadoramente positivos.<\/span><\/p><div class=\"qwen-markdown-hr\"><hr \/><\/div><h3 class=\"qwen-markdown-heading\"><span class=\"qwen-markdown-text\">\ud83c\udf7d\ufe0f Desayuno y cena: Fresco, estilo buffet chino<\/span><\/h3><p class=\"qwen-markdown-paragraph\"><span class=\"qwen-markdown-text\">Empieza bien el d\u00eda con un delicioso <\/span><strong class=\"qwen-markdown-strong\"><span class=\"qwen-markdown-text\">Desayuno buffet estilo chino<\/span><\/strong><span class=\"qwen-markdown-text\"> Se sirve todos los d\u00edas de 7:00 a 10:00. Con un precio de 38 CNY por adulto, ofrece una deliciosa variedad de platos locales favoritos, ideal antes de ir a reuniones o a hacer turismo.<\/span><\/p><p class=\"qwen-markdown-paragraph\"><span class=\"qwen-markdown-text\">Para antojos nocturnos o bocadillos r\u00e1pidos, el bar del vest\u00edbulo y el servicio de habitaci\u00f3n 24 horas, los 7 d\u00edas de la semana, garantizan que nunca estar\u00e1 lejos de los refrigerios.<\/span><\/p><div class=\"qwen-markdown-hr\"><hr \/><\/div><h3 class=\"qwen-markdown-heading\"><span class=\"qwen-markdown-text\">\ud83e\uddf3 Beneficios para las empresas que impresionan<\/span><\/h3><p class=\"qwen-markdown-paragraph\"><span class=\"qwen-markdown-text\">Los profesionales adoran Eeril por sus instalaciones empresariales impecables:<\/span><\/p><ul class=\"qwen-markdown-list\" dir=\"auto\"><li><span class=\"qwen-markdown-text\"><strong class=\"qwen-markdown-strong\">Salas de conferencias y multifunci\u00f3n<\/strong> con configuraciones multimedia<\/span><\/li><li><span class=\"qwen-markdown-text\"><strong class=\"qwen-markdown-strong\">Espacios de coworking y centro de negocios<\/strong><\/span><\/li><li><span class=\"qwen-markdown-text\"><strong class=\"qwen-markdown-strong\">Servicios de fax\/fotocopias y apoyo secretarial<\/strong><\/span><\/li><li><span class=\"qwen-markdown-text\"><strong class=\"qwen-markdown-strong\">Estaci\u00f3n de carga para veh\u00edculos el\u00e9ctricos y aparcamiento p\u00fablico gratuito<\/strong><\/span><\/li><\/ul><p class=\"qwen-markdown-paragraph\"><span class=\"qwen-markdown-text\">Un viajero corporativo coment\u00f3: <\/span><\/p><blockquote class=\"qwen-markdown-blockquote\"><p class=\"qwen-markdown-paragraph\"><em><span class=\"qwen-markdown-text\">\u201cPerfecto para conferencias: f\u00e1cil acceso al Centro de Exposiciones y excelentes salas de reuniones. El personal ayud\u00f3 a organizar todo sin problemas.\u201d<\/span><\/em><\/p><\/blockquote><div class=\"qwen-markdown-hr\"><hr \/><\/div><h3 class=\"qwen-markdown-heading\"><span class=\"qwen-markdown-text\">\ud83d\udcbc Ideal para parejas, viajeros solitarios y familias<\/span><\/h3><p class=\"qwen-markdown-paragraph\"><span class=\"qwen-markdown-text\">Aunque es especialmente popular entre parejas (como se indica en la descripci\u00f3n del hotel), Eeril recibe hu\u00e9spedes de todas las edades. Los ni\u00f1os menores de 1,2 m de desayuno son gratuitos, y el ambiente tranquilo y limpio del hotel tambi\u00e9n lo hace ideal para familias.<\/span><\/p><p class=\"qwen-markdown-paragraph\"><span class=\"qwen-markdown-text\">Los viajeros solitarios valoran la seguridad, la privacidad y las caracter\u00edsticas tecnol\u00f3gicas, mientras que los grupos se benefician de opciones de habitaciones flexibles y una ubicaci\u00f3n central.<\/span><\/p><div class=\"qwen-markdown-hr\"><hr \/><\/div><h3 class=\"qwen-markdown-heading\"><span class=\"qwen-markdown-text\">\u2b50 \u00bfQu\u00e9 distingue a Eeril? Resumen de las opiniones de los hu\u00e9spedes<\/span><\/h3><p class=\"qwen-markdown-paragraph\"><span class=\"qwen-markdown-text\">Bas\u00e1ndonos en miles de rese\u00f1as, esto es lo que m\u00e1s les gusta a los hu\u00e9spedes:<\/span><\/p><p class=\"qwen-markdown-paragraph\"><span class=\"qwen-markdown-text\">\u2705 <\/span><strong class=\"qwen-markdown-strong\"><span class=\"qwen-markdown-text\">Limpieza excepcional<\/span><\/strong><span class=\"qwen-markdown-text\"> \u2013 Calificaci\u00f3n constante de 9,4\/10<\/span><br \/><span class=\"qwen-markdown-text\">\u2705 <\/span><strong class=\"qwen-markdown-strong\"><span class=\"qwen-markdown-text\">Ubicaci\u00f3n privilegiada<\/span><\/strong><span class=\"qwen-markdown-text\"> \u2013 Camine hasta el metro, el tren y las atracciones.<\/span><br \/><span class=\"qwen-markdown-text\">\u2705 <\/span><strong class=\"qwen-markdown-strong\"><span class=\"qwen-markdown-text\">Habitaciones modernas e inteligentes<\/span><\/strong><span class=\"qwen-markdown-text\"> \u2013 Tranquilo, espacioso y con tecnolog\u00eda avanzada.<\/span><br \/><span class=\"qwen-markdown-text\">\u2705 <\/span><strong class=\"qwen-markdown-strong\"><span class=\"qwen-markdown-text\">Personal amable y servicial<\/span><\/strong><span class=\"qwen-markdown-text\"> \u2013 Multiling\u00fce y receptivo<\/span><br \/><span class=\"qwen-markdown-text\">\u2705 <\/span><strong class=\"qwen-markdown-strong\"><span class=\"qwen-markdown-text\">Listo para los negocios<\/span><\/strong><span class=\"qwen-markdown-text\"> \u2013 Salas de reuniones, carga de veh\u00edculos el\u00e9ctricos, zonas de coworking<\/span><br \/><span class=\"qwen-markdown-text\">\u2705 <\/span><strong class=\"qwen-markdown-strong\"><span class=\"qwen-markdown-text\">Relaci\u00f3n calidad-precio<\/span><\/strong><span class=\"qwen-markdown-text\"> \u2013 Precios competitivos para una experiencia de 4 estrellas <\/span><\/p><div class=\"qwen-markdown-hr\"><hr \/><\/div><h3 class=\"qwen-markdown-heading\"><span class=\"qwen-markdown-text\">\u2753 Preguntas frecuentes respondidas por hu\u00e9spedes reales<\/span><\/h3><p class=\"qwen-markdown-paragraph\"><strong class=\"qwen-markdown-strong\"><span class=\"qwen-markdown-text\">P: \u00bfHay una piscina?<\/span><\/strong><br \/><span class=\"qwen-markdown-text\">R: No, el Hotel Eeril no tiene piscina.<\/span><\/p><div class=\"qwen-markdown-space\">\u00a0<\/div><p class=\"qwen-markdown-paragraph\"><strong class=\"qwen-markdown-strong\"><span class=\"qwen-markdown-text\">P: \u00bfSe permiten mascotas?<\/span><\/strong><br \/><span class=\"qwen-markdown-text\">R: No se permiten mascotas, pero los animales de servicio son bienvenidos si se solicita.<\/span><\/p><div class=\"qwen-markdown-space\">\u00a0<\/div><p class=\"qwen-markdown-paragraph\"><strong class=\"qwen-markdown-strong\"><span class=\"qwen-markdown-text\">P: \u00bfCu\u00e1les son los horarios de entrada y salida?<\/span><\/strong><br \/><span class=\"qwen-markdown-text\">A: Entrada despu\u00e9s de las 14:00, salida antes de las 12:00. Disponemos de quioscos de autofacturaci\u00f3n.<\/span><\/p><div class=\"qwen-markdown-space\">\u00a0<\/div><p class=\"qwen-markdown-paragraph\"><strong class=\"qwen-markdown-strong\"><span class=\"qwen-markdown-text\">P: \u00bfEl hotel ofrece traslados al aeropuerto?<\/span><\/strong><br \/><span class=\"qwen-markdown-text\">R: No, no se proporcionan servicios de transporte al aeropuerto.<\/span><\/p><div class=\"qwen-markdown-space\">\u00a0<\/div><div class=\"qwen-markdown-hr\"><hr \/><\/div><div class=\"qwen-markdown-space\">\u00a0<\/div><h3 class=\"qwen-markdown-heading\"><span class=\"qwen-markdown-text\">\ud83d\udcc8 Veredicto final: Por qu\u00e9 m\u00e1s de 10.685 viajeros dicen \u201cs\u00ed\u201d al Eeril Hotel<\/span><\/h3><p class=\"qwen-markdown-paragraph\"><span class=\"qwen-markdown-text\">En una ciudad tan din\u00e1mica y competitiva como Shenzhen, encontrar un hotel que equilibre <\/span><strong class=\"qwen-markdown-strong\"><span class=\"qwen-markdown-text\">Ubicaci\u00f3n, comodidad, limpieza y servicio.<\/span><\/strong><span class=\"qwen-markdown-text\"> No es poca cosa. El Hotel Eeril (sucursal del Centro de Convenciones y Exposiciones de Futian) no solo cumple con esos est\u00e1ndares, sino que los establece.<\/span><\/p><p class=\"qwen-markdown-paragraph\"><span class=\"qwen-markdown-text\">Ya sea que asista a una feria comercial, cierre un trato o simplemente se empape de la energ\u00eda de la capital de la innovaci\u00f3n de China, Eeril ofrece la combinaci\u00f3n perfecta de tecnolog\u00eda inteligente, dise\u00f1o cuidado y hospitalidad genuina. Con una calificaci\u00f3n de 9.4\/10, respaldada por m\u00e1s de 10,000 rese\u00f1as reales, es evidente: este no es un hotel cualquiera, es su refugio ideal para el \u00e9xito y la relajaci\u00f3n en el coraz\u00f3n de Futian.<\/span><\/p><p class=\"qwen-markdown-paragraph\"><strong class=\"qwen-markdown-strong\"><span class=\"qwen-markdown-text\">Reserve su estad\u00eda hoy: \u00fanase a los miles de viajeros que ya descubrieron por qu\u00e9 Eeril Hotel brilla m\u00e1s que el resto.<\/span><\/strong><\/p>\t\t\t\t\t\t\t\t<\/div>\n\t\t\t\t\t<\/div>\n\t\t\t\t<\/div>\n\t\t\t\t<\/div>","protected":false},"excerpt":{"rendered":"<p>Eeril Hotel (Shenzhen Futian Convention and Exhibition Center Branch) \u2013 Real Guest Experiences &amp; Reviews: Why 10,685+ Travelers Rate It 9.4\/10 When choosing a hotel in Shenzhen\u2019s bustling Futian District \u2014 especially near the massive Convention and Exhibition Center \u2014 traveler reviews are your most trusted compass. And at Eeril Hotel (Futian Branch), guests aren\u2019t [&hellip;]<\/p>\n","protected":false},"author":1,"featured_media":0,"parent":0,"menu_order":0,"comment_status":"closed","ping_status":"closed","template":"","meta":{"footnotes":""},"class_list":["post-2106","page","type-page","status-publish","hentry","post-no-thumbnail"],"_links":{"self":[{"href":"https:\/\/eerilhotel.com\/es\/wp-json\/wp\/v2\/pages\/2106","targetHints":{"allow":["GET"]}}],"collection":[{"href":"https:\/\/eerilhotel.com\/es\/wp-json\/wp\/v2\/pages"}],"about":[{"href":"https:\/\/eerilhotel.com\/es\/wp-json\/wp\/v2\/types\/page"}],"author":[{"embeddable":true,"href":"https:\/\/eerilhotel.com\/es\/wp-json\/wp\/v2\/users\/1"}],"replies":[{"embeddable":true,"href":"https:\/\/eerilhotel.com\/es\/wp-json\/wp\/v2\/comments?post=2106"}],"version-history":[{"count":0,"href":"https:\/\/eerilhotel.com\/es\/wp-json\/wp\/v2\/pages\/2106\/revisions"}],"wp:attachment":[{"href":"https:\/\/eerilhotel.com\/es\/wp-json\/wp\/v2\/media?parent=2106"}],"curies":[{"name":"wp","href":"https:\/\/api.w.org\/{rel}","templated":true}]}}