{"id":5266,"date":"2021-07-18T08:03:35","date_gmt":"2021-07-18T08:03:35","guid":{"rendered":"https:\/\/nuss.uxper.co\/luxury-resort\/?page_id=5266"},"modified":"2025-12-14T13:33:20","modified_gmt":"2025-12-14T13:33:20","slug":"sobre-nosotros","status":"publish","type":"page","link":"https:\/\/eerilhotel.com\/es\/sobre-nosotros\/","title":{"rendered":"Sobre nosotros"},"content":{"rendered":"<div data-elementor-type=\"wp-page\" data-elementor-id=\"5266\" class=\"elementor elementor-5266\">\n\t\t\t\t\t\t<section class=\"elementor-section elementor-top-section elementor-element elementor-element-10416953 elementor-section-boxed elementor-section-gap-beside-yes elementor-section-height-default elementor-section-height-default elementor-section-column-vertical-align-stretch\" data-id=\"10416953\" data-element_type=\"section\" data-e-type=\"section\">\n\t\t\t\t\t\t<div class=\"elementor-container elementor-column-gap-extended\">\n\t\t\t\t\t<div class=\"elementor-column elementor-col-100 elementor-top-column elementor-element elementor-element-29c6aa8\" data-id=\"29c6aa8\" data-element_type=\"column\" data-e-type=\"column\">\n\t\t\t<div class=\"elementor-widget-wrap elementor-element-populated\">\n\t\t\t\t\t\t<div class=\"elementor-element elementor-element-7be18fe7 elementor-widget__width-initial elementor-invisible elementor-widget elementor-widget-text-editor\" data-id=\"7be18fe7\" data-element_type=\"widget\" data-e-type=\"widget\" data-settings=\"{&quot;_animation&quot;:&quot;nussFadeInUp&quot;}\" data-widget_type=\"text-editor.default\">\n\t\t\t\t\t\t\t\t\t<div class=\"svelte-1c06zsf\" data-lang-code=\"\"><p class=\"qwen-markdown-paragraph\"><strong class=\"qwen-markdown-strong\"><span class=\"qwen-markdown-text\" data-spm-anchor-id=\"a2ty_o01.29997173.0.i24.7aab5171oMV61N\">Hotel Eeril (sucursal del Centro de Convenciones y Exposiciones Futian de Shenzhen): su puerta de entrada elegante y con estilo al coraz\u00f3n de negocios y estilo de vida de Shenzhen<\/span><\/strong><\/p><\/div>\t\t\t\t\t\t\t\t<\/div>\n\t\t\t\t\t<\/div>\n\t\t<\/div>\n\t\t\t\t\t<\/div>\n\t\t<\/section>\n\t\t\t\t<section class=\"elementor-section elementor-top-section elementor-element elementor-element-7d18327f elementor-section-boxed elementor-section-gap-beside-yes elementor-section-height-default elementor-section-height-default elementor-section-column-vertical-align-stretch\" data-id=\"7d18327f\" data-element_type=\"section\" data-e-type=\"section\">\n\t\t\t\t\t\t<div class=\"elementor-container elementor-column-gap-extended\">\n\t\t\t\t\t<div class=\"elementor-column elementor-col-50 elementor-top-column elementor-element elementor-element-56533670\" data-id=\"56533670\" data-element_type=\"column\" data-e-type=\"column\">\n\t\t\t<div class=\"elementor-widget-wrap elementor-element-populated\">\n\t\t\t\t\t\t<div class=\"elementor-element elementor-element-19c3f543 elementor-drop-cap-yes elementor-drop-cap-view-default elementor-invisible elementor-widget elementor-widget-text-editor\" data-id=\"19c3f543\" data-element_type=\"widget\" data-e-type=\"widget\" data-settings=\"{&quot;_animation&quot;:&quot;nussFadeInUp&quot;,&quot;drop_cap&quot;:&quot;yes&quot;}\" data-widget_type=\"text-editor.default\">\n\t\t\t\t\t\t\t\t\t<p class=\"qwen-markdown-paragraph\"><span class=\"qwen-markdown-text\" data-spm-anchor-id=\"a2ty_o01.29997173.0.i25.7aab5171oMV61N\">Ubicado en el n\u00famero 199 de Fumin Road, en el din\u00e1mico distrito de Futian, el Hotel Eeril (sucursal del Centro de Convenciones y Exposiciones de Shenzhen Futian) es m\u00e1s que un simple lugar de descanso: es su punto de partida inteligente, pr\u00e1ctico y elegante para explorar el vibrante panorama empresarial de Shenzhen o su vibrante cultura. Inaugurado en 2022, este moderno hotel de 4 estrellas combina tecnolog\u00eda de vanguardia con una hospitalidad atenta, ofreciendo a sus hu\u00e9spedes una comodidad inigualable a pocos pasos del Centro de Convenciones y Exposiciones de Shenzhen, las principales l\u00edneas de metro y tiendas y restaurantes de primer nivel.<\/span><\/p>\t\t\t\t\t\t\t\t<\/div>\n\t\t\t\t\t<\/div>\n\t\t<\/div>\n\t\t\t\t<div class=\"elementor-column elementor-col-50 elementor-top-column elementor-element elementor-element-30f14127\" data-id=\"30f14127\" data-element_type=\"column\" data-e-type=\"column\">\n\t\t\t<div class=\"elementor-widget-wrap elementor-element-populated\">\n\t\t\t\t\t\t<div class=\"elementor-element elementor-element-59aea08 elementor-widget elementor-widget-image\" data-id=\"59aea08\" data-element_type=\"widget\" data-e-type=\"widget\" data-widget_type=\"image.default\">\n\t\t\t\t\t\t\t\t\t\t\t\t\t\t\t<img fetchpriority=\"high\" decoding=\"async\" width=\"1024\" height=\"819\" src=\"https:\/\/eerilhotel.com\/wp-content\/uploads\/2025\/12\/Eeril-hotel-30-1024x819.webp\" class=\"attachment-large size-large wp-image-7221\" alt=\"\" srcset=\"https:\/\/eerilhotel.com\/wp-content\/uploads\/2025\/12\/Eeril-hotel-30-1024x819.webp 1024w, https:\/\/eerilhotel.com\/wp-content\/uploads\/2025\/12\/Eeril-hotel-30-300x240.webp 300w, https:\/\/eerilhotel.com\/wp-content\/uploads\/2025\/12\/Eeril-hotel-30-768x615.webp 768w, https:\/\/eerilhotel.com\/wp-content\/uploads\/2025\/12\/Eeril-hotel-30-15x12.webp 15w, https:\/\/eerilhotel.com\/wp-content\/uploads\/2025\/12\/Eeril-hotel-30.webp 1066w\" sizes=\"(max-width: 1024px) 100vw, 1024px\" \/>\t\t\t\t\t\t\t\t\t\t\t\t\t\t\t<\/div>\n\t\t\t\t\t<\/div>\n\t\t<\/div>\n\t\t\t\t\t<\/div>\n\t\t<\/section>\n\t\t\t\t<section class=\"elementor-section elementor-top-section elementor-element elementor-element-29fb8578 elementor-section-height-min-height elementor-section-stretched elementor-section-full_width elementor-section-items-stretch elementor-section-height-default elementor-section-column-vertical-align-stretch\" data-id=\"29fb8578\" data-element_type=\"section\" data-e-type=\"section\" data-settings=\"{&quot;stretch_section&quot;:&quot;section-stretched&quot;}\">\n\t\t\t\t\t\t<div class=\"elementor-container elementor-column-gap-no\">\n\t\t\t\t\t<div class=\"elementor-column elementor-col-50 elementor-top-column elementor-element elementor-element-40ac270b\" data-id=\"40ac270b\" data-element_type=\"column\" data-e-type=\"column\">\n\t\t\t<div class=\"elementor-widget-wrap elementor-element-populated\">\n\t\t\t\t\t\t<div class=\"elementor-element elementor-element-20872773 elementor-widget__width-initial elementor-widget-mobile__width-inherit elementor-invisible nuss-elementor-loading nuss-slide-in-right elementor-widget elementor-widget-image\" data-id=\"20872773\" data-element_type=\"widget\" data-e-type=\"widget\" data-settings=\"{&quot;_animation&quot;:&quot;nussSlideInRight&quot;}\" data-widget_type=\"image.default\">\n\t\t\t\t\t\t\t\t\t\t\t\t\t\t\t<img decoding=\"async\" width=\"1280\" height=\"853\" src=\"https:\/\/eerilhotel.com\/wp-content\/uploads\/2025\/12\/Eeril-hotel-15.webp\" class=\"attachment-full size-full wp-image-7206\" alt=\"\" srcset=\"https:\/\/eerilhotel.com\/wp-content\/uploads\/2025\/12\/Eeril-hotel-15.webp 1280w, https:\/\/eerilhotel.com\/wp-content\/uploads\/2025\/12\/Eeril-hotel-15-300x200.webp 300w, https:\/\/eerilhotel.com\/wp-content\/uploads\/2025\/12\/Eeril-hotel-15-1024x682.webp 1024w, https:\/\/eerilhotel.com\/wp-content\/uploads\/2025\/12\/Eeril-hotel-15-768x512.webp 768w, https:\/\/eerilhotel.com\/wp-content\/uploads\/2025\/12\/Eeril-hotel-15-18x12.webp 18w\" sizes=\"(max-width: 1280px) 100vw, 1280px\" \/>\t\t\t\t\t\t\t\t\t\t\t\t\t\t\t<\/div>\n\t\t\t\t\t<\/div>\n\t\t<\/div>\n\t\t\t\t<div class=\"elementor-column elementor-col-50 elementor-top-column elementor-element elementor-element-2dac103\" data-id=\"2dac103\" data-element_type=\"column\" data-e-type=\"column\">\n\t\t\t<div class=\"elementor-widget-wrap elementor-element-populated\">\n\t\t\t\t\t\t<div class=\"elementor-element elementor-element-6f1b8966 elementor-invisible elementor-widget elementor-widget-text-editor\" data-id=\"6f1b8966\" data-element_type=\"widget\" data-e-type=\"widget\" data-settings=\"{&quot;_animation&quot;:&quot;nussFadeInUp&quot;}\" data-widget_type=\"text-editor.default\">\n\t\t\t\t\t\t\t\t\t<p class=\"qwen-markdown-paragraph\"><span class=\"qwen-markdown-text\" data-spm-anchor-id=\"a2ty_o01.29997173.0.i27.7aab5171oMV61N\">Perfecto tanto para viajeros de negocios como de placer, el Hotel Eeril se encuentra a 5 minutos a pie de la estaci\u00f3n de metro Shixia (l\u00edneas 3 y 7), lo que le permite acceder f\u00e1cilmente a la estaci\u00f3n de tren de Futian (a solo 2,9 km), al emblem\u00e1tico Centro Financiero Ping An, al Parque COCO y al exuberante Parque Ecol\u00f3gico de Manglares de Futian. Ya sea que asista a una conferencia, cierre un trato o simplemente disfrute de la energ\u00eda de la capital tecnol\u00f3gica de China, la ubicaci\u00f3n es estrat\u00e9gica.<\/span><\/p><div class=\"qwen-markdown-space\">\u00a0<\/div><p class=\"qwen-markdown-paragraph\"><span class=\"qwen-markdown-text\">Las 156 habitaciones del hotel, cuidadosamente dise\u00f1adas, cuentan con controles inteligentes completos, ventanas insonorizadas, wifi gratuito, minibar y una decoraci\u00f3n elegante y minimalista, desde la compacta pero acogedora habitaci\u00f3n tem\u00e1tica Heartbeat hasta la espaciosa habitaci\u00f3n Deluxe con cama doble. Los hu\u00e9spedes destacan la excepcional limpieza, el ambiente tranquilo y las modernas comodidades que hacen que cada estancia sea relajante y productiva.<\/span><\/p>\t\t\t\t\t\t\t\t<\/div>\n\t\t\t\t\t<\/div>\n\t\t<\/div>\n\t\t\t\t\t<\/div>\n\t\t<\/section>\n\t\t\t\t<section class=\"elementor-section elementor-top-section elementor-element elementor-element-b96e9e9 elementor-section-height-min-height elementor-section-stretched elementor-section-full_width elementor-section-items-stretch elementor-section-height-default elementor-section-column-vertical-align-stretch\" data-id=\"b96e9e9\" data-element_type=\"section\" data-e-type=\"section\" data-settings=\"{&quot;stretch_section&quot;:&quot;section-stretched&quot;}\">\n\t\t\t\t\t\t<div class=\"elementor-container elementor-column-gap-no\">\n\t\t\t\t\t<div class=\"elementor-column elementor-col-50 elementor-top-column elementor-element elementor-element-79ab575\" data-id=\"79ab575\" data-element_type=\"column\" data-e-type=\"column\">\n\t\t\t<div class=\"elementor-widget-wrap elementor-element-populated\">\n\t\t\t\t\t\t<div class=\"elementor-element elementor-element-0ec748a elementor-invisible elementor-widget elementor-widget-text-editor\" data-id=\"0ec748a\" data-element_type=\"widget\" data-e-type=\"widget\" data-settings=\"{&quot;_animation&quot;:&quot;nussFadeInUp&quot;}\" data-widget_type=\"text-editor.default\">\n\t\t\t\t\t\t\t\t\t<p class=\"qwen-markdown-paragraph\"><span class=\"qwen-markdown-text\" data-spm-anchor-id=\"a2ty_o01.29997173.0.i28.7aab5171oMV61N\">Revitalice su d\u00eda con un delicioso desayuno buffet chino servido a diario de 7:00 a 10:00, o rel\u00e1jese con aperitivos y bebidas en el bar del vest\u00edbulo o en el servicio de habitaciones 24\/7. Adem\u00e1s de la habitaci\u00f3n, disfrute de la carga gratuita de veh\u00edculos el\u00e9ctricos, un gimnasio totalmente equipado, un tranquilo sal\u00f3n de t\u00e9, una biblioteca tranquila e incluso robots de servicio que le ofrecen eficiencia con una sonrisa. El aparcamiento p\u00fablico gratuito, la consigna de equipaje y los quioscos de autofacturaci\u00f3n garantizan una llegada y una salida sin contratiempos.<\/span><\/p><div class=\"qwen-markdown-space\">\u00a0<\/div><p class=\"qwen-markdown-paragraph\" data-spm-anchor-id=\"a2ty_o01.29997173.0.i29.7aab5171oMV61N\"><span class=\"qwen-markdown-text\">Con una excelente calificaci\u00f3n de 9,4\/10 basada en m\u00e1s de 10\u00a0000 opiniones, el Hotel Eeril destaca por su amable personal, su impecable entorno y su inmejorable ubicaci\u00f3n, lo que lo convierte en una excelente opci\u00f3n tanto para parejas como para viajeros solitarios y profesionales. Reserve su estancia hoy mismo y disfrute de Shenzhen con confianza, comodidad y un toque de sofisticaci\u00f3n en el Hotel Eeril, donde la innovaci\u00f3n se fusiona con la hospitalidad en el coraz\u00f3n de Futian.<\/span><\/p>\t\t\t\t\t\t\t\t<\/div>\n\t\t\t\t\t<\/div>\n\t\t<\/div>\n\t\t\t\t<div class=\"elementor-column elementor-col-50 elementor-top-column elementor-element elementor-element-af4d1a4\" data-id=\"af4d1a4\" data-element_type=\"column\" data-e-type=\"column\">\n\t\t\t<div class=\"elementor-widget-wrap elementor-element-populated\">\n\t\t\t\t\t\t<div class=\"elementor-element elementor-element-c830674 elementor-widget__width-initial elementor-widget-mobile__width-inherit elementor-invisible nuss-elementor-loading nuss-slide-in-right elementor-widget elementor-widget-image\" data-id=\"c830674\" data-element_type=\"widget\" data-e-type=\"widget\" data-settings=\"{&quot;_animation&quot;:&quot;nussSlideInRight&quot;}\" data-widget_type=\"image.default\">\n\t\t\t\t\t\t\t\t\t\t\t\t\t\t\t<img decoding=\"async\" width=\"1000\" height=\"800\" src=\"https:\/\/eerilhotel.com\/wp-content\/uploads\/2025\/12\/Eeril-hotel-14.webp\" class=\"attachment-full size-full wp-image-7205\" alt=\"\" srcset=\"https:\/\/eerilhotel.com\/wp-content\/uploads\/2025\/12\/Eeril-hotel-14.webp 1000w, https:\/\/eerilhotel.com\/wp-content\/uploads\/2025\/12\/Eeril-hotel-14-300x240.webp 300w, https:\/\/eerilhotel.com\/wp-content\/uploads\/2025\/12\/Eeril-hotel-14-768x614.webp 768w, https:\/\/eerilhotel.com\/wp-content\/uploads\/2025\/12\/Eeril-hotel-14-15x12.webp 15w\" sizes=\"(max-width: 1000px) 100vw, 1000px\" \/>\t\t\t\t\t\t\t\t\t\t\t\t\t\t\t<\/div>\n\t\t\t\t\t<\/div>\n\t\t<\/div>\n\t\t\t\t\t<\/div>\n\t\t<\/section>\n\t\t\t\t<\/div>","protected":false},"excerpt":{"rendered":"<p>Eeril Hotel (Shenzhen Futian Convention and Exhibition Center Branch) \u2013 Your Smart, Stylish Gateway to Shenzhen\u2019s Business &amp; Lifestyle Heart Nestled at No. 199 Fumin Road in the dynamic Futian District, Eeril Hotel (Shenzhen Futian Convention and Exhibition Center Branch) is more than just a place to rest \u2014 it\u2019s your intelligent, convenient, and stylish [&hellip;]<\/p>\n","protected":false},"author":1,"featured_media":0,"parent":0,"menu_order":0,"comment_status":"closed","ping_status":"closed","template":"","meta":{"footnotes":""},"class_list":["post-5266","page","type-page","status-publish","hentry","post-no-thumbnail"],"_links":{"self":[{"href":"https:\/\/eerilhotel.com\/es\/wp-json\/wp\/v2\/pages\/5266","targetHints":{"allow":["GET"]}}],"collection":[{"href":"https:\/\/eerilhotel.com\/es\/wp-json\/wp\/v2\/pages"}],"about":[{"href":"https:\/\/eerilhotel.com\/es\/wp-json\/wp\/v2\/types\/page"}],"author":[{"embeddable":true,"href":"https:\/\/eerilhotel.com\/es\/wp-json\/wp\/v2\/users\/1"}],"replies":[{"embeddable":true,"href":"https:\/\/eerilhotel.com\/es\/wp-json\/wp\/v2\/comments?post=5266"}],"version-history":[{"count":0,"href":"https:\/\/eerilhotel.com\/es\/wp-json\/wp\/v2\/pages\/5266\/revisions"}],"wp:attachment":[{"href":"https:\/\/eerilhotel.com\/es\/wp-json\/wp\/v2\/media?parent=5266"}],"curies":[{"name":"wp","href":"https:\/\/api.w.org\/{rel}","templated":true}]}}