{"id":612,"date":"2021-03-26T10:04:13","date_gmt":"2021-03-26T10:04:13","guid":{"rendered":"http:\/\/localhost\/nuss\/?page_id=612"},"modified":"2025-12-14T14:07:33","modified_gmt":"2025-12-14T14:07:33","slug":"restaurante","status":"publish","type":"page","link":"https:\/\/eerilhotel.com\/es\/restaurante\/","title":{"rendered":"Restaurante"},"content":{"rendered":"<div data-elementor-type=\"wp-page\" data-elementor-id=\"612\" class=\"elementor elementor-612\">\n\t\t\t\t\t\t<section class=\"elementor-section elementor-top-section elementor-element elementor-element-e2effe8 elementor-section-boxed elementor-section-gap-beside-yes elementor-section-height-default elementor-section-height-default elementor-section-column-vertical-align-stretch\" data-id=\"e2effe8\" data-element_type=\"section\" data-e-type=\"section\">\n\t\t\t\t\t\t<div class=\"elementor-container elementor-column-gap-extended\">\n\t\t\t\t\t<div class=\"elementor-column elementor-col-100 elementor-top-column elementor-element elementor-element-e18f688\" data-id=\"e18f688\" data-element_type=\"column\" data-e-type=\"column\">\n\t\t\t<div class=\"elementor-widget-wrap elementor-element-populated\">\n\t\t\t\t\t\t<div class=\"elementor-element elementor-element-6db146d elementor-widget__width-initial elementor-invisible elementor-widget elementor-widget-text-editor\" data-id=\"6db146d\" data-element_type=\"widget\" data-e-type=\"widget\" data-settings=\"{&quot;_animation&quot;:&quot;nussFadeInUp&quot;}\" data-widget_type=\"text-editor.default\">\n\t\t\t\t\t\t\t\t\t<div class=\"svelte-1c06zsf\" data-lang-code=\"\"><p class=\"qwen-markdown-paragraph\" data-spm-anchor-id=\"a2ty_o01.29997173.0.i59.7aab5171oMV61N\"><strong class=\"qwen-markdown-strong\"><span class=\"qwen-markdown-text\">Empieza bien el d\u00eda: saborea los sabores de Shenzhen en el restaurante del Hotel Eeril<\/span><\/strong><\/p><\/div>\t\t\t\t\t\t\t\t<\/div>\n\t\t\t\t\t<\/div>\n\t\t<\/div>\n\t\t\t\t\t<\/div>\n\t\t<\/section>\n\t\t<div class=\"elementor-element elementor-element-764955e e-flex e-con-boxed e-con e-parent\" data-id=\"764955e\" data-element_type=\"container\" data-e-type=\"container\">\n\t\t\t\t\t<div class=\"e-con-inner\">\n\t\t<div class=\"elementor-element elementor-element-3a71d84 e-con-full e-flex e-con e-child\" data-id=\"3a71d84\" data-element_type=\"container\" data-e-type=\"container\">\n\t\t\t\t<div class=\"elementor-element elementor-element-81a00fb elementor-widget elementor-widget-text-editor\" data-id=\"81a00fb\" data-element_type=\"widget\" data-e-type=\"widget\" data-widget_type=\"text-editor.default\">\n\t\t\t\t\t\t\t\t\t<p class=\"qwen-markdown-paragraph\"><span class=\"qwen-markdown-text\" data-spm-anchor-id=\"a2ty_o01.29997173.0.i57.7aab5171oMV61N\">Ubicado en el vibrante coraz\u00f3n del distrito de Futian, <\/span><strong class=\"qwen-markdown-strong\"><span class=\"qwen-markdown-text\">Hotel Eeril (Sucursal del Centro de Convenciones y Exposiciones Futian de Shenzhen)<\/span><\/strong><span class=\"qwen-markdown-text\"> No solo ofrece habitaciones elegantes y un servicio impecable, sino que le da la bienvenida cada ma\u00f1ana con un delicioso y revitalizante comienzo en su acogedor restaurante. Tanto si viaja por negocios con prisas a una reuni\u00f3n en el cercano Centro de Convenciones y Exposiciones de Shenzhen como si viaja por placer y planea explorar el Parque COCO y el Parque Ecol\u00f3gico de Manglares de Futian, nuestro restaurante est\u00e1 dise\u00f1ado para impulsar sus aventuras con aut\u00e9nticos sabores locales, c\u00e1lida hospitalidad y modernas comodidades.<\/span><\/p><div class=\"qwen-markdown-space\">\u00a0<\/div><p class=\"qwen-markdown-paragraph\"><span class=\"qwen-markdown-text\">Ubicado en <\/span><strong class=\"qwen-markdown-strong\"><span class=\"qwen-markdown-text\">Carretera Fumin n.\u00b0 199<\/span><\/strong><span class=\"qwen-markdown-text\">, Nuestro hotel se encuentra a solo 280 metros a pie de la estaci\u00f3n de metro Shixia, lo que nos convierte en la opci\u00f3n ideal para quienes valoran la ubicaci\u00f3n y la comodidad. \u00bfY qu\u00e9 mejor manera de comenzar su viaje a Shenzhen que con un desayuno completo servido en su propio lugar de descanso?<\/span><\/p>\t\t\t\t\t\t\t\t<\/div>\n\t\t\t\t<\/div>\n\t\t<div class=\"elementor-element elementor-element-bb76a06 e-con-full e-flex e-con e-child\" data-id=\"bb76a06\" data-element_type=\"container\" data-e-type=\"container\">\n\t\t\t\t<div class=\"elementor-element elementor-element-636ac5f elementor-widget elementor-widget-image\" data-id=\"636ac5f\" data-element_type=\"widget\" data-e-type=\"widget\" data-widget_type=\"image.default\">\n\t\t\t\t\t\t\t\t\t\t\t\t\t\t\t<img fetchpriority=\"high\" decoding=\"async\" width=\"1024\" height=\"752\" src=\"https:\/\/eerilhotel.com\/wp-content\/uploads\/2025\/12\/Eeril-hotel-67-1024x752.webp\" class=\"attachment-large size-large wp-image-7258\" alt=\"\" srcset=\"https:\/\/eerilhotel.com\/wp-content\/uploads\/2025\/12\/Eeril-hotel-67-1024x752.webp 1024w, https:\/\/eerilhotel.com\/wp-content\/uploads\/2025\/12\/Eeril-hotel-67-300x220.webp 300w, https:\/\/eerilhotel.com\/wp-content\/uploads\/2025\/12\/Eeril-hotel-67-768x564.webp 768w, https:\/\/eerilhotel.com\/wp-content\/uploads\/2025\/12\/Eeril-hotel-67-16x12.webp 16w, https:\/\/eerilhotel.com\/wp-content\/uploads\/2025\/12\/Eeril-hotel-67.webp 1161w\" sizes=\"(max-width: 1024px) 100vw, 1024px\" \/>\t\t\t\t\t\t\t\t\t\t\t\t\t\t\t<\/div>\n\t\t\t\t<\/div>\n\t\t\t\t\t<\/div>\n\t\t\t\t<\/div>\n\t\t<div class=\"elementor-element elementor-element-e5626a7 e-flex e-con-boxed e-con e-parent\" data-id=\"e5626a7\" data-element_type=\"container\" data-e-type=\"container\">\n\t\t\t\t\t<div class=\"e-con-inner\">\n\t\t\t\t<div class=\"elementor-element elementor-element-4ac24e6 elementor-widget elementor-widget-nuss-image-gallery\" data-id=\"4ac24e6\" data-element_type=\"widget\" data-e-type=\"widget\" data-widget_type=\"nuss-image-gallery.default\">\n\t\t\t\t<div class=\"elementor-widget-container\">\n\t\t\t\t\t\t\t<div class=\"nuss-grid-wrapper\" data-grid=\"{&quot;type&quot;:&quot;grid&quot;,&quot;ratio&quot;:null,&quot;columns&quot;:3,&quot;gutter&quot;:30}\">\r\n\t\t\t<div class=\"nuss-grid lazy-grid\">\r\n\t\t\t\t<div class=\"grid-sizer\"><\/div>\r\n\r\n\t\t\t\t\t\t\t\t\t\t\t\t<div class=\"grid-item\">\r\n\t\t\t\t\t\t<div class=\"nuss-box\">\t\t<div class=\"nuss-image image\">\r\n\t\t\t<img decoding=\"async\"  src=\"https:\/\/eerilhotel.com\/wp-content\/uploads\/2025\/12\/Eeril-hotel-77.webp\" alt=\"Hotel Eeril (77)\" \/>\t\t<\/div>\r\n\t\t\t\t<\/div>\t\t\t\t\t<\/div>\r\n\t\t\t\t\t\t<div class=\"grid-item\">\r\n\t\t\t\t\t\t<div class=\"nuss-box\">\t\t<div class=\"nuss-image image\">\r\n\t\t\t<img decoding=\"async\"  src=\"https:\/\/eerilhotel.com\/wp-content\/uploads\/2025\/12\/Eeril-hotel-76.webp\" alt=\"Hotel Eeril (76)\" \/>\t\t<\/div>\r\n\t\t\t\t<\/div>\t\t\t\t\t<\/div>\r\n\t\t\t\t\t\t<div class=\"grid-item\">\r\n\t\t\t\t\t\t<div class=\"nuss-box\">\t\t<div class=\"nuss-image image\">\r\n\t\t\t<img decoding=\"async\"  src=\"https:\/\/eerilhotel.com\/wp-content\/uploads\/2025\/12\/Eeril-hotel-73.webp\" alt=\"Hotel Eeril (73)\" \/>\t\t<\/div>\r\n\t\t\t\t<\/div>\t\t\t\t\t<\/div>\r\n\t\t\t\t\t\t<div class=\"grid-item\">\r\n\t\t\t\t\t\t<div class=\"nuss-box\">\t\t<div class=\"nuss-image image\">\r\n\t\t\t<img decoding=\"async\"  src=\"https:\/\/eerilhotel.com\/wp-content\/uploads\/2025\/12\/Eeril-hotel-72.webp\" alt=\"Hotel Eeril (72)\" \/>\t\t<\/div>\r\n\t\t\t\t<\/div>\t\t\t\t\t<\/div>\r\n\t\t\t\t\t\t<div class=\"grid-item\">\r\n\t\t\t\t\t\t<div class=\"nuss-box\">\t\t<div class=\"nuss-image image\">\r\n\t\t\t<img decoding=\"async\"  src=\"https:\/\/eerilhotel.com\/wp-content\/uploads\/2025\/12\/Eeril-hotel-69.webp\" alt=\"Hotel Eeril (69)\" \/>\t\t<\/div>\r\n\t\t\t\t<\/div>\t\t\t\t\t<\/div>\r\n\t\t\t\t\t\t<div class=\"grid-item\">\r\n\t\t\t\t\t\t<div class=\"nuss-box\">\t\t<div class=\"nuss-image image\">\r\n\t\t\t<img decoding=\"async\"  src=\"https:\/\/eerilhotel.com\/wp-content\/uploads\/2025\/12\/Eeril-hotel-61.webp\" alt=\"Hotel Eeril (61)\" \/>\t\t<\/div>\r\n\t\t\t\t<\/div>\t\t\t\t\t<\/div>\r\n\t\t\t\t\t\t<div class=\"grid-item\">\r\n\t\t\t\t\t\t<div class=\"nuss-box\">\t\t<div class=\"nuss-image image\">\r\n\t\t\t<img decoding=\"async\"  src=\"https:\/\/eerilhotel.com\/wp-content\/uploads\/2025\/12\/Eeril-hotel-54.webp\" alt=\"Hotel Eeril (54)\" \/>\t\t<\/div>\r\n\t\t\t\t<\/div>\t\t\t\t\t<\/div>\r\n\t\t\t\t\t\t<div class=\"grid-item\">\r\n\t\t\t\t\t\t<div class=\"nuss-box\">\t\t<div class=\"nuss-image image\">\r\n\t\t\t<img decoding=\"async\"  src=\"https:\/\/eerilhotel.com\/wp-content\/uploads\/2025\/12\/Eeril-hotel-53.webp\" alt=\"Hotel Eeril (53)\" \/>\t\t<\/div>\r\n\t\t\t\t<\/div>\t\t\t\t\t<\/div>\r\n\t\t\t\t\t\t<div class=\"grid-item\">\r\n\t\t\t\t\t\t<div class=\"nuss-box\">\t\t<div class=\"nuss-image image\">\r\n\t\t\t<img decoding=\"async\"  src=\"https:\/\/eerilhotel.com\/wp-content\/uploads\/2025\/12\/Eeril-hotel-52.webp\" alt=\"Hotel Eeril (52)\" \/>\t\t<\/div>\r\n\t\t\t\t<\/div>\t\t\t\t\t<\/div>\r\n\t\t\t\t\t\t<div class=\"grid-item\">\r\n\t\t\t\t\t\t<div class=\"nuss-box\">\t\t<div class=\"nuss-image image\">\r\n\t\t\t<img decoding=\"async\"  src=\"https:\/\/eerilhotel.com\/wp-content\/uploads\/2025\/12\/Eeril-hotel-50.webp\" alt=\"Hotel Eeril (50)\" \/>\t\t<\/div>\r\n\t\t\t\t<\/div>\t\t\t\t\t<\/div>\r\n\t\t\t\t\t\t<div class=\"grid-item\">\r\n\t\t\t\t\t\t<div class=\"nuss-box\">\t\t<div class=\"nuss-image image\">\r\n\t\t\t<img decoding=\"async\"  src=\"https:\/\/eerilhotel.com\/wp-content\/uploads\/2025\/12\/Eeril-hotel-45.webp\" alt=\"Hotel Eeril (45)\" \/>\t\t<\/div>\r\n\t\t\t\t<\/div>\t\t\t\t\t<\/div>\r\n\t\t\t\t\t\t<div class=\"grid-item\">\r\n\t\t\t\t\t\t<div class=\"nuss-box\">\t\t<div class=\"nuss-image image\">\r\n\t\t\t<img decoding=\"async\"  src=\"https:\/\/eerilhotel.com\/wp-content\/uploads\/2025\/12\/Eeril-hotel-44.webp\" alt=\"Hotel Eeril (44)\" \/>\t\t<\/div>\r\n\t\t\t\t<\/div>\t\t\t\t\t<\/div>\r\n\t\t\t\t\t\t\t\r\n\t\t\t<\/div>\r\n\t\t<\/div>\r\n\t\t\t\t\t\t<\/div>\n\t\t\t\t<\/div>\n\t\t\t\t\t<\/div>\n\t\t\t\t<\/div>\n\t\t<div class=\"elementor-element elementor-element-d05381b e-flex e-con-boxed e-con e-parent\" data-id=\"d05381b\" data-element_type=\"container\" data-e-type=\"container\">\n\t\t\t\t\t<div class=\"e-con-inner\">\n\t\t\t\t<div class=\"elementor-element elementor-element-53bd849 elementor-widget elementor-widget-text-editor\" data-id=\"53bd849\" data-element_type=\"widget\" data-e-type=\"widget\" data-widget_type=\"text-editor.default\">\n\t\t\t\t\t\t\t\t\t<h3 class=\"qwen-markdown-heading\"><span class=\"qwen-markdown-text\" data-spm-anchor-id=\"a2ty_o01.29997173.0.i62.7aab5171oMV61N\">\ud83c\udf73 Un desayuno buffet fresco al estilo chino, pensado para viajeros modernos<\/span><\/h3><p class=\"qwen-markdown-paragraph\"><span class=\"qwen-markdown-text\">Nuestro diario <\/span><strong class=\"qwen-markdown-strong\"><span class=\"qwen-markdown-text\">Desayuno buffet estilo chino<\/span><\/strong><span class=\"qwen-markdown-text\"> es m\u00e1s que una simple comida: es una experiencia. Servido desde <\/span><strong class=\"qwen-markdown-strong\"><span class=\"qwen-markdown-text\">De 7:00 a 10:00 horas<\/span><\/strong><span class=\"qwen-markdown-text\">, El men\u00fa incluye una selecci\u00f3n cuidadosamente seleccionada de los platos locales favoritos que reflejan el rico patrimonio culinario de la provincia de Guangdong:<\/span><\/p><ul class=\"qwen-markdown-list\" dir=\"auto\" data-spm-anchor-id=\"a2ty_o01.29997173.0.i61.7aab5171oMV61N\"><li><span class=\"qwen-markdown-text\">Tazones humeantes de congee con verduras encurtidas y huevos centenarios<\/span><\/li><li><span class=\"qwen-markdown-text\">Dim sum reci\u00e9n hecho: empanadillas, bollos y rollos de arroz cocidos al vapor a la perfecci\u00f3n<\/span><\/li><li><span class=\"qwen-markdown-text\">Sopas de fideos saladas y platos de arroz salteados<\/span><\/li><li><span class=\"qwen-markdown-text\">Palitos de masa fritos crujientes (youtiao) y bollos mantou suaves<\/span><\/li><li><span class=\"qwen-markdown-text\">Frutas de temporada, yogur, boller\u00eda y huevos cocidos.<\/span><\/li><li><span class=\"qwen-markdown-text\">T\u00e9 caliente, caf\u00e9 y jugos frescos para comenzar bien el d\u00eda.<\/span><\/li><\/ul><p class=\"qwen-markdown-paragraph\"><span class=\"qwen-markdown-text\">Con un precio de tan solo <\/span><strong class=\"qwen-markdown-strong\"><span class=\"qwen-markdown-text\">38 CNY por adulto<\/span><\/strong><span class=\"qwen-markdown-text\"> (aproximadamente USD $5.40), no solo es asequible sino tambi\u00e9n abundante, perfecto para los hu\u00e9spedes que buscan disfrutar de un desayuno abundante y culturalmente inmersivo antes de salir a la ciudad.<\/span><\/p><p class=\"qwen-markdown-paragraph\"><span class=\"qwen-markdown-text\">Los ni\u00f1os menores de 1,2 m comen gratis; los que miden entre 1,2 y 1,5 m pagan 19 CNY, lo que tambi\u00e9n lo hace ideal para familias.<\/span><\/p><div class=\"qwen-markdown-hr\"><hr \/><\/div><h3 class=\"qwen-markdown-heading\"><span class=\"qwen-markdown-text\">\u2615 M\u00e1s que un simple desayuno: refrigerios, bebidas y servicio a la habitaci\u00f3n, en cualquier momento<\/span><\/h3><p class=\"qwen-markdown-paragraph\"><span class=\"qwen-markdown-text\">Aunque el desayuno es nuestra especialidad, sabemos que el hambre no siempre llega a tiempo. Por eso, hemos dise\u00f1ado nuestros servicios de comedor para que se adapten a tu estilo de vida:<\/span><\/p><ul class=\"qwen-markdown-list\" dir=\"auto\"><li><span class=\"qwen-markdown-text\"><strong class=\"qwen-markdown-strong\">Bar del vest\u00edbulo<\/strong>Rel\u00e1jese despu\u00e9s de un largo d\u00eda con una bebida refrescante o un refrigerio ligero en nuestro acogedor y moderno sal\u00f3n.<\/span><\/li><li><span class=\"qwen-markdown-text\"><strong class=\"qwen-markdown-strong\">Servicio de habitaciones 24\/7<\/strong>\u00bfSe te antojan unos fideos a medianoche? \u00bfNecesitas un caf\u00e9 r\u00e1pido antes de tu vuelo temprano? Nuestro men\u00fa de servicio a la habitaci\u00f3n est\u00e1 disponible las 24 horas, porque la comodidad no tiene horario.<\/span><\/li><li><span class=\"qwen-markdown-text\"><strong class=\"qwen-markdown-strong\">Snack Bar y m\u00e1quinas expendedoras<\/strong>:Tome un bocado o una bebida para llevar en nuestro snack bar bien surtido o en las m\u00e1quinas expendedoras ubicadas en las \u00e1reas p\u00fablicas.<\/span><\/li><\/ul><p class=\"qwen-markdown-paragraph\"><span class=\"qwen-markdown-text\">Ya sea que est\u00e9 trabajando duro para superar un d\u00eda de trabajo o recuper\u00e1ndose de una noche explorando el mercado nocturno de Tiantai, nuestras opciones de alimentos y bebidas est\u00e1n dise\u00f1adas para satisfacer sus necesidades, sin tener que salir del hotel.<\/span><\/p><div class=\"qwen-markdown-hr\"><hr \/><\/div><h3 class=\"qwen-markdown-heading\"><span class=\"qwen-markdown-text\">Detalles considerados para cada invitado<\/span><\/h3><p class=\"qwen-markdown-paragraph\"><span class=\"qwen-markdown-text\">Entendemos que los viajeros de hoy esperan m\u00e1s que solo buena comida: buscan comodidad, limpieza y personalizaci\u00f3n. Por eso, nuestro espacio de restaurante est\u00e1 dise\u00f1ado con:<\/span><\/p><ul class=\"qwen-markdown-list\" dir=\"auto\"><li><span class=\"qwen-markdown-text\"><strong class=\"qwen-markdown-strong\">Interiores limpios y luminosos<\/strong> que reflejan nuestra calificaci\u00f3n de limpieza de 9,4\/10, elogiada por m\u00e1s de 10 685 hu\u00e9spedes<\/span><\/li><li><span class=\"qwen-markdown-text\"><strong class=\"qwen-markdown-strong\">Asientos espaciosos<\/strong> Con luz natural entrando a trav\u00e9s de grandes ventanales<\/span><\/li><li><span class=\"qwen-markdown-text\"><strong class=\"qwen-markdown-strong\">Personal multiling\u00fce<\/strong> Listo para ayudar con preferencias o recomendaciones diet\u00e9ticas.<\/span><\/li><li><span class=\"qwen-markdown-text\"><strong class=\"qwen-markdown-strong\">Wi-Fi gratis<\/strong> para que puedas consultar tus correos electr\u00f3nicos o planificar tu pr\u00f3xima parada mientras disfrutas de tu comida<\/span><\/li><\/ul><p class=\"qwen-markdown-paragraph\"><span class=\"qwen-markdown-text\">Los hu\u00e9spedes destacan constantemente que \u201cel ambiente es tranquilo, limpio y elegante\u201d, lo que contribuye a la agradable experiencia general de cenar en el Eeril Hotel.<\/span><\/p><div class=\"qwen-markdown-hr\"><hr \/><\/div><h3 class=\"qwen-markdown-heading\"><span class=\"qwen-markdown-text\">\ud83d\udccd Perfectamente ubicado para comidas de negocios y de placer<\/span><\/h3><p class=\"qwen-markdown-paragraph\"><span class=\"qwen-markdown-text\">Nuestra ubicaci\u00f3n nos hace ideales para:<\/span><\/p><ul class=\"qwen-markdown-list\" dir=\"auto\"><li><span class=\"qwen-markdown-text\"><strong class=\"qwen-markdown-strong\">Asistentes a la conferencia<\/strong>:Camine hasta el Centro de Convenciones y Exposiciones de Shenzhen y luego regrese para disfrutar de un desayuno relajante o un refrigerio despu\u00e9s del evento.<\/span><\/li><li><span class=\"qwen-markdown-text\"><strong class=\"qwen-markdown-strong\">Entusiastas de las compras<\/strong>:Recarga combustible antes de visitar COCO Park o Xinghe Shopping Mall, ambos a solo unos minutos de distancia.<\/span><\/li><li><span class=\"qwen-markdown-text\"><strong class=\"qwen-markdown-strong\">Amantes de la naturaleza<\/strong>:Disfrute de un desayuno tranquilo antes de pasear por el sereno Parque Ecol\u00f3gico de Manglares de Futian.<\/span><\/li><li><span class=\"qwen-markdown-text\"><strong class=\"qwen-markdown-strong\">Familias y parejas<\/strong>El ambiente relajado y los precios accesibles para ni\u00f1os lo convierten en uno de los favoritos entre quienes viajan juntos.<\/span><\/li><\/ul><p class=\"qwen-markdown-paragraph\"><span class=\"qwen-markdown-text\">Un invitado reciente elogi\u00f3: <\/span><\/p><blockquote class=\"qwen-markdown-blockquote\"><p class=\"qwen-markdown-paragraph\"><em><span class=\"qwen-markdown-text\">\u201cLa habitaci\u00f3n es muy buena y el servicio es amable y atento. Volver\u00e9 con mis amigos. Recomendar\u00e9 el hotel a todo el mundo.\u201d<\/span><\/em><\/p><\/blockquote><p class=\"qwen-markdown-paragraph\"><span class=\"qwen-markdown-text\">Y muchos otros se hacen eco de este sentimiento, elogiando no solo la comida, sino toda la experiencia gastron\u00f3mica como &quot;c\u00f3moda&quot;, &quot;deliciosa&quot; y &quot;perfectamente sincronizada&quot;.\u201c<\/span><\/p><div class=\"qwen-markdown-hr\"><hr \/><\/div><h3 class=\"qwen-markdown-heading\"><span class=\"qwen-markdown-text\">\u00bfAlmuerzos de negocios y reuniones informales? \u00a1Lo tenemos cubierto!<\/span><\/h3><p class=\"qwen-markdown-paragraph\"><span class=\"qwen-markdown-text\">\u00bfNecesitas organizar un almuerzo con un cliente o tomar un refrigerio r\u00e1pido durante un descanso entre reuniones? Nuestro restaurante tambi\u00e9n es un espacio informal y profesional para reuniones informales. Con acceso al centro de negocios del hotel, las salas de conferencias y los espacios de coworking cercanos, podr\u00e1s pasar f\u00e1cilmente de la cena a la conversaci\u00f3n.<\/span><\/p><p class=\"qwen-markdown-paragraph\"><span class=\"qwen-markdown-text\">Adem\u00e1s, con comodidades como servicios de fax y fotocopias, apoyo secretarial y sistemas de visualizaci\u00f3n multimedia disponibles en el piso superior, Eeril Hotel se convierte en su centro todo en uno para la productividad, comenzando con una excelente comida.<\/span><\/p><div class=\"qwen-markdown-hr\"><hr \/><\/div><h3 class=\"qwen-markdown-heading\"><span class=\"qwen-markdown-text\">\ud83c\udf5c\u00bfPor qu\u00e9 elegir el restaurante del Hotel Eeril?<\/span><\/h3><p class=\"qwen-markdown-paragraph\"><span class=\"qwen-markdown-text\">\u2705 <\/span><strong class=\"qwen-markdown-strong\"><span class=\"qwen-markdown-text\">Sabores locales aut\u00e9nticos<\/span><\/strong><span class=\"qwen-markdown-text\"> \u2013 Pruebe las mejores tradiciones de desayuno de Shenzhen<\/span><br \/><span class=\"qwen-markdown-text\">\u2705 <\/span><strong class=\"qwen-markdown-strong\"><span class=\"qwen-markdown-text\">Momento conveniente<\/span><\/strong><span class=\"qwen-markdown-text\"> \u2013 Todos los d\u00edas de 7 a 10 a. m., adem\u00e1s de refrigerios y servicio a la habitaci\u00f3n las 24 horas, los 7 d\u00edas de la semana.<\/span><br \/><span class=\"qwen-markdown-text\">\u2705 <\/span><strong class=\"qwen-markdown-strong\"><span class=\"qwen-markdown-text\">Precios asequibles<\/span><\/strong><span class=\"qwen-markdown-text\"> \u2013 38 CNY para adultos, los ni\u00f1os menores de 1,2 m comen gratis<\/span><br \/><span class=\"qwen-markdown-text\">\u2705 <\/span><strong class=\"qwen-markdown-strong\"><span class=\"qwen-markdown-text\">Espacio limpio y elegante<\/span><\/strong><span class=\"qwen-markdown-text\"> \u2013 Calificaci\u00f3n constante de 9,4\/10 por limpieza y ambiente<\/span><br \/><span class=\"qwen-markdown-text\">\u2705 <\/span><strong class=\"qwen-markdown-strong\"><span class=\"qwen-markdown-text\">Ubicaci\u00f3n perfecta<\/span><\/strong><span class=\"qwen-markdown-text\"> \u2013 A pasos del metro, centro de convenciones, tiendas y parques.<\/span><br \/><span class=\"qwen-markdown-text\">\u2705 <\/span><strong class=\"qwen-markdown-strong\"><span class=\"qwen-markdown-text\">Personal amable y multiling\u00fce<\/span><\/strong><span class=\"qwen-markdown-text\"> \u2013 Listo para ayudar con cualquier solicitud <\/span><\/p><div class=\"qwen-markdown-hr\"><hr \/><\/div><p class=\"qwen-markdown-paragraph\"><strong class=\"qwen-markdown-strong\"><span class=\"qwen-markdown-text\">Tu ma\u00f1ana perfecta en Shenzhen comienza aqu\u00ed<\/span><\/strong><\/p><p class=\"qwen-markdown-paragraph\"><span class=\"qwen-markdown-text\">En el Hotel Eeril (Sucursal del Centro de Convenciones y Exposiciones Shenzhen Futian), creemos que una excelente estancia comienza con una excelente primera comida. Ya sea tomando un t\u00e9 mientras el sol sale sobre el horizonte de Futian o comiendo algo r\u00e1pido antes de tomar el metro, nuestro restaurante es su acogedor refugio: le ofrece calidez, sabor y eficiencia a partes iguales.<\/span><\/p><p class=\"qwen-markdown-paragraph\" data-spm-anchor-id=\"a2ty_o01.29997173.0.i63.7aab5171oMV61N\"><span class=\"qwen-markdown-text\">Ven a probar la diferencia. Reserva tu estancia hoy mismo y d\u00e9janos ofrecerte la mejor manera de comenzar tu aventura en Shenzhen.<\/span><\/p>\t\t\t\t\t\t\t\t<\/div>\n\t\t\t\t\t<\/div>\n\t\t\t\t<\/div>\n\t\t\t\t<\/div>","protected":false},"excerpt":{"rendered":"<p>Start Your Day Right: Savor the Flavors of Shenzhen at Eeril Hotel\u2019s On-Site Restaurant Nestled in the vibrant heart of Futian District, Eeril Hotel (Shenzhen Futian Convention and Exhibition Center Branch) doesn\u2019t just offer smart rooms and seamless service \u2014 it welcomes you each morning with a delicious, energizing start at its inviting on-site restaurant. [&hellip;]<\/p>\n","protected":false},"author":1,"featured_media":0,"parent":0,"menu_order":0,"comment_status":"closed","ping_status":"closed","template":"","meta":{"footnotes":""},"class_list":["post-612","page","type-page","status-publish","hentry","post-no-thumbnail"],"_links":{"self":[{"href":"https:\/\/eerilhotel.com\/es\/wp-json\/wp\/v2\/pages\/612","targetHints":{"allow":["GET"]}}],"collection":[{"href":"https:\/\/eerilhotel.com\/es\/wp-json\/wp\/v2\/pages"}],"about":[{"href":"https:\/\/eerilhotel.com\/es\/wp-json\/wp\/v2\/types\/page"}],"author":[{"embeddable":true,"href":"https:\/\/eerilhotel.com\/es\/wp-json\/wp\/v2\/users\/1"}],"replies":[{"embeddable":true,"href":"https:\/\/eerilhotel.com\/es\/wp-json\/wp\/v2\/comments?post=612"}],"version-history":[{"count":0,"href":"https:\/\/eerilhotel.com\/es\/wp-json\/wp\/v2\/pages\/612\/revisions"}],"wp:attachment":[{"href":"https:\/\/eerilhotel.com\/es\/wp-json\/wp\/v2\/media?parent=612"}],"curies":[{"name":"wp","href":"https:\/\/api.w.org\/{rel}","templated":true}]}}