{"id":2104,"date":"2021-03-23T09:33:48","date_gmt":"2021-03-23T09:33:48","guid":{"rendered":"http:\/\/localhost\/nuss\/?page_id=167"},"modified":"2025-12-14T14:04:04","modified_gmt":"2025-12-14T14:04:04","slug":"notre-histoire","status":"publish","type":"page","link":"https:\/\/eerilhotel.com\/fr\/notre-histoire\/","title":{"rendered":"Notre histoire"},"content":{"rendered":"<div data-elementor-type=\"wp-page\" data-elementor-id=\"2104\" class=\"elementor elementor-2104\">\n\t\t\t\t\t\t<section class=\"elementor-section elementor-top-section elementor-element elementor-element-8f5bb9d elementor-section-boxed elementor-section-gap-beside-yes elementor-section-height-default elementor-section-height-default elementor-section-column-vertical-align-stretch\" data-id=\"8f5bb9d\" data-element_type=\"section\" data-e-type=\"section\">\n\t\t\t\t\t\t<div class=\"elementor-container elementor-column-gap-extended\">\n\t\t\t\t\t<div class=\"elementor-column elementor-col-100 elementor-top-column elementor-element elementor-element-7ec4215\" data-id=\"7ec4215\" data-element_type=\"column\" data-e-type=\"column\">\n\t\t\t<div class=\"elementor-widget-wrap elementor-element-populated\">\n\t\t\t\t\t\t<div class=\"elementor-element elementor-element-edd9d03 elementor-widget__width-initial elementor-invisible elementor-widget elementor-widget-text-editor\" data-id=\"edd9d03\" data-element_type=\"widget\" data-e-type=\"widget\" data-settings=\"{&quot;_animation&quot;:&quot;nussFadeInUp&quot;}\" data-widget_type=\"text-editor.default\">\n\t\t\t\t\t\t\t\t\t<p class=\"qwen-markdown-paragraph\"><strong class=\"qwen-markdown-strong\"><span class=\"qwen-markdown-text\" data-spm-anchor-id=\"a2ty_o01.29997173.0.i52.7aab5171oMV61N\">L\u00e0 o\u00f9 l&#039;innovation rencontre l&#039;hospitalit\u00e9 au c\u0153ur de Shenzhen<\/span><\/strong><\/p>\t\t\t\t\t\t\t\t<\/div>\n\t\t\t\t\t<\/div>\n\t\t<\/div>\n\t\t\t\t\t<\/div>\n\t\t<\/section>\n\t\t<div class=\"elementor-element elementor-element-ae7e42f e-flex e-con-boxed e-con e-parent\" data-id=\"ae7e42f\" data-element_type=\"container\" data-e-type=\"container\">\n\t\t\t\t\t<div class=\"e-con-inner\">\n\t\t\t\t<div class=\"elementor-element elementor-element-136c3a3 elementor-widget elementor-widget-text-editor\" data-id=\"136c3a3\" data-element_type=\"widget\" data-e-type=\"widget\" data-widget_type=\"text-editor.default\">\n\t\t\t\t\t\t\t\t\t<p class=\"qwen-markdown-paragraph\"><span class=\"qwen-markdown-text\" data-spm-anchor-id=\"a2ty_o01.29997173.0.i53.7aab5171oMV61N\">\u00c0 l&#039;h\u00f4tel Eeril (succursale du centre de congr\u00e8s et d&#039;expositions de Shenzhen Futian), notre histoire ne se r\u00e9sume pas \u00e0 des murs, du mortier et des chambres modernes\u00a0; il s&#039;agit de r\u00e9inventer l&#039;h\u00f4tellerie pour le voyageur international d&#039;aujourd&#039;hui. Nich\u00e9 au 199, rue Fumin, au c\u0153ur vibrant du district de Futian, nous avons ouvert nos portes en 2022 avec une mission claire\u00a0: allier technologie de pointe, design intuitif et service attentionn\u00e9 pour offrir une exp\u00e9rience \u00e0 la fois \u00e9l\u00e9gante, confortable et unique. <\/span><em><span class=\"qwen-markdown-text\">Shenzhen<\/span><\/em><span class=\"qwen-markdown-text\">.<\/span><\/p><div class=\"qwen-markdown-space\">\u00a0<\/div><h3 class=\"qwen-markdown-heading\"><span class=\"qwen-markdown-text\">\ud83c\udf06 N\u00e9e au c\u0153ur d&#039;une capitale technologique mondiale<\/span><\/h3><p class=\"qwen-markdown-paragraph\"><span class=\"qwen-markdown-text\">Shenzhen n&#039;est pas qu&#039;une ville, c&#039;est un \u00e9tat d&#039;esprit. Un lieu o\u00f9 l&#039;innovation est omnipr\u00e9sente, o\u00f9 l&#039;efficacit\u00e9 se conjugue \u00e0 l&#039;\u00e9l\u00e9gance et o\u00f9 les id\u00e9es de demain naissent aujourd&#039;hui. Nous n&#039;avons pas construit l&#039;h\u00f4tel Eeril pour simplement exister dans cet environnement, nous l&#039;avons construit pour <\/span><em><span class=\"qwen-markdown-text\">incarner<\/span><\/em><span class=\"qwen-markdown-text\"> il.<\/span><\/p><div class=\"qwen-markdown-space\">\u00a0<\/div><p class=\"qwen-markdown-paragraph\"><span class=\"qwen-markdown-text\">D\u00e8s votre arriv\u00e9e, vous constaterez que chaque d\u00e9tail refl\u00e8te cette philosophie\u00a0: lignes \u00e9pur\u00e9es, esth\u00e9tique minimaliste et int\u00e9gration technologique parfaite. Nos bornes d\u2019enregistrement automatique vous accueillent comme de vieux amis\u00a0; nos robots de service se d\u00e9placent dans les couloirs avec une pr\u00e9cision discr\u00e8te\u00a0; et votre chambre r\u00e9pond \u00e0 la voix ou au toucher gr\u00e2ce \u00e0 des commandes intelligentes int\u00e9gr\u00e9es \u2013 le tout con\u00e7u pour que vous consacriez moins de temps \u00e0 la logistique et plus de temps \u00e0 profiter pleinement de votre voyage.<\/span><\/p><div class=\"qwen-markdown-space\">\u00a0<\/div><h3 class=\"qwen-markdown-heading\"><span class=\"qwen-markdown-text\">\ud83c\udfd7\ufe0f Con\u00e7u pour le voyageur moderne \u2014 affaires, loisirs et tout le reste<\/span><\/h3><p class=\"qwen-markdown-paragraph\"><span class=\"qwen-markdown-text\">Nous savions d\u00e8s le d\u00e9part que les voyageurs d&#039;aujourd&#039;hui ne rentrent pas dans des cases. Vous pourriez arriver en avion pour une conf\u00e9rence importante au Centre des congr\u00e8s et des expositions de Shenzhen en journ\u00e9e, puis fl\u00e2ner dans les rues illumin\u00e9es au n\u00e9on du parc COCO le soir. Ou peut-\u00eatre \u00eates-vous un nomade num\u00e9rique solitaire \u00e0 la recherche d&#039;un coin tranquille pour coder, ou un couple en escapade romantique en qu\u00eate de s\u00e9r\u00e9nit\u00e9 au c\u0153ur de l&#039;effervescence urbaine.<\/span><\/p><div class=\"qwen-markdown-space\">\u00a0<\/div><p class=\"qwen-markdown-paragraph\"><span class=\"qwen-markdown-text\">C\u2019est pourquoi nous avons cr\u00e9\u00e9 156 chambres soigneusement am\u00e9nag\u00e9es, de la chambre Heartbeat, compacte et chaleureuse, \u00e0 la spacieuse chambre Deluxe avec lit double et vue panoramique. Chacune est \u00e9quip\u00e9e de fen\u00eatres insonoris\u00e9es, du Wi-Fi gratuit, d\u2019un r\u00e9frig\u00e9rateur et d\u2019une salle de bains privative. Que vous soyez ici pour le travail ou les loisirs, soyez assur\u00e9(e) que votre chambre est un v\u00e9ritable havre de paix.<\/span><\/p><div class=\"qwen-markdown-space\">\u00a0<\/div><h3 class=\"qwen-markdown-heading\"><span class=\"qwen-markdown-text\">\ud83d\udca1 Bien plus que de simples commodit\u00e9s\u00a0: une v\u00e9ritable exp\u00e9rience<\/span><\/h3><p class=\"qwen-markdown-paragraph\"><span class=\"qwen-markdown-text\">Nos \u00e9quipements ne sont pas de simples cases \u00e0 cocher sur une liste, ce sont des invitations \u00e0 vivre mieux pendant votre s\u00e9jour.<\/span><\/p><div class=\"qwen-markdown-space\">\u00a0<\/div><ul class=\"qwen-markdown-list\" dir=\"auto\"><li><span class=\"qwen-markdown-text\"><strong class=\"qwen-markdown-strong\">Travaillez plus intelligemment<\/strong>Profitez de notre centre d&#039;affaires, de nos espaces de coworking et de nos salles de conf\u00e9rence enti\u00e8rement \u00e9quip\u00e9es \u2013 id\u00e9ales pour les pr\u00e9sentations de derni\u00e8re minute ou les r\u00e9unions clients.<\/span><\/li><li><span class=\"qwen-markdown-text\"><strong class=\"qwen-markdown-strong\">Rechargez votre corps<\/strong>D\u00e9pensez-vous dans notre salle de sport, d\u00e9tendez-vous dans notre salon de th\u00e9 ou perdez-vous dans la contemplation paisible de notre biblioth\u00e8que.<\/span><\/li><li><span class=\"qwen-markdown-text\"><strong class=\"qwen-markdown-strong\">Voyagez l\u00e9ger, arrivez pr\u00eat<\/strong>Profitez d&#039;une consigne \u00e0 bagages gratuite, de bornes de recharge pour v\u00e9hicules \u00e9lectriques et d&#039;un parking public gratuit \u2014 car le confort ne devrait pas \u00eatre un luxe.<\/span><\/li><li><span class=\"qwen-markdown-text\"><strong class=\"qwen-markdown-strong\">Restez connect\u00e9s, restez calmes<\/strong>Gr\u00e2ce \u00e0 une assistance \u00e0 la r\u00e9ception 24h\/24 et 7j\/7, un personnel multilingue et des outils de traduction disponibles, la communication n&#039;est jamais un obstacle.<\/span><\/li><\/ul><div class=\"qwen-markdown-space\">\u00a0<\/div><p class=\"qwen-markdown-paragraph\"><span class=\"qwen-markdown-text\">Et oui, m\u00eame les petits d\u00e9tails comptent. C&#039;est pourquoi nous proposons chaque jour un d\u00e9licieux petit-d\u00e9jeuner buffet chinois (de 7 h \u00e0 10 h), des bars dans le hall pour se d\u00e9tendre en soir\u00e9e et un service d&#039;\u00e9tage 24 h\/24 et 7 j\/7 pour satisfaire les petites faims nocturnes.<\/span><\/p><div class=\"qwen-markdown-space\">\u00a0<\/div><h3 class=\"qwen-markdown-heading\"><span class=\"qwen-markdown-text\">\u2764\ufe0f L&#039;humain au c\u0153ur de la technologie<\/span><\/h3><p class=\"qwen-markdown-paragraph\"><span class=\"qwen-markdown-text\">Si la technologie est au c\u0153ur de nos op\u00e9rations, ce sont bien les personnes qui rendent l&#039;h\u00f4tel Eeril inoubliable. Notre \u00e9quipe parle couramment anglais et mandarin et est form\u00e9e non seulement pour vous servir, mais aussi pour anticiper vos besoins. Besoin d&#039;un taxi pour l&#039;a\u00e9roport\u00a0? C&#039;est fait. Envie de recommandations pour d\u00e9guster les meilleurs dim sum du coin\u00a0? On s&#039;en occupe. Vous cherchez un endroit calme pour m\u00e9diter avant une r\u00e9union importante\u00a0? Nous vous indiquerons le salon de th\u00e9.<\/span><\/p><div class=\"qwen-markdown-space\">\u00a0<\/div><p class=\"qwen-markdown-paragraph\"><span class=\"qwen-markdown-text\">Nos clients ne cessent de louer la gentillesse et la disponibilit\u00e9 de notre personnel, et ce n&#039;est pas un hasard. Pour nous, l&#039;hospitalit\u00e9 est une affaire personnelle. M\u00eame avec le d\u00e9ploiement de robots de service et de syst\u00e8mes d&#039;intelligence artificielle, nous n&#039;oublions jamais que le v\u00e9ritable luxe r\u00e9side dans une attention sinc\u00e8re.<\/span><\/p><div class=\"qwen-markdown-space\">\u00a0<\/div><h3 class=\"qwen-markdown-heading\"><span class=\"qwen-markdown-text\">\ud83d\udccd Enracin\u00e9 \u00e0 Futian \u2014 Connect\u00e9 au monde<\/span><\/h3><p class=\"qwen-markdown-paragraph\"><span class=\"qwen-markdown-text\">Notre emplacement n&#039;est pas seulement pratique, il est strat\u00e9gique. \u00c0 seulement 280 m\u00e8tres de la station de m\u00e9tro Shixia (lignes 3 et 7), vous \u00eates \u00e0 quelques minutes de\u00a0:<\/span><\/p><div class=\"qwen-markdown-space\">\u00a0<\/div><ul class=\"qwen-markdown-list\" dir=\"auto\"><li><span class=\"qwen-markdown-text\"><strong class=\"qwen-markdown-strong\">Gare ferroviaire de Futian<\/strong> (2,9 km) \u2013 pour les liaisons ferroviaires \u00e0 grande vitesse \u00e0 travers la Chine<\/span><\/li><li><span class=\"qwen-markdown-text\"><strong class=\"qwen-markdown-strong\">Centre financier Ping An<\/strong> \u2013 abrite la terrasse d&#039;observation Free Sky<\/span><\/li><li><span class=\"qwen-markdown-text\"><strong class=\"qwen-markdown-strong\">March\u00e9 nocturne COCO Park et Tiantai<\/strong> \u2013 pour le shopping, les restaurants et la vie nocturne<\/span><\/li><li><span class=\"qwen-markdown-text\"><strong class=\"qwen-markdown-strong\">Parc \u00e9cologique de la mangrove de Futian<\/strong> \u2013 pour des promenades sereines en pleine nature le long de la baie<\/span><\/li><\/ul><div class=\"qwen-markdown-space\">\u00a0<\/div><p class=\"qwen-markdown-paragraph\"><span class=\"qwen-markdown-text\">Que vous participiez \u00e0 une grande exposition, que vous concluiez un accord ou que vous vous impr\u00e9gniez simplement du rythme de la ville la plus dynamique du sud de la Chine, l&#039;h\u00f4tel Eeril vous place au c\u0153ur de tout, sans sacrifier la tranquillit\u00e9 ni l&#039;intimit\u00e9.<\/span><\/p><div class=\"qwen-markdown-space\">\u00a0<\/div><h3 class=\"qwen-markdown-heading\"><span class=\"qwen-markdown-text\">\ud83d\udcc8 Une histoire \u00e9crite par nos clients<\/span><\/h3><p class=\"qwen-markdown-paragraph\"><span class=\"qwen-markdown-text\">Depuis notre ouverture en 2022, nous avons accueilli plus de 10\u00a0685 clients, et leurs avis nous ont profond\u00e9ment marqu\u00e9s. Avec une \u00e9quipe exceptionnelle <\/span><strong class=\"qwen-markdown-strong\"><span class=\"qwen-markdown-text\">Note de 9,4\/10<\/span><\/strong><span class=\"qwen-markdown-text\">, Ils nous ont r\u00e9p\u00e9t\u00e9 \u00e0 maintes reprises que nous ma\u00eetrisons l&#039;essentiel\u00a0: propret\u00e9, confort, emplacement et service. Mais surtout, ils nous ont dit que nous nous sentions diff\u00e9rents\u00a0: plus intelligents, plus sereins, plus \u00e0 l&#039;\u00e9coute de leurs besoins.<\/span><\/p><div class=\"qwen-markdown-space\">\u00a0<\/div><p class=\"qwen-markdown-paragraph\"><span class=\"qwen-markdown-text\">Un invit\u00e9 a \u00e9crit : <\/span><\/p><blockquote class=\"qwen-markdown-blockquote\"><p class=\"qwen-markdown-paragraph\"><em><span class=\"qwen-markdown-text\">\u201c La chambre est tr\u00e8s bien. Je reviendrai ici avec ma famille. Je le recommande \u00e0 tout le monde. \u201d<\/span><\/em><\/p><\/blockquote><div class=\"qwen-markdown-space\">\u00a0<\/div><p class=\"qwen-markdown-paragraph\"><span class=\"qwen-markdown-text\">Un autre a ajout\u00e9 : <\/span><\/p><blockquote class=\"qwen-markdown-blockquote\"><p class=\"qwen-markdown-paragraph\"><em><span class=\"qwen-markdown-text\">\u201c Tout le monde est amical et nous reviendrons ici avec mes amis. Je suis tellement heureuse de vivre ici. \u201d<\/span><\/em><\/p><\/blockquote><div class=\"qwen-markdown-space\">\u00a0<\/div><p class=\"qwen-markdown-paragraph\"><span class=\"qwen-markdown-text\">Ce ne sont pas simplement des critiques, ce sont des chapitres de notre histoire en cours.<\/span><\/p><div class=\"qwen-markdown-space\">\u00a0<\/div><h3 class=\"qwen-markdown-heading\"><span class=\"qwen-markdown-text\">\ud83d\ude80 Et apr\u00e8s ? Votre histoire commence ici.<\/span><\/h3><p class=\"qwen-markdown-paragraph\"><span class=\"qwen-markdown-text\">L&#039;h\u00f4tel Eeril est encore jeune, ce qui signifie que nous \u00e9voluons, apprenons et nous am\u00e9liorons constamment. Nous sommes \u00e0 l&#039;\u00e9coute. Nous innovons. Et nous nous engageons \u00e0 \u00eatre votre partenaire de confiance \u00e0 chaque \u00e9tape de votre voyage, que ce soit votre premier s\u00e9jour \u00e0 Shenzhen ou votre dixi\u00e8me.<\/span><\/p><div class=\"qwen-markdown-space\">\u00a0<\/div><p class=\"qwen-markdown-paragraph\"><span class=\"qwen-markdown-text\">Que vous soyez ici pour affaires, pour le plaisir ou pour une autre raison\u2026 bienvenue. C\u2019est bien plus qu\u2019un h\u00f4tel. C\u2019est votre camp de base, votre refuge, votre tremplin. C\u2019est <\/span><strong class=\"qwen-markdown-strong\"><span class=\"qwen-markdown-text\">H\u00f4tel Eeril \u2014 l\u00e0 o\u00f9 commence votre prochaine grande aventure<\/span><\/strong><span class=\"qwen-markdown-text\">.<\/span><\/p><div class=\"qwen-markdown-space\">\u00a0<\/div><p class=\"qwen-markdown-paragraph\"><span class=\"qwen-markdown-text\">Venez \u00e9crire votre chapitre avec nous.<\/span><\/p><div class=\"qwen-markdown-space\">\u00a0<\/div><p class=\"qwen-markdown-paragraph\" data-spm-anchor-id=\"a2ty_o01.29997173.0.i55.7aab5171oMV61N\"><span class=\"qwen-markdown-text\">\u2014 L&#039;\u00e9quipe Eeril<\/span><\/p>\t\t\t\t\t\t\t\t<\/div>\n\t\t\t\t\t<\/div>\n\t\t\t\t<\/div>\n\t\t\t\t<\/div>","protected":false},"excerpt":{"rendered":"<p>Where Innovation Meets Hospitality in the Heart of Shenzhen At Eeril Hotel (Shenzhen Futian Convention and Exhibition Center Branch), our story isn\u2019t just about bricks, mortar, and modern rooms \u2014 it\u2019s about reimagining what a hotel can be for today\u2019s global traveler. Nestled at No. 199 Fumin Road in the pulsating core of Futian District, [&hellip;]<\/p>\n","protected":false},"author":1,"featured_media":0,"parent":0,"menu_order":0,"comment_status":"closed","ping_status":"closed","template":"","meta":{"footnotes":""},"class_list":["post-2104","page","type-page","status-publish","hentry","post-no-thumbnail"],"_links":{"self":[{"href":"https:\/\/eerilhotel.com\/fr\/wp-json\/wp\/v2\/pages\/2104","targetHints":{"allow":["GET"]}}],"collection":[{"href":"https:\/\/eerilhotel.com\/fr\/wp-json\/wp\/v2\/pages"}],"about":[{"href":"https:\/\/eerilhotel.com\/fr\/wp-json\/wp\/v2\/types\/page"}],"author":[{"embeddable":true,"href":"https:\/\/eerilhotel.com\/fr\/wp-json\/wp\/v2\/users\/1"}],"replies":[{"embeddable":true,"href":"https:\/\/eerilhotel.com\/fr\/wp-json\/wp\/v2\/comments?post=2104"}],"version-history":[{"count":0,"href":"https:\/\/eerilhotel.com\/fr\/wp-json\/wp\/v2\/pages\/2104\/revisions"}],"wp:attachment":[{"href":"https:\/\/eerilhotel.com\/fr\/wp-json\/wp\/v2\/media?parent=2104"}],"curies":[{"name":"wp","href":"https:\/\/api.w.org\/{rel}","templated":true}]}}