{"id":2105,"date":"2021-03-24T07:25:45","date_gmt":"2021-03-24T07:25:45","guid":{"rendered":"http:\/\/localhost\/nuss\/?page_id=235"},"modified":"2025-12-14T14:01:00","modified_gmt":"2025-12-14T14:01:00","slug":"faq","status":"publish","type":"page","link":"https:\/\/eerilhotel.com\/fr\/faq\/","title":{"rendered":"FAQ"},"content":{"rendered":"<div data-elementor-type=\"wp-page\" data-elementor-id=\"2105\" class=\"elementor elementor-2105\">\n\t\t\t\t\t\t<section class=\"elementor-section elementor-top-section elementor-element elementor-element-2a96a73 elementor-section-boxed elementor-section-gap-beside-yes elementor-section-height-default elementor-section-height-default elementor-section-column-vertical-align-stretch\" data-id=\"2a96a73\" data-element_type=\"section\" data-e-type=\"section\">\n\t\t\t\t\t\t<div class=\"elementor-container elementor-column-gap-extended\">\n\t\t\t\t\t<div class=\"elementor-column elementor-col-100 elementor-top-column elementor-element elementor-element-98ef20c\" data-id=\"98ef20c\" data-element_type=\"column\" data-e-type=\"column\">\n\t\t\t<div class=\"elementor-widget-wrap elementor-element-populated\">\n\t\t\t\t\t\t<div class=\"elementor-element elementor-element-97088c0 elementor-widget__width-initial elementor-invisible elementor-widget elementor-widget-text-editor\" data-id=\"97088c0\" data-element_type=\"widget\" data-e-type=\"widget\" data-settings=\"{&quot;_animation&quot;:&quot;nussFadeInUp&quot;}\" data-widget_type=\"text-editor.default\">\n\t\t\t\t\t\t\t\t\t<p>Vous trouverez ci-dessous une liste des questions les plus fr\u00e9quemment pos\u00e9es par nos clients.<\/p>\t\t\t\t\t\t\t\t<\/div>\n\t\t\t\t\t<\/div>\n\t\t<\/div>\n\t\t\t\t\t<\/div>\n\t\t<\/section>\n\t\t\t\t<section class=\"elementor-section elementor-top-section elementor-element elementor-element-b184647 elementor-section-gap-beside-no elementor-section-boxed elementor-section-height-default elementor-section-height-default elementor-section-column-vertical-align-stretch\" data-id=\"b184647\" data-element_type=\"section\" data-e-type=\"section\">\n\t\t\t\t\t\t<div class=\"elementor-container elementor-column-gap-extended\">\n\t\t\t\t\t<div class=\"elementor-column elementor-col-100 elementor-top-column elementor-element elementor-element-1d49749\" data-id=\"1d49749\" data-element_type=\"column\" data-e-type=\"column\">\n\t\t\t<div class=\"elementor-widget-wrap elementor-element-populated\">\n\t\t\t\t\t\t<div class=\"elementor-element elementor-element-b986a9e elementor-invisible elementor-widget elementor-widget-nuss-heading\" data-id=\"b986a9e\" data-element_type=\"widget\" data-e-type=\"widget\" data-settings=\"{&quot;_animation&quot;:&quot;nussFadeInUp&quot;}\" data-widget_type=\"nuss-heading.default\">\n\t\t\t\t<div class=\"elementor-widget-container\">\n\t\t\t\t\t\t\t<div class=\"nuss-modern-heading\">\r\n\t\t\t\r\n\t\t\t\t\t\t<div class=\"heading-primary-wrap\">\r\n\t\t\t\t<h4 class=\"heading-primary elementor-heading-title\">FAQ<\/h4>\t\t\t<\/div>\r\n\t\t\r\n\t\t\t\t\t\t<div class=\"heading-divider-wrap\">\r\n\t\t\t\t<div class=\"heading-divider\" style=\"left: 0px;top: 6px\"><\/div>\r\n\t\t\t<\/div>\r\n\t\r\n\t\t\t\t\t<\/div>\r\n\t\t\t\t\t<\/div>\n\t\t\t\t<\/div>\n\t\t\t\t<div class=\"elementor-element elementor-element-50f0733 elementor-invisible elementor-widget elementor-widget-heading\" data-id=\"50f0733\" data-element_type=\"widget\" data-e-type=\"widget\" data-settings=\"{&quot;_animation&quot;:&quot;nussFadeInUp&quot;}\" data-widget_type=\"heading.default\">\n\t\t\t\t\t<h2 class=\"elementor-heading-title elementor-size-default\">Questions et r\u00e9ponses<\/h2>\t\t\t\t<\/div>\n\t\t\t\t<div class=\"elementor-element elementor-element-2aee4a2 elementor-widget elementor-widget-text-editor\" data-id=\"2aee4a2\" data-element_type=\"widget\" data-e-type=\"widget\" data-widget_type=\"text-editor.default\">\n\t\t\t\t\t\t\t\t\t<h3 class=\"qwen-markdown-heading\"><span class=\"qwen-markdown-text\" data-spm-anchor-id=\"a2ty_o01.29997173.0.i47.7aab5171oMV61N\">\ud83c\udfe8 <\/span><strong class=\"qwen-markdown-strong\"><span class=\"qwen-markdown-text\">Informations g\u00e9n\u00e9rales et r\u00e9servations<\/span><\/strong><\/h3><ol class=\"qwen-markdown-list\" dir=\"auto\" start=\"1\"><li><span class=\"qwen-markdown-text\"><strong class=\"qwen-markdown-strong\">Quels sont les horaires d&#039;arriv\u00e9e et de d\u00e9part\u00a0?<\/strong><br \/>\u2192 L\u2019arriv\u00e9e se fait apr\u00e8s 14h00 ; le d\u00e9part avant 12h00.<\/span><\/li><li><span class=\"qwen-markdown-text\"><strong class=\"qwen-markdown-strong\">Y a-t-il une r\u00e9ception ouverte 24h\/24 ?<\/strong><br \/>\u2192 Oui, la r\u00e9ception est ouverte 24h\/24 et 7j\/7 pour assister les clients.<\/span><\/li><li><span class=\"qwen-markdown-text\"><strong class=\"qwen-markdown-strong\">Proposez-vous l&#039;enregistrement automatique\u00a0?<\/strong><br \/>\u2192 Oui, des bornes d&#039;enregistrement automatique sont disponibles pour plus de commodit\u00e9.<\/span><\/li><li><span class=\"qwen-markdown-text\"><strong class=\"qwen-markdown-strong\">Puis-je r\u00e9server une chambre pour quelqu&#039;un d&#039;autre\u00a0?<\/strong><br \/>\u2192 Oui, \u00e0 condition que le client principal qui s&#039;enregistre soit \u00e2g\u00e9 d&#039;au moins 18 ans.<\/span><\/li><li><span class=\"qwen-markdown-text\"><strong class=\"qwen-markdown-strong\">Un d\u00e9p\u00f4t est-il requis\u00a0?<\/strong><br \/>\u2192 Oui, un d\u00e9p\u00f4t fixe de 200 CNY est exig\u00e9 \u00e0 l&#039;arriv\u00e9e et remboursable au d\u00e9part.<\/span><\/li><li><span class=\"qwen-markdown-text\"><strong class=\"qwen-markdown-strong\">Quels sont les modes de paiement accept\u00e9s\u00a0?<\/strong><br \/>\u2192 Esp\u00e8ces, cartes de cr\u00e9dit et cartes de d\u00e9bit sont accept\u00e9es.<\/span><\/li><li><span class=\"qwen-markdown-text\"><strong class=\"qwen-markdown-strong\">Proposez-vous un alignement des prix ?<\/strong><br \/>\u2192 Oui, l&#039;h\u00f4tel offre une garantie \u201c Nous alignons nos prix \u201d.<\/span><\/li><li><span class=\"qwen-markdown-text\"><strong class=\"qwen-markdown-strong\">Combien de chambres compte l&#039;h\u00f4tel ?<\/strong><br \/>\u2192 L&#039;h\u00f4tel compte 156 chambres modernes.<\/span><\/li><li><span class=\"qwen-markdown-text\"><strong class=\"qwen-markdown-strong\">Quand l&#039;h\u00f4tel a-t-il ouvert ses portes ?<\/strong><br \/>\u2192 L&#039;h\u00f4tel Eeril a ouvert ses portes en 2022.<\/span><\/li><li><span class=\"qwen-markdown-text\"><strong class=\"qwen-markdown-strong\">Cet h\u00f4tel convient-il aux couples ?<\/strong><br \/>\u2192 Oui, il est particuli\u00e8rement appr\u00e9ci\u00e9 des couples pour son ambiance propre, calme et romantique.<\/span><\/li><\/ol><div class=\"qwen-markdown-space\">\u00a0<\/div><div class=\"qwen-markdown-hr\"><hr \/><\/div><div class=\"qwen-markdown-space\">\u00a0<\/div><h3 class=\"qwen-markdown-heading\"><span class=\"qwen-markdown-text\">\ud83d\ude97 <\/span><strong class=\"qwen-markdown-strong\"><span class=\"qwen-markdown-text\">Transport et emplacement<\/span><\/strong><\/h3><ol class=\"qwen-markdown-list\" dir=\"auto\" start=\"11\"><li><span class=\"qwen-markdown-text\"><strong class=\"qwen-markdown-strong\">Quelle est la distance entre l&#039;h\u00f4tel et la station de m\u00e9tro Shixia\u00a0?<\/strong><br \/>\u2192 \u00c0 seulement 280 m\u00e8tres \u2014 soit 3 \u00e0 5 minutes \u00e0 pied.<\/span><\/li><li><span class=\"qwen-markdown-text\"><strong class=\"qwen-markdown-strong\">Y a-t-il un parking disponible ?<\/strong><br \/>\u2192 Oui, un parking public gratuit est disponible sur place (aucune r\u00e9servation requise).<\/span><\/li><li><span class=\"qwen-markdown-text\"><strong class=\"qwen-markdown-strong\">L&#039;h\u00f4tel propose-t-il des transferts a\u00e9roport ?<\/strong><br \/>\u2192 Non, aucun service de navette a\u00e9roport n&#039;est assur\u00e9.<\/span><\/li><li><span class=\"qwen-markdown-text\"><strong class=\"qwen-markdown-strong\">Quelle est la distance de la gare de Futian ?<\/strong><br \/>\u2192 Environ 2,9 km (environ 10 minutes en taxi).<\/span><\/li><li><span class=\"qwen-markdown-text\"><strong class=\"qwen-markdown-strong\">Existe-t-il des bornes de recharge pour v\u00e9hicules \u00e9lectriques ?<\/strong><br \/>\u2192 Oui, l&#039;h\u00f4tel met \u00e0 disposition de ses clients des bornes de recharge pour v\u00e9hicules \u00e9lectriques.<\/span><\/li><\/ol><div class=\"qwen-markdown-space\">\u00a0<\/div><div class=\"qwen-markdown-hr\"><hr \/><\/div><div class=\"qwen-markdown-space\">\u00a0<\/div><h3 class=\"qwen-markdown-heading\"><span class=\"qwen-markdown-text\">\ud83c\udf7d\ufe0f <\/span><strong class=\"qwen-markdown-strong\"><span class=\"qwen-markdown-text\">Restauration et petit-d\u00e9jeuner<\/span><\/strong><\/h3><ol class=\"qwen-markdown-list\" dir=\"auto\" start=\"16\"><li><span class=\"qwen-markdown-text\"><strong class=\"qwen-markdown-strong\">Le petit-d\u00e9jeuner est-il inclus ?<\/strong><br \/>\u2192 Non, le petit-d\u00e9jeuner est facultatif et co\u00fbte 38 CNY par adulte (buffet).<\/span><\/li><li><span class=\"qwen-markdown-text\"><strong class=\"qwen-markdown-strong\">\u00c0 quelle heure le petit-d\u00e9jeuner est-il servi ?<\/strong><br \/>\u2192 Tous les jours de 7h00 \u00e0 10h00.<\/span><\/li><li><span class=\"qwen-markdown-text\"><strong class=\"qwen-markdown-strong\">Les enfants ont-ils le droit de prendre leur petit-d\u00e9jeuner gratuitement\u00a0?<\/strong><br \/>\u2192 Oui \u2014 les enfants de moins de 1,2 m mangent le petit-d\u00e9jeuner gratuitement ; ceux de 1,2 \u00e0 1,5 m paient 19 CNY.<\/span><\/li><\/ol><div class=\"qwen-markdown-space\">\u00a0<\/div><div class=\"qwen-markdown-hr\"><hr \/><\/div><div class=\"qwen-markdown-space\">\u00a0<\/div><h3 class=\"qwen-markdown-heading\"><span class=\"qwen-markdown-text\">\ud83d\udc3e <\/span><strong class=\"qwen-markdown-strong\"><span class=\"qwen-markdown-text\">Politiques des invit\u00e9s<\/span><\/strong><\/h3><ol class=\"qwen-markdown-list\" dir=\"auto\" start=\"19\"><li><span class=\"qwen-markdown-text\"><strong class=\"qwen-markdown-strong\">Les animaux domestiques sont-ils autoris\u00e9s ?<\/strong><br \/>\u2192 Non, les animaux de compagnie ne sont pas admis. Les animaux d&#039;assistance sont les bienvenus sur demande.<\/span><\/li><li><span class=\"qwen-markdown-text\"><strong class=\"qwen-markdown-strong\">Puis-je ajouter un lit d&#039;appoint ou un berceau \u00e0 ma chambre\u00a0?<\/strong><br \/>\u2192 Il n&#039;est pas possible d&#039;ajouter de lit b\u00e9b\u00e9. Les conditions relatives aux lits d&#039;appoint varient selon le type de chambre\u00a0; veuillez consulter les d\u00e9tails de la chambre concern\u00e9e.<\/span><\/li><\/ol>\t\t\t\t\t\t\t\t<\/div>\n\t\t\t\t\t<\/div>\n\t\t<\/div>\n\t\t\t\t\t<\/div>\n\t\t<\/section>\n\t\t\t\t<\/div>","protected":false},"excerpt":{"rendered":"<p>Below, you will find a list of the questions most frequently asked by our guests. FAQ&#8217;S Questions &amp; Answers &#x1f3e8; General &amp; Booking What are the check-in and check-out times?\u2192 Check-in is after 14:00; check-out is before 12:00. Is there a 24-hour front desk?\u2192 Yes, the front desk operates 24\/7 for guest assistance. Do you [&hellip;]<\/p>\n","protected":false},"author":1,"featured_media":0,"parent":0,"menu_order":0,"comment_status":"closed","ping_status":"closed","template":"","meta":{"footnotes":""},"class_list":["post-2105","page","type-page","status-publish","hentry","post-no-thumbnail"],"_links":{"self":[{"href":"https:\/\/eerilhotel.com\/fr\/wp-json\/wp\/v2\/pages\/2105","targetHints":{"allow":["GET"]}}],"collection":[{"href":"https:\/\/eerilhotel.com\/fr\/wp-json\/wp\/v2\/pages"}],"about":[{"href":"https:\/\/eerilhotel.com\/fr\/wp-json\/wp\/v2\/types\/page"}],"author":[{"embeddable":true,"href":"https:\/\/eerilhotel.com\/fr\/wp-json\/wp\/v2\/users\/1"}],"replies":[{"embeddable":true,"href":"https:\/\/eerilhotel.com\/fr\/wp-json\/wp\/v2\/comments?post=2105"}],"version-history":[{"count":0,"href":"https:\/\/eerilhotel.com\/fr\/wp-json\/wp\/v2\/pages\/2105\/revisions"}],"wp:attachment":[{"href":"https:\/\/eerilhotel.com\/fr\/wp-json\/wp\/v2\/media?parent=2105"}],"curies":[{"name":"wp","href":"https:\/\/api.w.org\/{rel}","templated":true}]}}