{"id":2106,"date":"2021-03-25T04:08:26","date_gmt":"2021-03-25T04:08:26","guid":{"rendered":"http:\/\/localhost\/nuss\/?page_id=298"},"modified":"2025-12-14T13:53:14","modified_gmt":"2025-12-14T13:53:14","slug":"experiences","status":"publish","type":"page","link":"https:\/\/eerilhotel.com\/fr\/experiences\/","title":{"rendered":"Avis sur l&#039;h\u00f4tel Eeril"},"content":{"rendered":"<div data-elementor-type=\"wp-page\" data-elementor-id=\"2106\" class=\"elementor elementor-2106\">\n\t\t\t\t\t\t<section class=\"elementor-section elementor-top-section elementor-element elementor-element-1954ffc elementor-section-boxed elementor-section-gap-beside-yes elementor-section-height-default elementor-section-height-default elementor-section-column-vertical-align-stretch\" data-id=\"1954ffc\" data-element_type=\"section\" data-e-type=\"section\">\n\t\t\t\t\t\t<div class=\"elementor-container elementor-column-gap-extended\">\n\t\t\t\t\t<div class=\"elementor-column elementor-col-100 elementor-top-column elementor-element elementor-element-86aebc5\" data-id=\"86aebc5\" data-element_type=\"column\" data-e-type=\"column\">\n\t\t\t<div class=\"elementor-widget-wrap elementor-element-populated\">\n\t\t\t\t\t\t<div class=\"elementor-element elementor-element-11803d1 elementor-widget__width-initial elementor-invisible elementor-widget elementor-widget-text-editor\" data-id=\"11803d1\" data-element_type=\"widget\" data-e-type=\"widget\" data-settings=\"{&quot;_animation&quot;:&quot;nussFadeInUp&quot;}\" data-widget_type=\"text-editor.default\">\n\t\t\t\t\t\t\t\t\t<div class=\"svelte-1c06zsf\" data-lang-code=\"\"><p class=\"qwen-markdown-paragraph\"><strong class=\"qwen-markdown-strong\"><span class=\"qwen-markdown-text\" data-spm-anchor-id=\"a2ty_o01.29997173.0.i42.7aab5171oMV61N\">H\u00f4tel Eeril (succursale du centre de congr\u00e8s et d&#039;expositions de Shenzhen Futian) \u2013 Avis et t\u00e9moignages de clients\u00a0: pourquoi plus de 10\u00a0685 voyageurs lui ont attribu\u00e9 la note de 9,4\/10\u00a0?<\/span><\/strong><\/p><\/div>\t\t\t\t\t\t\t\t<\/div>\n\t\t\t\t\t<\/div>\n\t\t<\/div>\n\t\t\t\t\t<\/div>\n\t\t<\/section>\n\t\t<div class=\"elementor-element elementor-element-95e7268 e-flex e-con-boxed e-con e-parent\" data-id=\"95e7268\" data-element_type=\"container\" data-e-type=\"container\">\n\t\t\t\t\t<div class=\"e-con-inner\">\n\t\t\t\t<div class=\"elementor-element elementor-element-bd47571 elementor-widget elementor-widget-image\" data-id=\"bd47571\" data-element_type=\"widget\" data-e-type=\"widget\" data-widget_type=\"image.default\">\n\t\t\t\t\t\t\t\t\t\t\t\t\t\t\t\t<a href=\"https:\/\/www.trip.com\/hotels\/shenzhen-hotel-detail-103066319\/slang-hotel\/?Allianceid=4590391&#038;SID=282979369&#038;trip_sub1=&#038;trip_sub3=D8419210\" target=\"_blank\" rel=\"noopener\">\n\t\t\t\t\t\t\t<img fetchpriority=\"high\" decoding=\"async\" width=\"1711\" height=\"1081\" src=\"https:\/\/eerilhotel.com\/wp-content\/uploads\/2025\/12\/eeril-hotel-reviews.jpg\" class=\"attachment-full size-full wp-image-7307\" alt=\"\" srcset=\"https:\/\/eerilhotel.com\/wp-content\/uploads\/2025\/12\/eeril-hotel-reviews.jpg 1711w, https:\/\/eerilhotel.com\/wp-content\/uploads\/2025\/12\/eeril-hotel-reviews-300x190.jpg 300w, https:\/\/eerilhotel.com\/wp-content\/uploads\/2025\/12\/eeril-hotel-reviews-1024x647.jpg 1024w, https:\/\/eerilhotel.com\/wp-content\/uploads\/2025\/12\/eeril-hotel-reviews-768x485.jpg 768w, https:\/\/eerilhotel.com\/wp-content\/uploads\/2025\/12\/eeril-hotel-reviews-1536x970.jpg 1536w, https:\/\/eerilhotel.com\/wp-content\/uploads\/2025\/12\/eeril-hotel-reviews-18x12.jpg 18w\" sizes=\"(max-width: 1711px) 100vw, 1711px\" \/>\t\t\t\t\t\t\t\t<\/a>\n\t\t\t\t\t\t\t\t\t\t\t\t\t\t\t<\/div>\n\t\t\t\t\t<\/div>\n\t\t\t\t<\/div>\n\t\t<div class=\"elementor-element elementor-element-3e39171 e-flex e-con-boxed e-con e-parent\" data-id=\"3e39171\" data-element_type=\"container\" data-e-type=\"container\">\n\t\t\t\t\t<div class=\"e-con-inner\">\n\t\t\t\t<div class=\"elementor-element elementor-element-7761d0c elementor-widget elementor-widget-text-editor\" data-id=\"7761d0c\" data-element_type=\"widget\" data-e-type=\"widget\" data-widget_type=\"text-editor.default\">\n\t\t\t\t\t\t\t\t\t<p class=\"qwen-markdown-paragraph\"><span class=\"qwen-markdown-text\" data-spm-anchor-id=\"a2ty_o01.29997173.0.i43.7aab5171oMV61N\">Pour choisir un h\u00f4tel dans le quartier anim\u00e9 de Futian \u00e0 Shenzhen, et plus particuli\u00e8rement \u00e0 proximit\u00e9 du gigantesque centre de congr\u00e8s et d&#039;expositions, les avis des voyageurs sont votre meilleur guide. \u00c0 l&#039;h\u00f4tel Eeril (succursale de Futian), les clients ne sont pas seulement satisfaits\u2026 ils sont v\u00e9ritablement ravis. <\/span><strong class=\"qwen-markdown-strong\"><span class=\"qwen-markdown-text\">10\u00a0685 avis clients v\u00e9rifi\u00e9s<\/span><\/strong><span class=\"qwen-markdown-text\"> et un remarquable <\/span><strong class=\"qwen-markdown-strong\"><span class=\"qwen-markdown-text\">Note de 9,4\/10<\/span><\/strong><span class=\"qwen-markdown-text\">, Cet h\u00f4tel moderne 4 \u00e9toiles s&#039;est forg\u00e9 une r\u00e9putation d&#039;\u00e9tablissement parmi les plus pris\u00e9s de la ville, tant pour les voyageurs d&#039;affaires que pour les touristes.<\/span><\/p><p class=\"qwen-markdown-paragraph\"><span class=\"qwen-markdown-text\">Voyons ce que disent les vrais clients \u2014 des professionnels voyageant seuls aux couples et aux familles \u2014 et d\u00e9couvrons pourquoi l&#039;h\u00f4tel Eeril d\u00e9passe constamment les attentes.<\/span><\/p><div class=\"qwen-markdown-hr\"><hr \/><\/div><h3 class=\"qwen-markdown-heading\"><span class=\"qwen-markdown-text\">\ud83c\udf1f \u201c Propre, silencieux et \u00e9l\u00e9gant \u201d \u2013 Impression des clients du #1<\/span><\/h3><p class=\"qwen-markdown-paragraph\"><span class=\"qwen-markdown-text\">Le consensus \u00e9crasant ? <\/span><strong class=\"qwen-markdown-strong\"><span class=\"qwen-markdown-text\">La propret\u00e9 est reine<\/span><\/strong><span class=\"qwen-markdown-text\"> \u2014 et Eeril tient ses promesses. Les clients ne cessent de vanter la propret\u00e9 impeccable des chambres, la fra\u00eecheur du linge de maison et le service de m\u00e9nage m\u00e9ticuleux. Un client a r\u00e9cemment laiss\u00e9 un avis, le 14 d\u00e9cembre 2025\u00a0:<\/span><\/p><blockquote class=\"qwen-markdown-blockquote\"><p class=\"qwen-markdown-paragraph\"><em><span class=\"qwen-markdown-text\">\u201c La chambre est tr\u00e8s bien. Je reviendrai ici avec ma famille. Je le recommande \u00e0 tout le monde. Je suis ravi d&#039;avoir pass\u00e9 la nuit ici. \u201d<\/span><\/em><\/p><\/blockquote><p class=\"qwen-markdown-paragraph\"><span class=\"qwen-markdown-text\">Un autre a rench\u00e9ri : <\/span><\/p><blockquote class=\"qwen-markdown-blockquote\"><p class=\"qwen-markdown-paragraph\"><em><span class=\"qwen-markdown-text\">\u201c Le service est excellent et impeccable. Tout le monde est sympathique et nous reviendrons ici avec mes amis. \u201d<\/span><\/em><\/p><\/blockquote><p class=\"qwen-markdown-paragraph\"><span class=\"qwen-markdown-text\">Ce n&#039;est pas naturel. Avec un score de propret\u00e9 de <\/span><strong class=\"qwen-markdown-strong\"><span class=\"qwen-markdown-text\">9.4\/10<\/span><\/strong><span class=\"qwen-markdown-text\"> \u2014 conform\u00e9ment \u00e0 sa note globale \u2014 l&#039;h\u00f4tel Eeril accorde clairement la priorit\u00e9 \u00e0 l&#039;hygi\u00e8ne, ce qui en fait un lieu de pr\u00e9dilection aussi bien pour les personnes soucieuses de leur sant\u00e9 que pour celles qui craignent les germes.<\/span><\/p><div class=\"qwen-markdown-hr\"><hr \/><\/div><h3 class=\"qwen-markdown-heading\"><span class=\"qwen-markdown-text\">\ud83d\udccd Emplacement id\u00e9al : \u00e0 deux pas du m\u00e9tro, du centre des congr\u00e8s et bien plus encore<\/span><\/h3><p class=\"qwen-markdown-paragraph\"><span class=\"qwen-markdown-text\">Les clients sont unanimes quant \u00e0 l&#039;emplacement exceptionnel, nich\u00e9 \u00e0 <\/span><strong class=\"qwen-markdown-strong\"><span class=\"qwen-markdown-text\">199, rue Fumin<\/span><\/strong><span class=\"qwen-markdown-text\">, juste un <\/span><strong class=\"qwen-markdown-strong\"><span class=\"qwen-markdown-text\">\u00c0 280 m\u00e8tres \u00e0 pied de la station de m\u00e9tro Shixia<\/span><\/strong><span class=\"qwen-markdown-text\"> (Lignes 3 et 7), et seulement <\/span><strong class=\"qwen-markdown-strong\"><span class=\"qwen-markdown-text\">\u00c0 2,9 km de la gare de Futian<\/span><\/strong><span class=\"qwen-markdown-text\">. Que vous assistiez \u00e0 une grande exposition ou que vous exploriez la skyline de Shenzhen, les d\u00e9placements sont faciles.<\/span><\/p><blockquote class=\"qwen-markdown-blockquote\"><p class=\"qwen-markdown-paragraph\"><em><span class=\"qwen-markdown-text\">\u201c Acc\u00e8s facile aux lignes de m\u00e9tro 3 et 7, ainsi qu&#039;aux commerces et restaurants \u00e0 proximit\u00e9. L&#039;environnement est calme, propre et \u00e9l\u00e9gant. \u201d<\/span><\/em><span class=\"qwen-markdown-text\"> note une critique r\u00e9sum\u00e9e par une IA bas\u00e9e sur 3\u00a0609 commentaires d&#039;invit\u00e9s.<\/span><\/p><\/blockquote><p class=\"qwen-markdown-paragraph\"><span class=\"qwen-markdown-text\">La proximit\u00e9 du parc COCO, du march\u00e9 nocturne de Tiantai et du pittoresque parc \u00e9cologique de la mangrove de Futian ajoute \u00e0 son attrait, faisant d&#039;Eeril un lieu id\u00e9al pour le travail et les loisirs.<\/span><\/p><div class=\"qwen-markdown-hr\"><hr \/><\/div><h3 class=\"qwen-markdown-heading\"><span class=\"qwen-markdown-text\">\ud83d\udecf\ufe0f Confort de la chambre : Moderne, \u00e9l\u00e9gante et spacieuse<\/span><\/h3><p class=\"qwen-markdown-paragraph\"><span class=\"qwen-markdown-text\">Avec 156 chambres soigneusement am\u00e9nag\u00e9es \u2014 dont des chambres Deluxe avec lit double, des chambres \u00e0 th\u00e8me \u00ab\u00a0Battement de c\u0153ur\u00a0\u00bb et des chambres Happy Dream Twin \u2014 les clients b\u00e9n\u00e9ficient d\u2019\u00e9quipements modernes tels que\u00a0:<\/span><\/p><ul class=\"qwen-markdown-list\" dir=\"auto\"><li><span class=\"qwen-markdown-text\">Commandes intelligentes pour toute la maison<\/span><\/li><li><span class=\"qwen-markdown-text\">Wi-Fi haut d\u00e9bit gratuit<\/span><\/li><li><span class=\"qwen-markdown-text\">R\u00e9frig\u00e9rateur et minibar<\/span><\/li><li><span class=\"qwen-markdown-text\">Fen\u00eatres insonoris\u00e9es<\/span><\/li><li><span class=\"qwen-markdown-text\">Climatisation et salles de bains privatives<\/span><\/li><\/ul><p class=\"qwen-markdown-paragraph\"><span class=\"qwen-markdown-text\">De nombreux critiques soulignent que <\/span><strong class=\"qwen-markdown-strong\"><span class=\"qwen-markdown-text\">ambiance calme<\/span><\/strong><span class=\"qwen-markdown-text\"> et <\/span><strong class=\"qwen-markdown-strong\"><span class=\"qwen-markdown-text\">sensation d&#039;espace<\/span><\/strong><span class=\"qwen-markdown-text\">, m\u00eame dans les chambres plus petites comme la chambre \u00e0 th\u00e8me \u00ab\u00a0Battements de c\u0153ur\u00a0\u00bb de 20 \u00e0 25\u00a0m\u00b2. Un client a fait remarquer\u00a0: <\/span><\/p><blockquote class=\"qwen-markdown-blockquote\"><p class=\"qwen-markdown-paragraph\"><em><span class=\"qwen-markdown-text\">\u201c Les chambres sont syst\u00e9matiquement d\u00e9crites comme propres, confortables et dot\u00e9es d&#039;\u00e9quipements modernes. Le calme et l&#039;espace contribuent \u00e0 un s\u00e9jour reposant. \u201d<\/span><\/em><\/p><\/blockquote><p class=\"qwen-markdown-paragraph\"><span class=\"qwen-markdown-text\">Que vous travailliez tard ou que vous vous d\u00e9tendiez apr\u00e8s une longue journ\u00e9e, votre chambre se transforme en un havre de paix.<\/span><\/p><div class=\"qwen-markdown-hr\"><hr \/><\/div><h3 class=\"qwen-markdown-heading\"><span class=\"qwen-markdown-text\">\ud83d\udc65 Excellence du service : Personnel accueillant et commodit\u00e9s technologiques<\/span><\/h3><p class=\"qwen-markdown-paragraph\"><span class=\"qwen-markdown-text\">Le service obtient une bonne note. <\/span><strong class=\"qwen-markdown-strong\"><span class=\"qwen-markdown-text\">9.3\/10<\/span><\/strong><span class=\"qwen-markdown-text\">, gr\u00e2ce \u00e0 un personnel attentif et multilingue parlant anglais et mandarin. De l&#039;assistance \u00e0 la r\u00e9ception 24h\/24 aux bornes d&#039;enregistrement automatique et m\u00eame <\/span><strong class=\"qwen-markdown-strong\"><span class=\"qwen-markdown-text\">robots de service<\/span><\/strong><span class=\"qwen-markdown-text\"> Pour ses livraisons, Eeril allie chaleur humaine et technologie intelligente.<\/span><\/p><p class=\"qwen-markdown-paragraph\"><span class=\"qwen-markdown-text\">Les clients mentionnent fr\u00e9quemment le <\/span><strong class=\"qwen-markdown-strong\"><span class=\"qwen-markdown-text\">personnel aimable et serviable<\/span><\/strong><span class=\"qwen-markdown-text\"> \u2014 une perle rare parmi les h\u00f4tels urbains anim\u00e9s. Comme l&#039;a dit un visiteur\u00a0: <\/span><\/p><blockquote class=\"qwen-markdown-blockquote\"><p class=\"qwen-markdown-paragraph\"><em><span class=\"qwen-markdown-text\">\u201c Le service est tr\u00e8s agr\u00e9able et convivial. Je reviendrai ici avec mes amis et je recommande cet h\u00f4tel \u00e0 tous. \u201d<\/span><\/em><\/p><\/blockquote><p class=\"qwen-markdown-paragraph\"><span class=\"qwen-markdown-text\">Si quelques clients sugg\u00e8rent des am\u00e9liorations concernant les performances de la climatisation ou la convivialit\u00e9 du personnel, il s&#039;agit de cas isol\u00e9s dans une multitude de commentaires majoritairement positifs.<\/span><\/p><div class=\"qwen-markdown-hr\"><hr \/><\/div><h3 class=\"qwen-markdown-heading\"><span class=\"qwen-markdown-text\">\ud83c\udf7d\ufe0f Petit-d\u00e9jeuner et restauration\u00a0: Buffet chinois frais<\/span><\/h3><p class=\"qwen-markdown-paragraph\"><span class=\"qwen-markdown-text\">Commencez votre journ\u00e9e du bon pied avec un d\u00e9licieux <\/span><strong class=\"qwen-markdown-strong\"><span class=\"qwen-markdown-text\">Petit-d\u00e9jeuner buffet de style chinois<\/span><\/strong><span class=\"qwen-markdown-text\"> Servi tous les jours de 7h00 \u00e0 10h00, ce petit-d\u00e9jeuner, au prix de 38 CNY par adulte, propose un choix vari\u00e9 et savoureux de sp\u00e9cialit\u00e9s locales \u2013 id\u00e9al avant une r\u00e9union ou une visite touristique.<\/span><\/p><p class=\"qwen-markdown-paragraph\"><span class=\"qwen-markdown-text\">Pour les envies nocturnes ou les collations rapides, le bar du hall et le service d&#039;\u00e9tage 24h\/24 et 7j\/7 vous assurent de toujours avoir des rafra\u00eechissements \u00e0 port\u00e9e de main.<\/span><\/p><div class=\"qwen-markdown-hr\"><hr \/><\/div><h3 class=\"qwen-markdown-heading\"><span class=\"qwen-markdown-text\">\ud83e\uddf3 Des avantages professionnels qui impressionnent<\/span><\/h3><p class=\"qwen-markdown-paragraph\"><span class=\"qwen-markdown-text\">Les professionnels appr\u00e9cient Eeril pour ses infrastructures d&#039;affaires parfaitement int\u00e9gr\u00e9es\u00a0:<\/span><\/p><ul class=\"qwen-markdown-list\" dir=\"auto\"><li><span class=\"qwen-markdown-text\"><strong class=\"qwen-markdown-strong\">Salles de conf\u00e9rence et multifonctionnelles<\/strong> avec des configurations multim\u00e9dias<\/span><\/li><li><span class=\"qwen-markdown-text\"><strong class=\"qwen-markdown-strong\">Espaces de coworking et centre d&#039;affaires<\/strong><\/span><\/li><li><span class=\"qwen-markdown-text\"><strong class=\"qwen-markdown-strong\">Services de t\u00e9l\u00e9copie\/photocopie et assistance de secr\u00e9tariat<\/strong><\/span><\/li><li><span class=\"qwen-markdown-text\"><strong class=\"qwen-markdown-strong\">Borne de recharge pour v\u00e9hicules \u00e9lectriques et parking public gratuit<\/strong><\/span><\/li><\/ul><p class=\"qwen-markdown-paragraph\"><span class=\"qwen-markdown-text\">Un voyageur d&#039;affaires a fait cette remarque\u00a0: <\/span><\/p><blockquote class=\"qwen-markdown-blockquote\"><p class=\"qwen-markdown-paragraph\"><em><span class=\"qwen-markdown-text\">\u201c Id\u00e9al pour les conf\u00e9rences : acc\u00e8s facile au centre d&#039;exposition et excellentes salles de r\u00e9union. Le personnel a tout organis\u00e9 sans probl\u00e8me. \u201d<\/span><\/em><\/p><\/blockquote><div class=\"qwen-markdown-hr\"><hr \/><\/div><h3 class=\"qwen-markdown-heading\"><span class=\"qwen-markdown-text\">\ud83d\udcbc Id\u00e9al pour les couples, les voyageurs en solo et les familles<\/span><\/h3><p class=\"qwen-markdown-paragraph\"><span class=\"qwen-markdown-text\">Bien qu&#039;il soit particuli\u00e8rement appr\u00e9ci\u00e9 des couples (comme indiqu\u00e9 dans la description de l&#039;\u00e9tablissement), l&#039;h\u00f4tel Eeril accueille les clients de tous \u00e2ges. Le petit-d\u00e9jeuner est offert aux enfants de moins de 1,20 m, et son environnement calme et propre en fait un lieu id\u00e9al pour les familles.<\/span><\/p><p class=\"qwen-markdown-paragraph\"><span class=\"qwen-markdown-text\">Les voyageurs solitaires appr\u00e9cient la s\u00e9curit\u00e9, l&#039;intimit\u00e9 et les \u00e9quipements technologiques, tandis que les groupes b\u00e9n\u00e9ficient de la flexibilit\u00e9 des chambres et de l&#039;emplacement central.<\/span><\/p><div class=\"qwen-markdown-hr\"><hr \/><\/div><h3 class=\"qwen-markdown-heading\"><span class=\"qwen-markdown-text\">\u2b50 Qu&#039;est-ce qui distingue Eeril ? Un r\u00e9sum\u00e9 des impressions des clients<\/span><\/h3><p class=\"qwen-markdown-paragraph\"><span class=\"qwen-markdown-text\">D&#039;apr\u00e8s des milliers d&#039;avis, voici ce que les clients appr\u00e9cient le plus\u00a0:<\/span><\/p><p class=\"qwen-markdown-paragraph\"><span class=\"qwen-markdown-text\">\u2705 <\/span><strong class=\"qwen-markdown-strong\"><span class=\"qwen-markdown-text\">Propret\u00e9 exceptionnelle<\/span><\/strong><span class=\"qwen-markdown-text\"> \u2013 Note constante de 9,4\/10<\/span><br \/><span class=\"qwen-markdown-text\">\u2705 <\/span><strong class=\"qwen-markdown-strong\"><span class=\"qwen-markdown-text\">Emplacement de premier choix<\/span><\/strong><span class=\"qwen-markdown-text\"> \u2013 Acc\u00e8s \u00e0 pied au m\u00e9tro, au train et aux attractions<\/span><br \/><span class=\"qwen-markdown-text\">\u2705 <\/span><strong class=\"qwen-markdown-strong\"><span class=\"qwen-markdown-text\">Chambres intelligentes et modernes<\/span><\/strong><span class=\"qwen-markdown-text\"> \u2013 Calme, spacieux et dot\u00e9 de technologies de pointe<\/span><br \/><span class=\"qwen-markdown-text\">\u2705 <\/span><strong class=\"qwen-markdown-strong\"><span class=\"qwen-markdown-text\">Personnel aimable et serviable<\/span><\/strong><span class=\"qwen-markdown-text\"> \u2013 Multilingue et r\u00e9actif<\/span><br \/><span class=\"qwen-markdown-text\">\u2705 <\/span><strong class=\"qwen-markdown-strong\"><span class=\"qwen-markdown-text\">Pr\u00eat pour l&#039;entreprise<\/span><\/strong><span class=\"qwen-markdown-text\"> \u2013 Salles de r\u00e9union, bornes de recharge pour v\u00e9hicules \u00e9lectriques, espaces de coworking<\/span><br \/><span class=\"qwen-markdown-text\">\u2705 <\/span><strong class=\"qwen-markdown-strong\"><span class=\"qwen-markdown-text\">Rapport qualit\u00e9-prix<\/span><\/strong><span class=\"qwen-markdown-text\"> \u2013 Un prix comp\u00e9titif pour une exp\u00e9rience 4 \u00e9toiles <\/span><\/p><div class=\"qwen-markdown-hr\"><hr \/><\/div><h3 class=\"qwen-markdown-heading\"><span class=\"qwen-markdown-text\">\u2753 Questions fr\u00e9quentes et r\u00e9ponses de vrais clients<\/span><\/h3><p class=\"qwen-markdown-paragraph\"><strong class=\"qwen-markdown-strong\"><span class=\"qwen-markdown-text\">Q : Y a-t-il une piscine ?<\/span><\/strong><br \/><span class=\"qwen-markdown-text\">R : Non, l&#039;h\u00f4tel Eeril ne poss\u00e8de pas de piscine.<\/span><\/p><div class=\"qwen-markdown-space\">\u00a0<\/div><p class=\"qwen-markdown-paragraph\"><strong class=\"qwen-markdown-strong\"><span class=\"qwen-markdown-text\">Q : Les animaux domestiques sont-ils autoris\u00e9s ?<\/span><\/strong><br \/><span class=\"qwen-markdown-text\">A: Les animaux de compagnie ne sont pas admis, mais les animaux d&#039;assistance sont les bienvenus sur demande.<\/span><\/p><div class=\"qwen-markdown-space\">\u00a0<\/div><p class=\"qwen-markdown-paragraph\"><strong class=\"qwen-markdown-strong\"><span class=\"qwen-markdown-text\">Q : Quels sont les horaires d&#039;arriv\u00e9e et de d\u00e9part ?<\/span><\/strong><br \/><span class=\"qwen-markdown-text\">A: Arriv\u00e9e apr\u00e8s 14h00, d\u00e9part avant 12h00. Bornes d&#039;enregistrement automatique disponibles.<\/span><\/p><div class=\"qwen-markdown-space\">\u00a0<\/div><p class=\"qwen-markdown-paragraph\"><strong class=\"qwen-markdown-strong\"><span class=\"qwen-markdown-text\">Q : L&#039;h\u00f4tel propose-t-il des transferts a\u00e9roport ?<\/span><\/strong><br \/><span class=\"qwen-markdown-text\">R : Non, les navettes a\u00e9roport ne sont pas assur\u00e9es.<\/span><\/p><div class=\"qwen-markdown-space\">\u00a0<\/div><div class=\"qwen-markdown-hr\"><hr \/><\/div><div class=\"qwen-markdown-space\">\u00a0<\/div><h3 class=\"qwen-markdown-heading\"><span class=\"qwen-markdown-text\">\ud83d\udcc8 Verdict final\u00a0: Pourquoi plus de 10\u00a0685 voyageurs ont choisi l\u2019h\u00f4tel Eeril<\/span><\/h3><p class=\"qwen-markdown-paragraph\"><span class=\"qwen-markdown-text\">Dans une ville aussi dynamique et comp\u00e9titive que Shenzhen, trouver un h\u00f4tel qui offre un bon \u00e9quilibre <\/span><strong class=\"qwen-markdown-strong\"><span class=\"qwen-markdown-text\">emplacement, confort, propret\u00e9 et service<\/span><\/strong><span class=\"qwen-markdown-text\"> Ce n&#039;est pas une mince affaire. L&#039;h\u00f4tel Eeril (succursale du centre de congr\u00e8s et d&#039;expositions de Futian) ne se contente pas de respecter ces normes, il les \u00e9tablit.<\/span><\/p><p class=\"qwen-markdown-paragraph\"><span class=\"qwen-markdown-text\">Que vous participiez \u00e0 un salon professionnel, concluiez un accord ou souhaitiez simplement vous impr\u00e9gner de l&#039;\u00e9nergie de Futian, capitale chinoise de l&#039;innovation, l&#039;h\u00f4tel Eeril offre un parfait \u00e9quilibre entre technologie de pointe, design soign\u00e9 et hospitalit\u00e9 authentique. Avec une note de 9,4\/10, appuy\u00e9e par plus de 10\u00a0000 avis authentiques, une chose est claire\u00a0: il ne s&#039;agit pas d&#039;un h\u00f4tel comme les autres, mais de votre pied-\u00e0-terre id\u00e9al pour r\u00e9ussir et vous d\u00e9tendre au c\u0153ur de Futian.<\/span><\/p><p class=\"qwen-markdown-paragraph\"><strong class=\"qwen-markdown-strong\"><span class=\"qwen-markdown-text\">R\u00e9servez votre s\u00e9jour d\u00e8s aujourd&#039;hui et rejoignez les milliers de voyageurs qui ont d\u00e9j\u00e0 d\u00e9couvert pourquoi l&#039;h\u00f4tel Eeril brille de mille feux.<\/span><\/strong><\/p>\t\t\t\t\t\t\t\t<\/div>\n\t\t\t\t\t<\/div>\n\t\t\t\t<\/div>\n\t\t\t\t<\/div>","protected":false},"excerpt":{"rendered":"<p>Eeril Hotel (Shenzhen Futian Convention and Exhibition Center Branch) \u2013 Real Guest Experiences &amp; Reviews: Why 10,685+ Travelers Rate It 9.4\/10 When choosing a hotel in Shenzhen\u2019s bustling Futian District \u2014 especially near the massive Convention and Exhibition Center \u2014 traveler reviews are your most trusted compass. And at Eeril Hotel (Futian Branch), guests aren\u2019t [&hellip;]<\/p>\n","protected":false},"author":1,"featured_media":0,"parent":0,"menu_order":0,"comment_status":"closed","ping_status":"closed","template":"","meta":{"footnotes":""},"class_list":["post-2106","page","type-page","status-publish","hentry","post-no-thumbnail"],"_links":{"self":[{"href":"https:\/\/eerilhotel.com\/fr\/wp-json\/wp\/v2\/pages\/2106","targetHints":{"allow":["GET"]}}],"collection":[{"href":"https:\/\/eerilhotel.com\/fr\/wp-json\/wp\/v2\/pages"}],"about":[{"href":"https:\/\/eerilhotel.com\/fr\/wp-json\/wp\/v2\/types\/page"}],"author":[{"embeddable":true,"href":"https:\/\/eerilhotel.com\/fr\/wp-json\/wp\/v2\/users\/1"}],"replies":[{"embeddable":true,"href":"https:\/\/eerilhotel.com\/fr\/wp-json\/wp\/v2\/comments?post=2106"}],"version-history":[{"count":0,"href":"https:\/\/eerilhotel.com\/fr\/wp-json\/wp\/v2\/pages\/2106\/revisions"}],"wp:attachment":[{"href":"https:\/\/eerilhotel.com\/fr\/wp-json\/wp\/v2\/media?parent=2106"}],"curies":[{"name":"wp","href":"https:\/\/api.w.org\/{rel}","templated":true}]}}