{"id":5266,"date":"2021-07-18T08:03:35","date_gmt":"2021-07-18T08:03:35","guid":{"rendered":"https:\/\/nuss.uxper.co\/luxury-resort\/?page_id=5266"},"modified":"2025-12-14T13:33:20","modified_gmt":"2025-12-14T13:33:20","slug":"a-propos-de-nous","status":"publish","type":"page","link":"https:\/\/eerilhotel.com\/fr\/a-propos-de-nous\/","title":{"rendered":"\u00c0 propos de nous"},"content":{"rendered":"<div data-elementor-type=\"wp-page\" data-elementor-id=\"5266\" class=\"elementor elementor-5266\">\n\t\t\t\t\t\t<section class=\"elementor-section elementor-top-section elementor-element elementor-element-10416953 elementor-section-boxed elementor-section-gap-beside-yes elementor-section-height-default elementor-section-height-default elementor-section-column-vertical-align-stretch\" data-id=\"10416953\" data-element_type=\"section\" data-e-type=\"section\">\n\t\t\t\t\t\t<div class=\"elementor-container elementor-column-gap-extended\">\n\t\t\t\t\t<div class=\"elementor-column elementor-col-100 elementor-top-column elementor-element elementor-element-29c6aa8\" data-id=\"29c6aa8\" data-element_type=\"column\" data-e-type=\"column\">\n\t\t\t<div class=\"elementor-widget-wrap elementor-element-populated\">\n\t\t\t\t\t\t<div class=\"elementor-element elementor-element-7be18fe7 elementor-widget__width-initial elementor-invisible elementor-widget elementor-widget-text-editor\" data-id=\"7be18fe7\" data-element_type=\"widget\" data-e-type=\"widget\" data-settings=\"{&quot;_animation&quot;:&quot;nussFadeInUp&quot;}\" data-widget_type=\"text-editor.default\">\n\t\t\t\t\t\t\t\t\t<div class=\"svelte-1c06zsf\" data-lang-code=\"\"><p class=\"qwen-markdown-paragraph\"><strong class=\"qwen-markdown-strong\"><span class=\"qwen-markdown-text\" data-spm-anchor-id=\"a2ty_o01.29997173.0.i24.7aab5171oMV61N\">H\u00f4tel Eeril (succursale du centre de congr\u00e8s et d&#039;expositions de Shenzhen Futian) \u2013 Votre porte d&#039;entr\u00e9e \u00e9l\u00e9gante et moderne vers le c\u0153ur des affaires et du style de vie de Shenzhen<\/span><\/strong><\/p><\/div>\t\t\t\t\t\t\t\t<\/div>\n\t\t\t\t\t<\/div>\n\t\t<\/div>\n\t\t\t\t\t<\/div>\n\t\t<\/section>\n\t\t\t\t<section class=\"elementor-section elementor-top-section elementor-element elementor-element-7d18327f elementor-section-boxed elementor-section-gap-beside-yes elementor-section-height-default elementor-section-height-default elementor-section-column-vertical-align-stretch\" data-id=\"7d18327f\" data-element_type=\"section\" data-e-type=\"section\">\n\t\t\t\t\t\t<div class=\"elementor-container elementor-column-gap-extended\">\n\t\t\t\t\t<div class=\"elementor-column elementor-col-50 elementor-top-column elementor-element elementor-element-56533670\" data-id=\"56533670\" data-element_type=\"column\" data-e-type=\"column\">\n\t\t\t<div class=\"elementor-widget-wrap elementor-element-populated\">\n\t\t\t\t\t\t<div class=\"elementor-element elementor-element-19c3f543 elementor-drop-cap-yes elementor-drop-cap-view-default elementor-invisible elementor-widget elementor-widget-text-editor\" data-id=\"19c3f543\" data-element_type=\"widget\" data-e-type=\"widget\" data-settings=\"{&quot;_animation&quot;:&quot;nussFadeInUp&quot;,&quot;drop_cap&quot;:&quot;yes&quot;}\" data-widget_type=\"text-editor.default\">\n\t\t\t\t\t\t\t\t\t<p class=\"qwen-markdown-paragraph\"><span class=\"qwen-markdown-text\" data-spm-anchor-id=\"a2ty_o01.29997173.0.i25.7aab5171oMV61N\">Nich\u00e9 au 199 rue Fumin, dans le quartier dynamique de Futian, l&#039;h\u00f4tel Eeril (succursale du Centre de congr\u00e8s et d&#039;expositions de Shenzhen Futian) est bien plus qu&#039;un simple lieu de repos\u00a0: c&#039;est votre camp de base id\u00e9al, pratique et \u00e9l\u00e9gant pour explorer le monde tr\u00e9pidant des affaires de Shenzhen ou d\u00e9couvrir son effervescence culturelle. Ouvert en 2022, cet h\u00f4tel 4 \u00e9toiles moderne allie technologie de pointe et accueil attentionn\u00e9, offrant \u00e0 ses clients un confort optimal \u00e0 deux pas du Centre de congr\u00e8s et d&#039;expositions de Shenzhen, des principales lignes de m\u00e9tro et des meilleures boutiques et restaurants.<\/span><\/p>\t\t\t\t\t\t\t\t<\/div>\n\t\t\t\t\t<\/div>\n\t\t<\/div>\n\t\t\t\t<div class=\"elementor-column elementor-col-50 elementor-top-column elementor-element elementor-element-30f14127\" data-id=\"30f14127\" data-element_type=\"column\" data-e-type=\"column\">\n\t\t\t<div class=\"elementor-widget-wrap elementor-element-populated\">\n\t\t\t\t\t\t<div class=\"elementor-element elementor-element-59aea08 elementor-widget elementor-widget-image\" data-id=\"59aea08\" data-element_type=\"widget\" data-e-type=\"widget\" data-widget_type=\"image.default\">\n\t\t\t\t\t\t\t\t\t\t\t\t\t\t\t<img fetchpriority=\"high\" decoding=\"async\" width=\"1024\" height=\"819\" src=\"https:\/\/eerilhotel.com\/wp-content\/uploads\/2025\/12\/Eeril-hotel-30-1024x819.webp\" class=\"attachment-large size-large wp-image-7221\" alt=\"\" srcset=\"https:\/\/eerilhotel.com\/wp-content\/uploads\/2025\/12\/Eeril-hotel-30-1024x819.webp 1024w, https:\/\/eerilhotel.com\/wp-content\/uploads\/2025\/12\/Eeril-hotel-30-300x240.webp 300w, https:\/\/eerilhotel.com\/wp-content\/uploads\/2025\/12\/Eeril-hotel-30-768x615.webp 768w, https:\/\/eerilhotel.com\/wp-content\/uploads\/2025\/12\/Eeril-hotel-30-15x12.webp 15w, https:\/\/eerilhotel.com\/wp-content\/uploads\/2025\/12\/Eeril-hotel-30.webp 1066w\" sizes=\"(max-width: 1024px) 100vw, 1024px\" \/>\t\t\t\t\t\t\t\t\t\t\t\t\t\t\t<\/div>\n\t\t\t\t\t<\/div>\n\t\t<\/div>\n\t\t\t\t\t<\/div>\n\t\t<\/section>\n\t\t\t\t<section class=\"elementor-section elementor-top-section elementor-element elementor-element-29fb8578 elementor-section-height-min-height elementor-section-stretched elementor-section-full_width elementor-section-items-stretch elementor-section-height-default elementor-section-column-vertical-align-stretch\" data-id=\"29fb8578\" data-element_type=\"section\" data-e-type=\"section\" data-settings=\"{&quot;stretch_section&quot;:&quot;section-stretched&quot;}\">\n\t\t\t\t\t\t<div class=\"elementor-container elementor-column-gap-no\">\n\t\t\t\t\t<div class=\"elementor-column elementor-col-50 elementor-top-column elementor-element elementor-element-40ac270b\" data-id=\"40ac270b\" data-element_type=\"column\" data-e-type=\"column\">\n\t\t\t<div class=\"elementor-widget-wrap elementor-element-populated\">\n\t\t\t\t\t\t<div class=\"elementor-element elementor-element-20872773 elementor-widget__width-initial elementor-widget-mobile__width-inherit elementor-invisible nuss-elementor-loading nuss-slide-in-right elementor-widget elementor-widget-image\" data-id=\"20872773\" data-element_type=\"widget\" data-e-type=\"widget\" data-settings=\"{&quot;_animation&quot;:&quot;nussSlideInRight&quot;}\" data-widget_type=\"image.default\">\n\t\t\t\t\t\t\t\t\t\t\t\t\t\t\t<img decoding=\"async\" width=\"1280\" height=\"853\" src=\"https:\/\/eerilhotel.com\/wp-content\/uploads\/2025\/12\/Eeril-hotel-15.webp\" class=\"attachment-full size-full wp-image-7206\" alt=\"\" srcset=\"https:\/\/eerilhotel.com\/wp-content\/uploads\/2025\/12\/Eeril-hotel-15.webp 1280w, https:\/\/eerilhotel.com\/wp-content\/uploads\/2025\/12\/Eeril-hotel-15-300x200.webp 300w, https:\/\/eerilhotel.com\/wp-content\/uploads\/2025\/12\/Eeril-hotel-15-1024x682.webp 1024w, https:\/\/eerilhotel.com\/wp-content\/uploads\/2025\/12\/Eeril-hotel-15-768x512.webp 768w, https:\/\/eerilhotel.com\/wp-content\/uploads\/2025\/12\/Eeril-hotel-15-18x12.webp 18w\" sizes=\"(max-width: 1280px) 100vw, 1280px\" \/>\t\t\t\t\t\t\t\t\t\t\t\t\t\t\t<\/div>\n\t\t\t\t\t<\/div>\n\t\t<\/div>\n\t\t\t\t<div class=\"elementor-column elementor-col-50 elementor-top-column elementor-element elementor-element-2dac103\" data-id=\"2dac103\" data-element_type=\"column\" data-e-type=\"column\">\n\t\t\t<div class=\"elementor-widget-wrap elementor-element-populated\">\n\t\t\t\t\t\t<div class=\"elementor-element elementor-element-6f1b8966 elementor-invisible elementor-widget elementor-widget-text-editor\" data-id=\"6f1b8966\" data-element_type=\"widget\" data-e-type=\"widget\" data-settings=\"{&quot;_animation&quot;:&quot;nussFadeInUp&quot;}\" data-widget_type=\"text-editor.default\">\n\t\t\t\t\t\t\t\t\t<p class=\"qwen-markdown-paragraph\"><span class=\"qwen-markdown-text\" data-spm-anchor-id=\"a2ty_o01.29997173.0.i27.7aab5171oMV61N\">Id\u00e9al pour les voyageurs d&#039;affaires comme pour les touristes, l&#039;h\u00f4tel Eeril se trouve \u00e0 seulement 5 minutes \u00e0 pied de la station de m\u00e9tro Shixia (lignes 3 et 7), offrant un acc\u00e8s facile \u00e0 la gare de Futian (\u00e0 seulement 2,9 km), au c\u00e9l\u00e8bre centre financier Ping An, au parc COCO et \u00e0 la luxuriante mangrove de Futian. Que vous participiez \u00e0 une conf\u00e9rence, concluiez un accord ou souhaitiez simplement vous impr\u00e9gner de l&#039;\u00e9nergie de la capitale technologique chinoise, son emplacement est tout simplement strat\u00e9gique.<\/span><\/p><div class=\"qwen-markdown-space\">\u00a0<\/div><p class=\"qwen-markdown-paragraph\"><span class=\"qwen-markdown-text\">Les 156 chambres de l&#039;h\u00f4tel, con\u00e7ues avec soin, sont \u00e9quip\u00e9es de syst\u00e8mes domotiques complets, de fen\u00eatres insonoris\u00e9es, du Wi-Fi gratuit, d&#039;un minibar et d&#039;une d\u00e9coration \u00e9l\u00e9gante et minimaliste. De la chambre Heartbeat, compacte et chaleureuse, \u00e0 la spacieuse chambre Deluxe avec lit double, chacune offre un cadre id\u00e9al. Les clients appr\u00e9cient particuli\u00e8rement la propret\u00e9 impeccable, le calme ambiant et les \u00e9quipements modernes qui garantissent un s\u00e9jour \u00e0 la fois reposant et productif.<\/span><\/p>\t\t\t\t\t\t\t\t<\/div>\n\t\t\t\t\t<\/div>\n\t\t<\/div>\n\t\t\t\t\t<\/div>\n\t\t<\/section>\n\t\t\t\t<section class=\"elementor-section elementor-top-section elementor-element elementor-element-b96e9e9 elementor-section-height-min-height elementor-section-stretched elementor-section-full_width elementor-section-items-stretch elementor-section-height-default elementor-section-column-vertical-align-stretch\" data-id=\"b96e9e9\" data-element_type=\"section\" data-e-type=\"section\" data-settings=\"{&quot;stretch_section&quot;:&quot;section-stretched&quot;}\">\n\t\t\t\t\t\t<div class=\"elementor-container elementor-column-gap-no\">\n\t\t\t\t\t<div class=\"elementor-column elementor-col-50 elementor-top-column elementor-element elementor-element-79ab575\" data-id=\"79ab575\" data-element_type=\"column\" data-e-type=\"column\">\n\t\t\t<div class=\"elementor-widget-wrap elementor-element-populated\">\n\t\t\t\t\t\t<div class=\"elementor-element elementor-element-0ec748a elementor-invisible elementor-widget elementor-widget-text-editor\" data-id=\"0ec748a\" data-element_type=\"widget\" data-e-type=\"widget\" data-settings=\"{&quot;_animation&quot;:&quot;nussFadeInUp&quot;}\" data-widget_type=\"text-editor.default\">\n\t\t\t\t\t\t\t\t\t<p class=\"qwen-markdown-paragraph\"><span class=\"qwen-markdown-text\" data-spm-anchor-id=\"a2ty_o01.29997173.0.i28.7aab5171oMV61N\">Commencez la journ\u00e9e du bon pied avec un d\u00e9licieux petit-d\u00e9jeuner buffet chinois servi tous les jours de 7h \u00e0 10h, ou d\u00e9tendez-vous en savourant des en-cas et des boissons au bar du hall ou gr\u00e2ce au service d&#039;\u00e9tage disponible 24h\/24 et 7j\/7. Profitez \u00e9galement, en dehors de votre chambre, de la recharge gratuite pour v\u00e9hicules \u00e9lectriques, d&#039;une salle de sport enti\u00e8rement \u00e9quip\u00e9e, d&#039;un salon de th\u00e9 paisible, d&#039;une biblioth\u00e8que calme et m\u00eame de robots de service qui vous offrent efficacit\u00e9 et sourire. Un parking public gratuit, une consigne \u00e0 bagages et des bornes d&#039;enregistrement automatique vous garantissent un arriv\u00e9e et un d\u00e9part en toute s\u00e9r\u00e9nit\u00e9.<\/span><\/p><div class=\"qwen-markdown-space\">\u00a0<\/div><p class=\"qwen-markdown-paragraph\" data-spm-anchor-id=\"a2ty_o01.29997173.0.i29.7aab5171oMV61N\"><span class=\"qwen-markdown-text\">Avec une note exceptionnelle de 9,4\/10 bas\u00e9e sur plus de 10\u00a0000 avis clients, l&#039;h\u00f4tel Eeril se distingue par son personnel accueillant, son environnement impeccable et son emplacement id\u00e9al, ce qui en fait un choix de pr\u00e9dilection pour les couples, les voyageurs en solo et les professionnels en voyage d&#039;affaires. R\u00e9servez votre s\u00e9jour d\u00e8s aujourd&#039;hui et d\u00e9couvrez Shenzhen en toute s\u00e9r\u00e9nit\u00e9, confort et une touche d&#039;\u00e9l\u00e9gance raffin\u00e9e \u00e0 l&#039;h\u00f4tel Eeril, o\u00f9 l&#039;innovation rencontre l&#039;hospitalit\u00e9 au c\u0153ur de Futian.<\/span><\/p>\t\t\t\t\t\t\t\t<\/div>\n\t\t\t\t\t<\/div>\n\t\t<\/div>\n\t\t\t\t<div class=\"elementor-column elementor-col-50 elementor-top-column elementor-element elementor-element-af4d1a4\" data-id=\"af4d1a4\" data-element_type=\"column\" data-e-type=\"column\">\n\t\t\t<div class=\"elementor-widget-wrap elementor-element-populated\">\n\t\t\t\t\t\t<div class=\"elementor-element elementor-element-c830674 elementor-widget__width-initial elementor-widget-mobile__width-inherit elementor-invisible nuss-elementor-loading nuss-slide-in-right elementor-widget elementor-widget-image\" data-id=\"c830674\" data-element_type=\"widget\" data-e-type=\"widget\" data-settings=\"{&quot;_animation&quot;:&quot;nussSlideInRight&quot;}\" data-widget_type=\"image.default\">\n\t\t\t\t\t\t\t\t\t\t\t\t\t\t\t<img decoding=\"async\" width=\"1000\" height=\"800\" src=\"https:\/\/eerilhotel.com\/wp-content\/uploads\/2025\/12\/Eeril-hotel-14.webp\" class=\"attachment-full size-full wp-image-7205\" alt=\"\" srcset=\"https:\/\/eerilhotel.com\/wp-content\/uploads\/2025\/12\/Eeril-hotel-14.webp 1000w, https:\/\/eerilhotel.com\/wp-content\/uploads\/2025\/12\/Eeril-hotel-14-300x240.webp 300w, https:\/\/eerilhotel.com\/wp-content\/uploads\/2025\/12\/Eeril-hotel-14-768x614.webp 768w, https:\/\/eerilhotel.com\/wp-content\/uploads\/2025\/12\/Eeril-hotel-14-15x12.webp 15w\" sizes=\"(max-width: 1000px) 100vw, 1000px\" \/>\t\t\t\t\t\t\t\t\t\t\t\t\t\t\t<\/div>\n\t\t\t\t\t<\/div>\n\t\t<\/div>\n\t\t\t\t\t<\/div>\n\t\t<\/section>\n\t\t\t\t<\/div>","protected":false},"excerpt":{"rendered":"<p>Eeril Hotel (Shenzhen Futian Convention and Exhibition Center Branch) \u2013 Your Smart, Stylish Gateway to Shenzhen\u2019s Business &amp; Lifestyle Heart Nestled at No. 199 Fumin Road in the dynamic Futian District, Eeril Hotel (Shenzhen Futian Convention and Exhibition Center Branch) is more than just a place to rest \u2014 it\u2019s your intelligent, convenient, and stylish [&hellip;]<\/p>\n","protected":false},"author":1,"featured_media":0,"parent":0,"menu_order":0,"comment_status":"closed","ping_status":"closed","template":"","meta":{"footnotes":""},"class_list":["post-5266","page","type-page","status-publish","hentry","post-no-thumbnail"],"_links":{"self":[{"href":"https:\/\/eerilhotel.com\/fr\/wp-json\/wp\/v2\/pages\/5266","targetHints":{"allow":["GET"]}}],"collection":[{"href":"https:\/\/eerilhotel.com\/fr\/wp-json\/wp\/v2\/pages"}],"about":[{"href":"https:\/\/eerilhotel.com\/fr\/wp-json\/wp\/v2\/types\/page"}],"author":[{"embeddable":true,"href":"https:\/\/eerilhotel.com\/fr\/wp-json\/wp\/v2\/users\/1"}],"replies":[{"embeddable":true,"href":"https:\/\/eerilhotel.com\/fr\/wp-json\/wp\/v2\/comments?post=5266"}],"version-history":[{"count":0,"href":"https:\/\/eerilhotel.com\/fr\/wp-json\/wp\/v2\/pages\/5266\/revisions"}],"wp:attachment":[{"href":"https:\/\/eerilhotel.com\/fr\/wp-json\/wp\/v2\/media?parent=5266"}],"curies":[{"name":"wp","href":"https:\/\/api.w.org\/{rel}","templated":true}]}}