{"id":612,"date":"2021-03-26T10:04:13","date_gmt":"2021-03-26T10:04:13","guid":{"rendered":"http:\/\/localhost\/nuss\/?page_id=612"},"modified":"2025-12-14T14:07:33","modified_gmt":"2025-12-14T14:07:33","slug":"restaurant","status":"publish","type":"page","link":"https:\/\/eerilhotel.com\/fr\/restaurant\/","title":{"rendered":"Restaurant"},"content":{"rendered":"<div data-elementor-type=\"wp-page\" data-elementor-id=\"612\" class=\"elementor elementor-612\">\n\t\t\t\t\t\t<section class=\"elementor-section elementor-top-section elementor-element elementor-element-e2effe8 elementor-section-boxed elementor-section-gap-beside-yes elementor-section-height-default elementor-section-height-default elementor-section-column-vertical-align-stretch\" data-id=\"e2effe8\" data-element_type=\"section\" data-e-type=\"section\">\n\t\t\t\t\t\t<div class=\"elementor-container elementor-column-gap-extended\">\n\t\t\t\t\t<div class=\"elementor-column elementor-col-100 elementor-top-column elementor-element elementor-element-e18f688\" data-id=\"e18f688\" data-element_type=\"column\" data-e-type=\"column\">\n\t\t\t<div class=\"elementor-widget-wrap elementor-element-populated\">\n\t\t\t\t\t\t<div class=\"elementor-element elementor-element-6db146d elementor-widget__width-initial elementor-invisible elementor-widget elementor-widget-text-editor\" data-id=\"6db146d\" data-element_type=\"widget\" data-e-type=\"widget\" data-settings=\"{&quot;_animation&quot;:&quot;nussFadeInUp&quot;}\" data-widget_type=\"text-editor.default\">\n\t\t\t\t\t\t\t\t\t<div class=\"svelte-1c06zsf\" data-lang-code=\"\"><p class=\"qwen-markdown-paragraph\" data-spm-anchor-id=\"a2ty_o01.29997173.0.i59.7aab5171oMV61N\"><strong class=\"qwen-markdown-strong\"><span class=\"qwen-markdown-text\">Commencez votre journ\u00e9e du bon pied : savourez les d\u00e9lices culinaires de Shenzhen au restaurant de l&#039;h\u00f4tel Eeril.<\/span><\/strong><\/p><\/div>\t\t\t\t\t\t\t\t<\/div>\n\t\t\t\t\t<\/div>\n\t\t<\/div>\n\t\t\t\t\t<\/div>\n\t\t<\/section>\n\t\t<div class=\"elementor-element elementor-element-764955e e-flex e-con-boxed e-con e-parent\" data-id=\"764955e\" data-element_type=\"container\" data-e-type=\"container\">\n\t\t\t\t\t<div class=\"e-con-inner\">\n\t\t<div class=\"elementor-element elementor-element-3a71d84 e-con-full e-flex e-con e-child\" data-id=\"3a71d84\" data-element_type=\"container\" data-e-type=\"container\">\n\t\t\t\t<div class=\"elementor-element elementor-element-81a00fb elementor-widget elementor-widget-text-editor\" data-id=\"81a00fb\" data-element_type=\"widget\" data-e-type=\"widget\" data-widget_type=\"text-editor.default\">\n\t\t\t\t\t\t\t\t\t<p class=\"qwen-markdown-paragraph\"><span class=\"qwen-markdown-text\" data-spm-anchor-id=\"a2ty_o01.29997173.0.i57.7aab5171oMV61N\">Nich\u00e9 au c\u0153ur anim\u00e9 du district de Futian, <\/span><strong class=\"qwen-markdown-strong\"><span class=\"qwen-markdown-text\">H\u00f4tel Eeril (Succursale du Centre de congr\u00e8s et d&#039;expositions de Shenzhen Futian)<\/span><\/strong><span class=\"qwen-markdown-text\"> L&#039;h\u00f4tel ne se contente pas de proposer des chambres modernes et un service impeccable\u00a0; il vous accueille chaque matin avec un d\u00e9licieux petit-d\u00e9jeuner \u00e9nergisant dans son restaurant convivial. Que vous soyez en voyage d&#039;affaires press\u00e9 de vous rendre \u00e0 une r\u00e9union au Centre de conventions et d&#039;expositions de Shenzhen tout proche, ou en vacances et souhaitez explorer le parc COCO et le parc \u00e9cologique de la mangrove de Futian, notre restaurant est con\u00e7u pour vous donner l&#039;\u00e9nergie n\u00e9cessaire \u00e0 vos aventures gr\u00e2ce \u00e0 des saveurs locales authentiques, un accueil chaleureux et un confort moderne.<\/span><\/p><div class=\"qwen-markdown-space\">\u00a0<\/div><p class=\"qwen-markdown-paragraph\"><span class=\"qwen-markdown-text\">Situ\u00e9 \u00e0 <\/span><strong class=\"qwen-markdown-strong\"><span class=\"qwen-markdown-text\">199, rue Fumin<\/span><\/strong><span class=\"qwen-markdown-text\">, Notre h\u00f4tel se trouve \u00e0 seulement 280 m\u00e8tres de la station de m\u00e9tro Shixia, un emplacement id\u00e9al pour les clients qui privil\u00e9gient \u00e0 la fois le confort et l&#039;emplacement. Et quoi de mieux pour commencer votre s\u00e9jour \u00e0 Shenzhen qu&#039;un d\u00e9licieux petit-d\u00e9jeuner servi directement dans votre chambre\u00a0?<\/span><\/p>\t\t\t\t\t\t\t\t<\/div>\n\t\t\t\t<\/div>\n\t\t<div class=\"elementor-element elementor-element-bb76a06 e-con-full e-flex e-con e-child\" data-id=\"bb76a06\" data-element_type=\"container\" data-e-type=\"container\">\n\t\t\t\t<div class=\"elementor-element elementor-element-636ac5f elementor-widget elementor-widget-image\" data-id=\"636ac5f\" data-element_type=\"widget\" data-e-type=\"widget\" data-widget_type=\"image.default\">\n\t\t\t\t\t\t\t\t\t\t\t\t\t\t\t<img fetchpriority=\"high\" decoding=\"async\" width=\"1024\" height=\"752\" src=\"https:\/\/eerilhotel.com\/wp-content\/uploads\/2025\/12\/Eeril-hotel-67-1024x752.webp\" class=\"attachment-large size-large wp-image-7258\" alt=\"\" srcset=\"https:\/\/eerilhotel.com\/wp-content\/uploads\/2025\/12\/Eeril-hotel-67-1024x752.webp 1024w, https:\/\/eerilhotel.com\/wp-content\/uploads\/2025\/12\/Eeril-hotel-67-300x220.webp 300w, https:\/\/eerilhotel.com\/wp-content\/uploads\/2025\/12\/Eeril-hotel-67-768x564.webp 768w, https:\/\/eerilhotel.com\/wp-content\/uploads\/2025\/12\/Eeril-hotel-67-16x12.webp 16w, https:\/\/eerilhotel.com\/wp-content\/uploads\/2025\/12\/Eeril-hotel-67.webp 1161w\" sizes=\"(max-width: 1024px) 100vw, 1024px\" \/>\t\t\t\t\t\t\t\t\t\t\t\t\t\t\t<\/div>\n\t\t\t\t<\/div>\n\t\t\t\t\t<\/div>\n\t\t\t\t<\/div>\n\t\t<div class=\"elementor-element elementor-element-e5626a7 e-flex e-con-boxed e-con e-parent\" data-id=\"e5626a7\" data-element_type=\"container\" data-e-type=\"container\">\n\t\t\t\t\t<div class=\"e-con-inner\">\n\t\t\t\t<div class=\"elementor-element elementor-element-4ac24e6 elementor-widget elementor-widget-nuss-image-gallery\" data-id=\"4ac24e6\" data-element_type=\"widget\" data-e-type=\"widget\" data-widget_type=\"nuss-image-gallery.default\">\n\t\t\t\t<div class=\"elementor-widget-container\">\n\t\t\t\t\t\t\t<div class=\"nuss-grid-wrapper\" data-grid=\"{&quot;type&quot;:&quot;grid&quot;,&quot;ratio&quot;:null,&quot;columns&quot;:3,&quot;gutter&quot;:30}\">\r\n\t\t\t<div class=\"nuss-grid lazy-grid\">\r\n\t\t\t\t<div class=\"grid-sizer\"><\/div>\r\n\r\n\t\t\t\t\t\t\t\t\t\t\t\t<div class=\"grid-item\">\r\n\t\t\t\t\t\t<div class=\"nuss-box\">\t\t<div class=\"nuss-image image\">\r\n\t\t\t<img decoding=\"async\"  src=\"https:\/\/eerilhotel.com\/wp-content\/uploads\/2025\/12\/Eeril-hotel-77.webp\" alt=\"H\u00f4tel Eeril (77)\" \/>\t\t<\/div>\r\n\t\t\t\t<\/div>\t\t\t\t\t<\/div>\r\n\t\t\t\t\t\t<div class=\"grid-item\">\r\n\t\t\t\t\t\t<div class=\"nuss-box\">\t\t<div class=\"nuss-image image\">\r\n\t\t\t<img decoding=\"async\"  src=\"https:\/\/eerilhotel.com\/wp-content\/uploads\/2025\/12\/Eeril-hotel-76.webp\" alt=\"H\u00f4tel Eeril (76)\" \/>\t\t<\/div>\r\n\t\t\t\t<\/div>\t\t\t\t\t<\/div>\r\n\t\t\t\t\t\t<div class=\"grid-item\">\r\n\t\t\t\t\t\t<div class=\"nuss-box\">\t\t<div class=\"nuss-image image\">\r\n\t\t\t<img decoding=\"async\"  src=\"https:\/\/eerilhotel.com\/wp-content\/uploads\/2025\/12\/Eeril-hotel-73.webp\" alt=\"H\u00f4tel Eeril (73)\" \/>\t\t<\/div>\r\n\t\t\t\t<\/div>\t\t\t\t\t<\/div>\r\n\t\t\t\t\t\t<div class=\"grid-item\">\r\n\t\t\t\t\t\t<div class=\"nuss-box\">\t\t<div class=\"nuss-image image\">\r\n\t\t\t<img decoding=\"async\"  src=\"https:\/\/eerilhotel.com\/wp-content\/uploads\/2025\/12\/Eeril-hotel-72.webp\" alt=\"H\u00f4tel Eeril (72)\" \/>\t\t<\/div>\r\n\t\t\t\t<\/div>\t\t\t\t\t<\/div>\r\n\t\t\t\t\t\t<div class=\"grid-item\">\r\n\t\t\t\t\t\t<div class=\"nuss-box\">\t\t<div class=\"nuss-image image\">\r\n\t\t\t<img decoding=\"async\"  src=\"https:\/\/eerilhotel.com\/wp-content\/uploads\/2025\/12\/Eeril-hotel-69.webp\" alt=\"H\u00f4tel Eeril (69)\" \/>\t\t<\/div>\r\n\t\t\t\t<\/div>\t\t\t\t\t<\/div>\r\n\t\t\t\t\t\t<div class=\"grid-item\">\r\n\t\t\t\t\t\t<div class=\"nuss-box\">\t\t<div class=\"nuss-image image\">\r\n\t\t\t<img decoding=\"async\"  src=\"https:\/\/eerilhotel.com\/wp-content\/uploads\/2025\/12\/Eeril-hotel-61.webp\" alt=\"H\u00f4tel Eeril (61)\" \/>\t\t<\/div>\r\n\t\t\t\t<\/div>\t\t\t\t\t<\/div>\r\n\t\t\t\t\t\t<div class=\"grid-item\">\r\n\t\t\t\t\t\t<div class=\"nuss-box\">\t\t<div class=\"nuss-image image\">\r\n\t\t\t<img decoding=\"async\"  src=\"https:\/\/eerilhotel.com\/wp-content\/uploads\/2025\/12\/Eeril-hotel-54.webp\" alt=\"H\u00f4tel Eeril (54)\" \/>\t\t<\/div>\r\n\t\t\t\t<\/div>\t\t\t\t\t<\/div>\r\n\t\t\t\t\t\t<div class=\"grid-item\">\r\n\t\t\t\t\t\t<div class=\"nuss-box\">\t\t<div class=\"nuss-image image\">\r\n\t\t\t<img decoding=\"async\"  src=\"https:\/\/eerilhotel.com\/wp-content\/uploads\/2025\/12\/Eeril-hotel-53.webp\" alt=\"H\u00f4tel Eeril (53)\" \/>\t\t<\/div>\r\n\t\t\t\t<\/div>\t\t\t\t\t<\/div>\r\n\t\t\t\t\t\t<div class=\"grid-item\">\r\n\t\t\t\t\t\t<div class=\"nuss-box\">\t\t<div class=\"nuss-image image\">\r\n\t\t\t<img decoding=\"async\"  src=\"https:\/\/eerilhotel.com\/wp-content\/uploads\/2025\/12\/Eeril-hotel-52.webp\" alt=\"H\u00f4tel Eeril (52)\" \/>\t\t<\/div>\r\n\t\t\t\t<\/div>\t\t\t\t\t<\/div>\r\n\t\t\t\t\t\t<div class=\"grid-item\">\r\n\t\t\t\t\t\t<div class=\"nuss-box\">\t\t<div class=\"nuss-image image\">\r\n\t\t\t<img decoding=\"async\"  src=\"https:\/\/eerilhotel.com\/wp-content\/uploads\/2025\/12\/Eeril-hotel-50.webp\" alt=\"H\u00f4tel Eeril (50)\" \/>\t\t<\/div>\r\n\t\t\t\t<\/div>\t\t\t\t\t<\/div>\r\n\t\t\t\t\t\t<div class=\"grid-item\">\r\n\t\t\t\t\t\t<div class=\"nuss-box\">\t\t<div class=\"nuss-image image\">\r\n\t\t\t<img decoding=\"async\"  src=\"https:\/\/eerilhotel.com\/wp-content\/uploads\/2025\/12\/Eeril-hotel-45.webp\" alt=\"H\u00f4tel Eeril (45)\" \/>\t\t<\/div>\r\n\t\t\t\t<\/div>\t\t\t\t\t<\/div>\r\n\t\t\t\t\t\t<div class=\"grid-item\">\r\n\t\t\t\t\t\t<div class=\"nuss-box\">\t\t<div class=\"nuss-image image\">\r\n\t\t\t<img decoding=\"async\"  src=\"https:\/\/eerilhotel.com\/wp-content\/uploads\/2025\/12\/Eeril-hotel-44.webp\" alt=\"H\u00f4tel Eeril (44)\" \/>\t\t<\/div>\r\n\t\t\t\t<\/div>\t\t\t\t\t<\/div>\r\n\t\t\t\t\t\t\t\r\n\t\t\t<\/div>\r\n\t\t<\/div>\r\n\t\t\t\t\t\t<\/div>\n\t\t\t\t<\/div>\n\t\t\t\t\t<\/div>\n\t\t\t\t<\/div>\n\t\t<div class=\"elementor-element elementor-element-d05381b e-flex e-con-boxed e-con e-parent\" data-id=\"d05381b\" data-element_type=\"container\" data-e-type=\"container\">\n\t\t\t\t\t<div class=\"e-con-inner\">\n\t\t\t\t<div class=\"elementor-element elementor-element-53bd849 elementor-widget elementor-widget-text-editor\" data-id=\"53bd849\" data-element_type=\"widget\" data-e-type=\"widget\" data-widget_type=\"text-editor.default\">\n\t\t\t\t\t\t\t\t\t<h3 class=\"qwen-markdown-heading\"><span class=\"qwen-markdown-text\" data-spm-anchor-id=\"a2ty_o01.29997173.0.i62.7aab5171oMV61N\">\ud83c\udf73 Un petit-d\u00e9jeuner buffet frais \u00e0 la chinoise \u2014 Con\u00e7u pour les voyageurs modernes<\/span><\/h3><p class=\"qwen-markdown-paragraph\"><span class=\"qwen-markdown-text\">Notre quotidien <\/span><strong class=\"qwen-markdown-strong\"><span class=\"qwen-markdown-text\">Petit-d\u00e9jeuner buffet de style chinois<\/span><\/strong><span class=\"qwen-markdown-text\"> est plus qu&#039;un simple repas, c&#039;est une exp\u00e9rience. Servi depuis <\/span><strong class=\"qwen-markdown-strong\"><span class=\"qwen-markdown-text\">7h00 \u00e0 10h00<\/span><\/strong><span class=\"qwen-markdown-text\">, le buffet propose une s\u00e9lection soigneusement choisie de sp\u00e9cialit\u00e9s locales qui refl\u00e8tent le riche patrimoine culinaire de la province du Guangdong\u00a0:<\/span><\/p><ul class=\"qwen-markdown-list\" dir=\"auto\" data-spm-anchor-id=\"a2ty_o01.29997173.0.i61.7aab5171oMV61N\"><li><span class=\"qwen-markdown-text\">Bols fumants de congee avec l\u00e9gumes marin\u00e9s et \u0153ufs de cent ans<\/span><\/li><li><span class=\"qwen-markdown-text\">Dim sum fra\u00eechement pr\u00e9par\u00e9s \u2014 raviolis, brioches et rouleaux de riz cuits \u00e0 la vapeur \u00e0 la perfection<\/span><\/li><li><span class=\"qwen-markdown-text\">Soupes de nouilles savoureuses et plats de riz saut\u00e9s<\/span><\/li><li><span class=\"qwen-markdown-text\">B\u00e2tonnets de p\u00e2te frits croustillants (youtiao) et petits pains mantou moelleux<\/span><\/li><li><span class=\"qwen-markdown-text\">Fruits de saison, yaourts, viennoiseries et \u0153ufs durs<\/span><\/li><li><span class=\"qwen-markdown-text\">Du th\u00e9 chaud, du caf\u00e9 et des jus de fruits frais pour bien commencer la journ\u00e9e<\/span><\/li><\/ul><p class=\"qwen-markdown-paragraph\"><span class=\"qwen-markdown-text\">Prix : seulement <\/span><strong class=\"qwen-markdown-strong\"><span class=\"qwen-markdown-text\">38 CNY par adulte<\/span><\/strong><span class=\"qwen-markdown-text\"> (environ 1 TP4T5,40 USD), il est non seulement abordable mais aussi copieux \u2014 parfait pour les clients qui souhaitent savourer un petit-d\u00e9jeuner copieux et culturellement immersif avant de partir en ville.<\/span><\/p><p class=\"qwen-markdown-paragraph\"><span class=\"qwen-markdown-text\">Les enfants de moins de 1,2 m mangent gratuitement ; ceux mesurant entre 1,2 et 1,5 m paient 19 yuans, ce qui en fait un restaurant adapt\u00e9 aux familles.<\/span><\/p><div class=\"qwen-markdown-hr\"><hr \/><\/div><h3 class=\"qwen-markdown-heading\"><span class=\"qwen-markdown-text\">\u2615 Plus qu&#039;un simple petit-d\u00e9jeuner\u00a0: collations, boissons et service en chambre, \u00e0 toute heure<\/span><\/h3><p class=\"qwen-markdown-paragraph\"><span class=\"qwen-markdown-text\">Bien que le petit-d\u00e9jeuner soit notre produit phare, nous savons que la faim ne se manifeste pas toujours \u00e0 heure fixe. C&#039;est pourquoi nous avons con\u00e7u nos services de restauration pour qu&#039;ils s&#039;adaptent \u00e0 votre rythme de vie.<\/span><\/p><ul class=\"qwen-markdown-list\" dir=\"auto\"><li><span class=\"qwen-markdown-text\"><strong class=\"qwen-markdown-strong\">Bar du hall<\/strong>D\u00e9tendez-vous apr\u00e8s une longue journ\u00e9e en savourant une boisson rafra\u00eechissante ou une collation l\u00e9g\u00e8re dans notre espace lounge moderne et confortable.<\/span><\/li><li><span class=\"qwen-markdown-text\"><strong class=\"qwen-markdown-strong\">Service en chambre 24h\/24 et 7j\/7<\/strong>Envie de nouilles \u00e0 minuit\u00a0? Besoin d\u2019un caf\u00e9 rapide avant votre vol matinal\u00a0? Notre service en chambre est disponible 24\u00a0h\/24 et 7\u00a0j\/7, car le confort ne devrait pas avoir d\u2019horaires.<\/span><\/li><li><span class=\"qwen-markdown-text\"><strong class=\"qwen-markdown-strong\">Snack-bar et distributeurs automatiques<\/strong>Prenez une collation ou une boisson \u00e0 emporter gr\u00e2ce \u00e0 notre bar \u00e0 snacks bien approvisionn\u00e9 ou \u00e0 nos distributeurs automatiques situ\u00e9s dans les espaces publics.<\/span><\/li><\/ul><p class=\"qwen-markdown-paragraph\"><span class=\"qwen-markdown-text\">Que vous soyez en pleine journ\u00e9e de travail ou en train de vous remettre d&#039;une soir\u00e9e pass\u00e9e \u00e0 explorer le march\u00e9 nocturne de Tiantai, nos options de restauration sont con\u00e7ues pour r\u00e9pondre \u00e0 vos besoins, sans m\u00eame que vous ayez \u00e0 quitter l&#039;h\u00f4tel.<\/span><\/p><div class=\"qwen-markdown-hr\"><hr \/><\/div><h3 class=\"qwen-markdown-heading\"><span class=\"qwen-markdown-text\">\ud83c\udf3f Des petites attentions pour chaque invit\u00e9<\/span><\/h3><p class=\"qwen-markdown-paragraph\"><span class=\"qwen-markdown-text\">Nous savons que les voyageurs d&#039;aujourd&#039;hui attendent plus qu&#039;une simple bonne cuisine\u00a0: ils recherchent le confort, la propret\u00e9 et un service personnalis\u00e9. C&#039;est pourquoi notre restaurant est con\u00e7u avec\u00a0:<\/span><\/p><ul class=\"qwen-markdown-list\" dir=\"auto\"><li><span class=\"qwen-markdown-text\"><strong class=\"qwen-markdown-strong\">Int\u00e9rieurs propres et lumineux<\/strong> qui refl\u00e8tent notre note de propret\u00e9 de 9,4\/10, salu\u00e9e par plus de 10\u00a0685 clients.<\/span><\/li><li><span class=\"qwen-markdown-text\"><strong class=\"qwen-markdown-strong\">si\u00e8ges spacieux<\/strong> avec la lumi\u00e8re naturelle qui p\u00e9n\u00e8tre par de grandes fen\u00eatres<\/span><\/li><li><span class=\"qwen-markdown-text\"><strong class=\"qwen-markdown-strong\">Personnel multilingue<\/strong> pr\u00eat \u00e0 vous aider concernant vos pr\u00e9f\u00e9rences ou recommandations alimentaires<\/span><\/li><li><span class=\"qwen-markdown-text\"><strong class=\"qwen-markdown-strong\">Wi-Fi gratuit<\/strong> Vous pouvez ainsi consulter vos courriels ou planifier votre prochaine \u00e9tape tout en profitant de votre repas.<\/span><\/li><\/ul><p class=\"qwen-markdown-paragraph\"><span class=\"qwen-markdown-text\">Les clients soulignent r\u00e9guli\u00e8rement que \u201c l&#039;environnement est calme, propre et \u00e9l\u00e9gant \u201d, ce qui contribue \u00e0 l&#039;exp\u00e9rience globalement agr\u00e9able d&#039;un repas \u00e0 l&#039;h\u00f4tel Eeril.<\/span><\/p><div class=\"qwen-markdown-hr\"><hr \/><\/div><h3 class=\"qwen-markdown-heading\"><span class=\"qwen-markdown-text\">\ud83d\udccd Id\u00e9alement situ\u00e9 pour les repas d&#039;affaires et de loisirs<\/span><\/h3><p class=\"qwen-markdown-paragraph\"><span class=\"qwen-markdown-text\">Notre situation g\u00e9ographique nous rend id\u00e9aux pour :<\/span><\/p><ul class=\"qwen-markdown-list\" dir=\"auto\"><li><span class=\"qwen-markdown-text\"><strong class=\"qwen-markdown-strong\">participants \u00e0 la conf\u00e9rence<\/strong>Marchez jusqu&#039;au Centre de conventions et d&#039;expositions de Shenzhen, puis revenez pour un petit-d\u00e9jeuner relaxant ou un rafra\u00eechissement apr\u00e8s l&#039;\u00e9v\u00e9nement.<\/span><\/li><li><span class=\"qwen-markdown-text\"><strong class=\"qwen-markdown-strong\">Les passionn\u00e9s de shopping<\/strong>Faites le plein avant de vous rendre au parc COCO ou au centre commercial Xinghe, tous deux situ\u00e9s \u00e0 quelques minutes seulement.<\/span><\/li><li><span class=\"qwen-markdown-text\"><strong class=\"qwen-markdown-strong\">amoureux de la nature<\/strong>Savourez un petit-d\u00e9jeuner paisible avant de fl\u00e2ner dans le serein parc \u00e9cologique de la mangrove de Futian.<\/span><\/li><li><span class=\"qwen-markdown-text\"><strong class=\"qwen-markdown-strong\">Familles et couples<\/strong>Son ambiance d\u00e9contract\u00e9e et ses prix adapt\u00e9s aux enfants en font un lieu de pr\u00e9dilection pour les groupes de voyageurs.<\/span><\/li><\/ul><p class=\"qwen-markdown-paragraph\"><span class=\"qwen-markdown-text\">Un client r\u00e9cent s&#039;est enthousiasm\u00e9 : <\/span><\/p><blockquote class=\"qwen-markdown-blockquote\"><p class=\"qwen-markdown-paragraph\"><em><span class=\"qwen-markdown-text\">\u201c La chambre est tr\u00e8s bien, le service est agr\u00e9able et le personnel est sympathique. Je reviendrai avec plaisir avec mes amis et je recommande cet h\u00f4tel \u00e0 tous. \u201d<\/span><\/em><\/p><\/blockquote><p class=\"qwen-markdown-paragraph\"><span class=\"qwen-markdown-text\">Et beaucoup d&#039;autres partagent ce sentiment, louant non seulement la nourriture, mais aussi l&#039;exp\u00e9rience culinaire dans son ensemble, la qualifiant de \u201c confortable \u201d, \u201c d\u00e9licieuse \u201d et \u201c parfaitement synchronis\u00e9e \u201d.\u201d<\/span><\/p><div class=\"qwen-markdown-hr\"><hr \/><\/div><h3 class=\"qwen-markdown-heading\"><span class=\"qwen-markdown-text\">\ud83d\udcbc D\u00e9jeuners d&#039;affaires et r\u00e9unions informelles\u00a0? Nous nous occupons de tout\u00a0!<\/span><\/h3><p class=\"qwen-markdown-paragraph\"><span class=\"qwen-markdown-text\">Besoin d&#039;organiser un d\u00e9jeuner d&#039;affaires ou de prendre une collation rapide entre deux r\u00e9unions\u00a0? Notre restaurant offre un cadre \u00e0 la fois d\u00e9contract\u00e9 et professionnel pour vos rencontres informelles. Gr\u00e2ce \u00e0 l&#039;acc\u00e8s direct au centre d&#039;affaires, aux salles de conf\u00e9rence et aux espaces de coworking de l&#039;h\u00f4tel, vous pouvez passer facilement du repas \u00e0 la discussion.<\/span><\/p><p class=\"qwen-markdown-paragraph\"><span class=\"qwen-markdown-text\">De plus, gr\u00e2ce \u00e0 des commodit\u00e9s telles que des services de t\u00e9l\u00e9copie\/photocopie, un soutien de secr\u00e9tariat et des syst\u00e8mes d&#039;affichage multim\u00e9dia disponibles \u00e0 l&#039;\u00e9tage, l&#039;h\u00f4tel Eeril devient votre centre n\u00e9vralgique tout-en-un pour la productivit\u00e9 \u2014 en commen\u00e7ant par un excellent repas.<\/span><\/p><div class=\"qwen-markdown-hr\"><hr \/><\/div><h3 class=\"qwen-markdown-heading\"><span class=\"qwen-markdown-text\">\ud83c\udf5c Pourquoi choisir le restaurant de l&#039;h\u00f4tel Eeril ?<\/span><\/h3><p class=\"qwen-markdown-paragraph\"><span class=\"qwen-markdown-text\">\u2705 <\/span><strong class=\"qwen-markdown-strong\"><span class=\"qwen-markdown-text\">Saveurs locales authentiques<\/span><\/strong><span class=\"qwen-markdown-text\"> \u2013 Go\u00fbtez aux meilleures traditions du petit-d\u00e9jeuner de Shenzhen<\/span><br \/><span class=\"qwen-markdown-text\">\u2705 <\/span><strong class=\"qwen-markdown-strong\"><span class=\"qwen-markdown-text\">Moment opportun<\/span><\/strong><span class=\"qwen-markdown-text\"> \u2013 Tous les jours de 7 h \u00e0 10 h, avec collations et service en chambre 24 h\/24 et 7 j\/7<\/span><br \/><span class=\"qwen-markdown-text\">\u2705 <\/span><strong class=\"qwen-markdown-strong\"><span class=\"qwen-markdown-text\">Prix abordables<\/span><\/strong><span class=\"qwen-markdown-text\"> 38 CNY pour les adultes, gratuit pour les enfants de moins de 1,20 m<\/span><br \/><span class=\"qwen-markdown-text\">\u2705 <\/span><strong class=\"qwen-markdown-strong\"><span class=\"qwen-markdown-text\">Espace propre et \u00e9l\u00e9gant<\/span><\/strong><span class=\"qwen-markdown-text\"> \u2013 Obtenu de fa\u00e7on constante la note de 9,4\/10 pour la propret\u00e9 et l&#039;ambiance<\/span><br \/><span class=\"qwen-markdown-text\">\u2705 <\/span><strong class=\"qwen-markdown-strong\"><span class=\"qwen-markdown-text\">Emplacement id\u00e9al<\/span><\/strong><span class=\"qwen-markdown-text\"> \u2013 \u00c0 deux pas du m\u00e9tro, du centre des congr\u00e8s, des commerces et des parcs<\/span><br \/><span class=\"qwen-markdown-text\">\u2705 <\/span><strong class=\"qwen-markdown-strong\"><span class=\"qwen-markdown-text\">Personnel multilingue et accueillant<\/span><\/strong><span class=\"qwen-markdown-text\"> \u2013 Pr\u00eat \u00e0 r\u00e9pondre \u00e0 toute demande <\/span><\/p><div class=\"qwen-markdown-hr\"><hr \/><\/div><p class=\"qwen-markdown-paragraph\"><strong class=\"qwen-markdown-strong\"><span class=\"qwen-markdown-text\">Votre matin\u00e9e parfaite \u00e0 Shenzhen commence ici<\/span><\/strong><\/p><p class=\"qwen-markdown-paragraph\"><span class=\"qwen-markdown-text\">\u00c0 l&#039;h\u00f4tel Eeril (succursale du centre de congr\u00e8s et d&#039;expositions de Shenzhen Futian), nous sommes convaincus qu&#039;un s\u00e9jour r\u00e9ussi commence par un excellent premier repas. Que vous savouriez un th\u00e9 au lever du soleil sur les toits de Futian ou que vous preniez un en-cas avant de prendre le m\u00e9tro, notre restaurant est un havre de paix accueillant, o\u00f9 vous trouverez chaleur, saveurs et efficacit\u00e9.<\/span><\/p><p class=\"qwen-markdown-paragraph\" data-spm-anchor-id=\"a2ty_o01.29997173.0.i63.7aab5171oMV61N\"><span class=\"qwen-markdown-text\">Venez go\u00fbter la diff\u00e9rence. R\u00e9servez votre s\u00e9jour d\u00e8s aujourd&#039;hui et laissez-nous vous offrir la plus d\u00e9licieuse des fa\u00e7ons de commencer votre aventure \u00e0 Shenzhen.<\/span><\/p>\t\t\t\t\t\t\t\t<\/div>\n\t\t\t\t\t<\/div>\n\t\t\t\t<\/div>\n\t\t\t\t<\/div>","protected":false},"excerpt":{"rendered":"<p>Start Your Day Right: Savor the Flavors of Shenzhen at Eeril Hotel\u2019s On-Site Restaurant Nestled in the vibrant heart of Futian District, Eeril Hotel (Shenzhen Futian Convention and Exhibition Center Branch) doesn\u2019t just offer smart rooms and seamless service \u2014 it welcomes you each morning with a delicious, energizing start at its inviting on-site restaurant. [&hellip;]<\/p>\n","protected":false},"author":1,"featured_media":0,"parent":0,"menu_order":0,"comment_status":"closed","ping_status":"closed","template":"","meta":{"footnotes":""},"class_list":["post-612","page","type-page","status-publish","hentry","post-no-thumbnail"],"_links":{"self":[{"href":"https:\/\/eerilhotel.com\/fr\/wp-json\/wp\/v2\/pages\/612","targetHints":{"allow":["GET"]}}],"collection":[{"href":"https:\/\/eerilhotel.com\/fr\/wp-json\/wp\/v2\/pages"}],"about":[{"href":"https:\/\/eerilhotel.com\/fr\/wp-json\/wp\/v2\/types\/page"}],"author":[{"embeddable":true,"href":"https:\/\/eerilhotel.com\/fr\/wp-json\/wp\/v2\/users\/1"}],"replies":[{"embeddable":true,"href":"https:\/\/eerilhotel.com\/fr\/wp-json\/wp\/v2\/comments?post=612"}],"version-history":[{"count":0,"href":"https:\/\/eerilhotel.com\/fr\/wp-json\/wp\/v2\/pages\/612\/revisions"}],"wp:attachment":[{"href":"https:\/\/eerilhotel.com\/fr\/wp-json\/wp\/v2\/media?parent=612"}],"curies":[{"name":"wp","href":"https:\/\/api.w.org\/{rel}","templated":true}]}}