{"id":2106,"date":"2021-03-25T04:08:26","date_gmt":"2021-03-25T04:08:26","guid":{"rendered":"http:\/\/localhost\/nuss\/?page_id=298"},"modified":"2025-12-14T13:53:14","modified_gmt":"2025-12-14T13:53:14","slug":"esperienze","status":"publish","type":"page","link":"https:\/\/eerilhotel.com\/it\/esperienze\/","title":{"rendered":"Recensioni dell&#039;hotel Eeril"},"content":{"rendered":"<div data-elementor-type=\"wp-page\" data-elementor-id=\"2106\" class=\"elementor elementor-2106\">\n\t\t\t\t\t\t<section class=\"elementor-section elementor-top-section elementor-element elementor-element-1954ffc elementor-section-boxed elementor-section-gap-beside-yes elementor-section-height-default elementor-section-height-default elementor-section-column-vertical-align-stretch\" data-id=\"1954ffc\" data-element_type=\"section\" data-e-type=\"section\">\n\t\t\t\t\t\t<div class=\"elementor-container elementor-column-gap-extended\">\n\t\t\t\t\t<div class=\"elementor-column elementor-col-100 elementor-top-column elementor-element elementor-element-86aebc5\" data-id=\"86aebc5\" data-element_type=\"column\" data-e-type=\"column\">\n\t\t\t<div class=\"elementor-widget-wrap elementor-element-populated\">\n\t\t\t\t\t\t<div class=\"elementor-element elementor-element-11803d1 elementor-widget__width-initial elementor-invisible elementor-widget elementor-widget-text-editor\" data-id=\"11803d1\" data-element_type=\"widget\" data-e-type=\"widget\" data-settings=\"{&quot;_animation&quot;:&quot;nussFadeInUp&quot;}\" data-widget_type=\"text-editor.default\">\n\t\t\t\t\t\t\t\t\t<div class=\"svelte-1c06zsf\" data-lang-code=\"\"><p class=\"qwen-markdown-paragraph\"><strong class=\"qwen-markdown-strong\"><span class=\"qwen-markdown-text\" data-spm-anchor-id=\"a2ty_o01.29997173.0.i42.7aab5171oMV61N\">Eeril Hotel (filiale del centro congressi ed esposizioni di Shenzhen Futian) \u2013 Esperienze e recensioni di ospiti reali: perch\u00e9 oltre 10.685 viaggiatori lo valutano 9,4\/10<\/span><\/strong><\/p><\/div>\t\t\t\t\t\t\t\t<\/div>\n\t\t\t\t\t<\/div>\n\t\t<\/div>\n\t\t\t\t\t<\/div>\n\t\t<\/section>\n\t\t<div class=\"elementor-element elementor-element-95e7268 e-flex e-con-boxed e-con e-parent\" data-id=\"95e7268\" data-element_type=\"container\" data-e-type=\"container\">\n\t\t\t\t\t<div class=\"e-con-inner\">\n\t\t\t\t<div class=\"elementor-element elementor-element-bd47571 elementor-widget elementor-widget-image\" data-id=\"bd47571\" data-element_type=\"widget\" data-e-type=\"widget\" data-widget_type=\"image.default\">\n\t\t\t\t\t\t\t\t\t\t\t\t\t\t\t\t<a href=\"https:\/\/www.trip.com\/hotels\/shenzhen-hotel-detail-103066319\/slang-hotel\/?Allianceid=4590391&#038;SID=282979369&#038;trip_sub1=&#038;trip_sub3=D8419210\" target=\"_blank\" rel=\"noopener\">\n\t\t\t\t\t\t\t<img fetchpriority=\"high\" decoding=\"async\" width=\"1711\" height=\"1081\" src=\"https:\/\/eerilhotel.com\/wp-content\/uploads\/2025\/12\/eeril-hotel-reviews.jpg\" class=\"attachment-full size-full wp-image-7307\" alt=\"\" srcset=\"https:\/\/eerilhotel.com\/wp-content\/uploads\/2025\/12\/eeril-hotel-reviews.jpg 1711w, https:\/\/eerilhotel.com\/wp-content\/uploads\/2025\/12\/eeril-hotel-reviews-300x190.jpg 300w, https:\/\/eerilhotel.com\/wp-content\/uploads\/2025\/12\/eeril-hotel-reviews-1024x647.jpg 1024w, https:\/\/eerilhotel.com\/wp-content\/uploads\/2025\/12\/eeril-hotel-reviews-768x485.jpg 768w, https:\/\/eerilhotel.com\/wp-content\/uploads\/2025\/12\/eeril-hotel-reviews-1536x970.jpg 1536w, https:\/\/eerilhotel.com\/wp-content\/uploads\/2025\/12\/eeril-hotel-reviews-18x12.jpg 18w\" sizes=\"(max-width: 1711px) 100vw, 1711px\" \/>\t\t\t\t\t\t\t\t<\/a>\n\t\t\t\t\t\t\t\t\t\t\t\t\t\t\t<\/div>\n\t\t\t\t\t<\/div>\n\t\t\t\t<\/div>\n\t\t<div class=\"elementor-element elementor-element-3e39171 e-flex e-con-boxed e-con e-parent\" data-id=\"3e39171\" data-element_type=\"container\" data-e-type=\"container\">\n\t\t\t\t\t<div class=\"e-con-inner\">\n\t\t\t\t<div class=\"elementor-element elementor-element-7761d0c elementor-widget elementor-widget-text-editor\" data-id=\"7761d0c\" data-element_type=\"widget\" data-e-type=\"widget\" data-widget_type=\"text-editor.default\">\n\t\t\t\t\t\t\t\t\t<p class=\"qwen-markdown-paragraph\"><span class=\"qwen-markdown-text\" data-spm-anchor-id=\"a2ty_o01.29997173.0.i43.7aab5171oMV61N\">Quando si sceglie un hotel nel vivace quartiere Futian di Shenzhen, soprattutto vicino all&#039;imponente Centro Congressi ed Esposizioni, le recensioni dei viaggiatori sono la bussola pi\u00f9 affidabile. E all&#039;Eeril Hotel (filiale di Futian), gli ospiti non sono solo soddisfatti... sono sinceramente entusiasti. Con oltre <\/span><strong class=\"qwen-markdown-strong\"><span class=\"qwen-markdown-text\">10.685 recensioni verificate degli ospiti<\/span><\/strong><span class=\"qwen-markdown-text\"> e un eccezionale <\/span><strong class=\"qwen-markdown-strong\"><span class=\"qwen-markdown-text\">Valutazione 9,4\/10<\/span><\/strong><span class=\"qwen-markdown-text\">, questo moderno hotel a 4 stelle si \u00e8 guadagnato la reputazione di una delle strutture ricettive pi\u00f9 apprezzate della citt\u00e0, sia dai viaggiatori d&#039;affari che dai turisti.<\/span><\/p><p class=\"qwen-markdown-paragraph\"><span class=\"qwen-markdown-text\">Scopriamo cosa dicono i nostri ospiti, dai professionisti che viaggiano da soli alle coppie e alle famiglie, e perch\u00e9 l&#039;Eeril Hotel supera costantemente le aspettative.<\/span><\/p><div class=\"qwen-markdown-hr\"><hr \/><\/div><h3 class=\"qwen-markdown-heading\"><span class=\"qwen-markdown-text\">\ud83c\udf1f &quot;Pulito, silenzioso ed elegante&quot; - L&#039;impressione degli ospiti dell&#039;#1<\/span><\/h3><p class=\"qwen-markdown-paragraph\"><span class=\"qwen-markdown-text\">Il consenso schiacciante? <\/span><strong class=\"qwen-markdown-strong\"><span class=\"qwen-markdown-text\">La pulizia \u00e8 fondamentale<\/span><\/strong><span class=\"qwen-markdown-text\"> \u2014 e Eeril mantiene le promesse. Gli ospiti elogiano ripetutamente le camere impeccabili, la biancheria fresca e la pulizia meticolosa. Un recensore recente, il 14 dicembre 2025, ha scritto:<\/span><\/p><blockquote class=\"qwen-markdown-blockquote\"><p class=\"qwen-markdown-paragraph\"><em><span class=\"qwen-markdown-text\">\u201c&quot;La camera \u00e8 molto bella. Ci torner\u00f2 con la mia famiglia. Lo consiglier\u00f2 a tutti. Sono cos\u00ec felice di passare la notte qui.&quot;\u201d<\/span><\/em><\/p><\/blockquote><p class=\"qwen-markdown-paragraph\"><span class=\"qwen-markdown-text\">Un altro ha fatto eco: <\/span><\/p><blockquote class=\"qwen-markdown-blockquote\"><p class=\"qwen-markdown-paragraph\"><em><span class=\"qwen-markdown-text\">\u201c&quot;Il servizio \u00e8 molto gentile e perfetto. Tutti sono cordiali e torneremo qui con i miei amici.&quot;\u201d<\/span><\/em><\/p><\/blockquote><p class=\"qwen-markdown-paragraph\"><span class=\"qwen-markdown-text\">Questo non \u00e8 un problema. Con un punteggio di pulizia di <\/span><strong class=\"qwen-markdown-strong\"><span class=\"qwen-markdown-text\">9.4\/10<\/span><\/strong><span class=\"qwen-markdown-text\"> \u2014 in linea con la sua valutazione complessiva \u2014 l&#039;Eeril Hotel d\u00e0 chiaramente priorit\u00e0 all&#039;igiene, il che lo rende uno dei preferiti sia dai germofobi che dai viaggiatori attenti alla salute.<\/span><\/p><div class=\"qwen-markdown-hr\"><hr \/><\/div><h3 class=\"qwen-markdown-heading\"><span class=\"qwen-markdown-text\">\ud83d\udccd Posizione, posizione, posizione: a pochi passi dalla metropolitana, dal centro congressi e altro ancora<\/span><\/h3><p class=\"qwen-markdown-paragraph\"><span class=\"qwen-markdown-text\">Gli ospiti sono entusiasti della posizione imbattibile, incastonata tra <\/span><strong class=\"qwen-markdown-strong\"><span class=\"qwen-markdown-text\">N. 199 Fumin Road<\/span><\/strong><span class=\"qwen-markdown-text\">, solo un <\/span><strong class=\"qwen-markdown-strong\"><span class=\"qwen-markdown-text\">280 metri a piedi dalla stazione della metropolitana Shixia<\/span><\/strong><span class=\"qwen-markdown-text\"> (Linee 3 e 7), e solo <\/span><strong class=\"qwen-markdown-strong\"><span class=\"qwen-markdown-text\">2,9 km dalla stazione ferroviaria di Futian<\/span><\/strong><span class=\"qwen-markdown-text\">. Che tu voglia partecipare a una grande fiera o esplorare lo skyline di Shenzhen, il trasporto pubblico \u00e8 semplice.<\/span><\/p><blockquote class=\"qwen-markdown-blockquote\"><p class=\"qwen-markdown-paragraph\"><em><span class=\"qwen-markdown-text\">\u201c&quot;Facile accesso alle linee 3 e 7 della metropolitana, nonch\u00e9 a negozi e ristoranti nelle vicinanze. L&#039;ambiente \u00e8 tranquillo, pulito ed elegante.&quot;\u201d<\/span><\/em><span class=\"qwen-markdown-text\"> segnala una recensione riassunta dall&#039;intelligenza artificiale basata su 3.609 commenti degli ospiti.<\/span><\/p><\/blockquote><p class=\"qwen-markdown-paragraph\"><span class=\"qwen-markdown-text\">La vicinanza al COCO Park, al mercato notturno di Tiantai e al pittoresco Futian Mangrove Ecological Park ne aumenta il fascino, rendendo Eeril il luogo ideale sia per il lavoro che per il tempo libero.<\/span><\/p><div class=\"qwen-markdown-hr\"><hr \/><\/div><h3 class=\"qwen-markdown-heading\"><span class=\"qwen-markdown-text\">\ud83d\udecf\ufe0f Comfort della camera: moderna, elegante e spaziosa<\/span><\/h3><p class=\"qwen-markdown-paragraph\"><span class=\"qwen-markdown-text\">Con 156 camere progettate con cura, tra cui camere Deluxe con letto matrimoniale, camere Heartbeat Theme e camere Happy Dream Twin, gli ospiti possono usufruire di comfort moderni come:<\/span><\/p><ul class=\"qwen-markdown-list\" dir=\"auto\"><li><span class=\"qwen-markdown-text\">Controlli intelligenti per tutta la casa<\/span><\/li><li><span class=\"qwen-markdown-text\">Wi-Fi ad alta velocit\u00e0 gratuito<\/span><\/li><li><span class=\"qwen-markdown-text\">Frigorifero e minibar<\/span><\/li><li><span class=\"qwen-markdown-text\">Finestre insonorizzate<\/span><\/li><li><span class=\"qwen-markdown-text\">Aria condizionata e bagni privati<\/span><\/li><\/ul><p class=\"qwen-markdown-paragraph\"><span class=\"qwen-markdown-text\">Molti recensori evidenziano il <\/span><strong class=\"qwen-markdown-strong\"><span class=\"qwen-markdown-text\">ambiente tranquillo<\/span><\/strong><span class=\"qwen-markdown-text\"> E <\/span><strong class=\"qwen-markdown-strong\"><span class=\"qwen-markdown-text\">sensazione di spaziosit\u00e0<\/span><\/strong><span class=\"qwen-markdown-text\">, anche in camere pi\u00f9 piccole come la Heartbeat Theme Room da 20\u201325 m\u00b2. Un ospite ha commentato: <\/span><\/p><blockquote class=\"qwen-markdown-blockquote\"><p class=\"qwen-markdown-paragraph\"><em><span class=\"qwen-markdown-text\">\u201c&quot;Le camere sono costantemente descritte come pulite, confortevoli e dotate di comfort moderni. La tranquillit\u00e0 e gli spazi ampi contribuiscono a un soggiorno rilassante.&quot;\u201d<\/span><\/em><\/p><\/blockquote><p class=\"qwen-markdown-paragraph\"><span class=\"qwen-markdown-text\">Che tu stia lavorando fino a tardi o ti stia rilassando dopo una lunga giornata, la tua camera diventer\u00e0 un rifugio di serenit\u00e0.<\/span><\/p><div class=\"qwen-markdown-hr\"><hr \/><\/div><h3 class=\"qwen-markdown-heading\"><span class=\"qwen-markdown-text\">\ud83d\udc65 Eccellenza del servizio: personale cordiale e comodit\u00e0 tecnologica<\/span><\/h3><p class=\"qwen-markdown-paragraph\"><span class=\"qwen-markdown-text\">Il servizio ottiene un punteggio solido <\/span><strong class=\"qwen-markdown-strong\"><span class=\"qwen-markdown-text\">9.3\/10<\/span><\/strong><span class=\"qwen-markdown-text\">, grazie al personale attento e multilingue che parla inglese e mandarino. Dal supporto alla reception 24 ore su 24 ai chioschi per il check-in automatico e persino <\/span><strong class=\"qwen-markdown-strong\"><span class=\"qwen-markdown-text\">robot di servizio<\/span><\/strong><span class=\"qwen-markdown-text\"> nella consegna degli articoli, Eeril unisce il calore umano alla tecnologia intelligente.<\/span><\/p><p class=\"qwen-markdown-paragraph\"><span class=\"qwen-markdown-text\">Gli ospiti menzionano spesso il <\/span><strong class=\"qwen-markdown-strong\"><span class=\"qwen-markdown-text\">personale cordiale e disponibile<\/span><\/strong><span class=\"qwen-markdown-text\"> \u2014 una perla rara tra gli hotel urbani pi\u00f9 affollati. Come ha detto un visitatore: <\/span><\/p><blockquote class=\"qwen-markdown-blockquote\"><p class=\"qwen-markdown-paragraph\"><em><span class=\"qwen-markdown-text\">\u201c&quot;Il servizio \u00e8 molto cortese e cordiale. Torner\u00f2 qui con i miei amici e consiglio a tutti l&#039;hotel.&quot;\u201d<\/span><\/em><\/p><\/blockquote><p class=\"qwen-markdown-paragraph\"><span class=\"qwen-markdown-text\">Sebbene un piccolo numero di ospiti suggerisca miglioramenti nelle prestazioni dell&#039;aria condizionata o nella cordialit\u00e0 del personale, si tratta di casi isolati in un mare di feedback prevalentemente positivi.<\/span><\/p><div class=\"qwen-markdown-hr\"><hr \/><\/div><h3 class=\"qwen-markdown-heading\"><span class=\"qwen-markdown-text\">\ud83c\udf7d\ufe0f Colazione e ristorazione: buffet cinese fresco<\/span><\/h3><p class=\"qwen-markdown-paragraph\"><span class=\"qwen-markdown-text\">Inizia la giornata nel modo giusto con una deliziosa <\/span><strong class=\"qwen-markdown-strong\"><span class=\"qwen-markdown-text\">Colazione a buffet in stile cinese<\/span><\/strong><span class=\"qwen-markdown-text\"> servito tutti i giorni dalle 7:00 alle 10:00. Al prezzo di 38 CNY ad adulto, offre una soddisfacente variet\u00e0 di specialit\u00e0 locali, perfette prima di andare a una riunione o a visitare la citt\u00e0.<\/span><\/p><p class=\"qwen-markdown-paragraph\"><span class=\"qwen-markdown-text\">Per spuntini veloci o spuntini notturni, il bar della hall e il servizio in camera attivo 24 ore su 24, 7 giorni su 7, vi garantiranno sempre qualcosa da bere o da bere.<\/span><\/p><div class=\"qwen-markdown-hr\"><hr \/><\/div><h3 class=\"qwen-markdown-heading\"><span class=\"qwen-markdown-text\">\ud83e\uddf3 Vantaggi aziendali che impressionano<\/span><\/h3><p class=\"qwen-markdown-paragraph\"><span class=\"qwen-markdown-text\">I professionisti amano Eeril per le sue strutture aziendali senza soluzione di continuit\u00e0:<\/span><\/p><ul class=\"qwen-markdown-list\" dir=\"auto\"><li><span class=\"qwen-markdown-text\"><strong class=\"qwen-markdown-strong\">Sale conferenze e polifunzionali<\/strong> con configurazioni multimediali<\/span><\/li><li><span class=\"qwen-markdown-text\"><strong class=\"qwen-markdown-strong\">Spazi di coworking e business center<\/strong><\/span><\/li><li><span class=\"qwen-markdown-text\"><strong class=\"qwen-markdown-strong\">Servizi di fax\/fotocopie e supporto di segreteria<\/strong><\/span><\/li><li><span class=\"qwen-markdown-text\"><strong class=\"qwen-markdown-strong\">Stazione di ricarica per veicoli elettrici e parcheggio pubblico gratuito<\/strong><\/span><\/li><\/ul><p class=\"qwen-markdown-paragraph\"><span class=\"qwen-markdown-text\">Un viaggiatore d&#039;affari ha commentato: <\/span><\/p><blockquote class=\"qwen-markdown-blockquote\"><p class=\"qwen-markdown-paragraph\"><em><span class=\"qwen-markdown-text\">\u201c&quot;Perfetto per conferenze: facile accesso al centro espositivo e ottime sale riunioni. Il personale ha aiutato a organizzare tutto senza intoppi.&quot;\u201d<\/span><\/em><\/p><\/blockquote><div class=\"qwen-markdown-hr\"><hr \/><\/div><h3 class=\"qwen-markdown-heading\"><span class=\"qwen-markdown-text\">\ud83d\udcbc Ideale per coppie, viaggiatori singoli e famiglie<\/span><\/h3><p class=\"qwen-markdown-paragraph\"><span class=\"qwen-markdown-text\">Sebbene sia particolarmente apprezzato dalle coppie (come indicato nella descrizione della struttura), Eeril accoglie ospiti di tutte le et\u00e0. La colazione \u00e8 gratuita per i bambini di altezza inferiore a 1,2 metri e l&#039;ambiente tranquillo e pulito dell&#039;hotel lo rende adatto anche alle famiglie.<\/span><\/p><p class=\"qwen-markdown-paragraph\"><span class=\"qwen-markdown-text\">I viaggiatori singoli apprezzano la sicurezza, la privacy e le funzionalit\u00e0 tecnologiche, mentre i gruppi beneficiano di opzioni di camere flessibili e della posizione centrale.<\/span><\/p><div class=\"qwen-markdown-hr\"><hr \/><\/div><h3 class=\"qwen-markdown-heading\"><span class=\"qwen-markdown-text\">\u2b50 Cosa rende Eeril unico? Un riassunto delle opinioni degli ospiti<\/span><\/h3><p class=\"qwen-markdown-paragraph\"><span class=\"qwen-markdown-text\">Ecco cosa amano di pi\u00f9 gli ospiti, in base a migliaia di recensioni:<\/span><\/p><p class=\"qwen-markdown-paragraph\"><span class=\"qwen-markdown-text\">\u2705 <\/span><strong class=\"qwen-markdown-strong\"><span class=\"qwen-markdown-text\">Pulizia eccezionale<\/span><\/strong><span class=\"qwen-markdown-text\"> \u2013 Valutato costantemente 9,4\/10<\/span><br \/><span class=\"qwen-markdown-text\">\u2705 <\/span><strong class=\"qwen-markdown-strong\"><span class=\"qwen-markdown-text\">Posizione privilegiata<\/span><\/strong><span class=\"qwen-markdown-text\"> \u2013 A piedi dalla metropolitana, dalla ferrovia e dalle attrazioni<\/span><br \/><span class=\"qwen-markdown-text\">\u2705 <\/span><strong class=\"qwen-markdown-strong\"><span class=\"qwen-markdown-text\">Camere moderne ed eleganti<\/span><\/strong><span class=\"qwen-markdown-text\"> \u2013 Silenzioso, spazioso, tecnologico<\/span><br \/><span class=\"qwen-markdown-text\">\u2705 <\/span><strong class=\"qwen-markdown-strong\"><span class=\"qwen-markdown-text\">Personale cordiale e disponibile<\/span><\/strong><span class=\"qwen-markdown-text\"> \u2013 Multilingue e reattivo<\/span><br \/><span class=\"qwen-markdown-text\">\u2705 <\/span><strong class=\"qwen-markdown-strong\"><span class=\"qwen-markdown-text\">Pronto per l&#039;attivit\u00e0<\/span><\/strong><span class=\"qwen-markdown-text\"> \u2013 Sale riunioni, ricarica veicoli elettrici, zone di coworking<\/span><br \/><span class=\"qwen-markdown-text\">\u2705 <\/span><strong class=\"qwen-markdown-strong\"><span class=\"qwen-markdown-text\">Rapporto qualit\u00e0-prezzo<\/span><\/strong><span class=\"qwen-markdown-text\"> \u2013 Prezzi competitivi per un&#039;esperienza a 4 stelle <\/span><\/p><div class=\"qwen-markdown-hr\"><hr \/><\/div><h3 class=\"qwen-markdown-heading\"><span class=\"qwen-markdown-text\">\u2753 Domande frequenti a cui hanno risposto veri ospiti<\/span><\/h3><p class=\"qwen-markdown-paragraph\"><strong class=\"qwen-markdown-strong\"><span class=\"qwen-markdown-text\">D: C&#039;\u00e8 una piscina?<\/span><\/strong><br \/><span class=\"qwen-markdown-text\">R: No, l&#039;Eeril Hotel non dispone di piscina.<\/span><\/p><div class=\"qwen-markdown-space\">\u00a0<\/div><p class=\"qwen-markdown-paragraph\"><strong class=\"qwen-markdown-strong\"><span class=\"qwen-markdown-text\">D: Sono ammessi animali domestici?<\/span><\/strong><br \/><span class=\"qwen-markdown-text\">R: Gli animali domestici non sono ammessi, ma gli animali di servizio sono benvenuti su richiesta.<\/span><\/p><div class=\"qwen-markdown-space\">\u00a0<\/div><p class=\"qwen-markdown-paragraph\"><strong class=\"qwen-markdown-strong\"><span class=\"qwen-markdown-text\">D: Quali sono gli orari di check-in\/out?<\/span><\/strong><br \/><span class=\"qwen-markdown-text\">A: Check-in dopo le 14:00, check-out prima delle 12:00. Sono disponibili chioschi per il check-in automatico.<\/span><\/p><div class=\"qwen-markdown-space\">\u00a0<\/div><p class=\"qwen-markdown-paragraph\"><strong class=\"qwen-markdown-strong\"><span class=\"qwen-markdown-text\">D: L&#039;hotel offre il servizio di trasferimento aeroportuale?<\/span><\/strong><br \/><span class=\"qwen-markdown-text\">R: No, non sono previsti servizi navetta per l&#039;aeroporto.<\/span><\/p><div class=\"qwen-markdown-space\">\u00a0<\/div><div class=\"qwen-markdown-hr\"><hr \/><\/div><div class=\"qwen-markdown-space\">\u00a0<\/div><h3 class=\"qwen-markdown-heading\"><span class=\"qwen-markdown-text\">\ud83d\udcc8 Verdetto finale: perch\u00e9 oltre 10.685 viaggiatori hanno detto &quot;s\u00ec&quot; all&#039;Eeril Hotel<\/span><\/h3><p class=\"qwen-markdown-paragraph\"><span class=\"qwen-markdown-text\">In una citt\u00e0 frenetica e competitiva come Shenzhen, trovare un hotel che bilanci <\/span><strong class=\"qwen-markdown-strong\"><span class=\"qwen-markdown-text\">posizione, comfort, pulizia e servizio<\/span><\/strong><span class=\"qwen-markdown-text\"> non \u00e8 un&#039;impresa da poco. L&#039;Eeril Hotel (Futian Convention and Exhibition Center Branch) non si limita a soddisfare questi standard, li stabilisce.<\/span><\/p><p class=\"qwen-markdown-paragraph\"><span class=\"qwen-markdown-text\">Che tu stia partecipando a una fiera, concludendo un affare o semplicemente immergendoti nell&#039;energia della capitale cinese dell&#039;innovazione, Eeril offre il mix perfetto di tecnologia intelligente, design curato e genuina ospitalit\u00e0. Con una valutazione di 9,4\/10 supportata da oltre 10.000 recensioni reali, \u00e8 chiaro: questo non \u00e8 un semplice hotel: \u00e8 il tuo punto di riferimento per il successo e il relax nel cuore di Futian.<\/span><\/p><p class=\"qwen-markdown-paragraph\"><strong class=\"qwen-markdown-strong\"><span class=\"qwen-markdown-text\">Prenota oggi stesso il tuo soggiorno: unisciti alle migliaia di viaggiatori che hanno gi\u00e0 scoperto perch\u00e9 l&#039;Eeril Hotel brilla pi\u00f9 degli altri.<\/span><\/strong><\/p>\t\t\t\t\t\t\t\t<\/div>\n\t\t\t\t\t<\/div>\n\t\t\t\t<\/div>\n\t\t\t\t<\/div>","protected":false},"excerpt":{"rendered":"<p>Eeril Hotel (Shenzhen Futian Convention and Exhibition Center Branch) \u2013 Real Guest Experiences &amp; Reviews: Why 10,685+ Travelers Rate It 9.4\/10 When choosing a hotel in Shenzhen\u2019s bustling Futian District \u2014 especially near the massive Convention and Exhibition Center \u2014 traveler reviews are your most trusted compass. And at Eeril Hotel (Futian Branch), guests aren\u2019t [&hellip;]<\/p>\n","protected":false},"author":1,"featured_media":0,"parent":0,"menu_order":0,"comment_status":"closed","ping_status":"closed","template":"","meta":{"footnotes":""},"class_list":["post-2106","page","type-page","status-publish","hentry","post-no-thumbnail"],"_links":{"self":[{"href":"https:\/\/eerilhotel.com\/it\/wp-json\/wp\/v2\/pages\/2106","targetHints":{"allow":["GET"]}}],"collection":[{"href":"https:\/\/eerilhotel.com\/it\/wp-json\/wp\/v2\/pages"}],"about":[{"href":"https:\/\/eerilhotel.com\/it\/wp-json\/wp\/v2\/types\/page"}],"author":[{"embeddable":true,"href":"https:\/\/eerilhotel.com\/it\/wp-json\/wp\/v2\/users\/1"}],"replies":[{"embeddable":true,"href":"https:\/\/eerilhotel.com\/it\/wp-json\/wp\/v2\/comments?post=2106"}],"version-history":[{"count":0,"href":"https:\/\/eerilhotel.com\/it\/wp-json\/wp\/v2\/pages\/2106\/revisions"}],"wp:attachment":[{"href":"https:\/\/eerilhotel.com\/it\/wp-json\/wp\/v2\/media?parent=2106"}],"curies":[{"name":"parola chiave","href":"https:\/\/api.w.org\/{rel}","templated":true}]}}