{"id":5266,"date":"2021-07-18T08:03:35","date_gmt":"2021-07-18T08:03:35","guid":{"rendered":"https:\/\/nuss.uxper.co\/luxury-resort\/?page_id=5266"},"modified":"2025-12-14T13:33:20","modified_gmt":"2025-12-14T13:33:20","slug":"chi-siamo","status":"publish","type":"page","link":"https:\/\/eerilhotel.com\/it\/chi-siamo\/","title":{"rendered":"Chi siamo"},"content":{"rendered":"<div data-elementor-type=\"wp-page\" data-elementor-id=\"5266\" class=\"elementor elementor-5266\">\n\t\t\t\t\t\t<section class=\"elementor-section elementor-top-section elementor-element elementor-element-10416953 elementor-section-boxed elementor-section-gap-beside-yes elementor-section-height-default elementor-section-height-default elementor-section-column-vertical-align-stretch\" data-id=\"10416953\" data-element_type=\"section\" data-e-type=\"section\">\n\t\t\t\t\t\t<div class=\"elementor-container elementor-column-gap-extended\">\n\t\t\t\t\t<div class=\"elementor-column elementor-col-100 elementor-top-column elementor-element elementor-element-29c6aa8\" data-id=\"29c6aa8\" data-element_type=\"column\" data-e-type=\"column\">\n\t\t\t<div class=\"elementor-widget-wrap elementor-element-populated\">\n\t\t\t\t\t\t<div class=\"elementor-element elementor-element-7be18fe7 elementor-widget__width-initial elementor-invisible elementor-widget elementor-widget-text-editor\" data-id=\"7be18fe7\" data-element_type=\"widget\" data-e-type=\"widget\" data-settings=\"{&quot;_animation&quot;:&quot;nussFadeInUp&quot;}\" data-widget_type=\"text-editor.default\">\n\t\t\t\t\t\t\t\t\t<div class=\"svelte-1c06zsf\" data-lang-code=\"\"><p class=\"qwen-markdown-paragraph\"><strong class=\"qwen-markdown-strong\"><span class=\"qwen-markdown-text\" data-spm-anchor-id=\"a2ty_o01.29997173.0.i24.7aab5171oMV61N\">Eeril Hotel (filiale del centro congressi ed esposizioni di Shenzhen Futian): il tuo punto di accesso intelligente ed elegante al cuore degli affari e dello stile di vita di Shenzhen<\/span><\/strong><\/p><\/div>\t\t\t\t\t\t\t\t<\/div>\n\t\t\t\t\t<\/div>\n\t\t<\/div>\n\t\t\t\t\t<\/div>\n\t\t<\/section>\n\t\t\t\t<section class=\"elementor-section elementor-top-section elementor-element elementor-element-7d18327f elementor-section-boxed elementor-section-gap-beside-yes elementor-section-height-default elementor-section-height-default elementor-section-column-vertical-align-stretch\" data-id=\"7d18327f\" data-element_type=\"section\" data-e-type=\"section\">\n\t\t\t\t\t\t<div class=\"elementor-container elementor-column-gap-extended\">\n\t\t\t\t\t<div class=\"elementor-column elementor-col-50 elementor-top-column elementor-element elementor-element-56533670\" data-id=\"56533670\" data-element_type=\"column\" data-e-type=\"column\">\n\t\t\t<div class=\"elementor-widget-wrap elementor-element-populated\">\n\t\t\t\t\t\t<div class=\"elementor-element elementor-element-19c3f543 elementor-drop-cap-yes elementor-drop-cap-view-default elementor-invisible elementor-widget elementor-widget-text-editor\" data-id=\"19c3f543\" data-element_type=\"widget\" data-e-type=\"widget\" data-settings=\"{&quot;_animation&quot;:&quot;nussFadeInUp&quot;,&quot;drop_cap&quot;:&quot;yes&quot;}\" data-widget_type=\"text-editor.default\">\n\t\t\t\t\t\t\t\t\t<p class=\"qwen-markdown-paragraph\"><span class=\"qwen-markdown-text\" data-spm-anchor-id=\"a2ty_o01.29997173.0.i25.7aab5171oMV61N\">Situato al numero 199 di Fumin Road, nel dinamico quartiere di Futian, l&#039;Eeril Hotel (filiale del Centro Congressi ed Esposizioni di Shenzhen Futian) \u00e8 pi\u00f9 di un semplice luogo di riposo: \u00e8 la base ideale, comoda ed elegante per esplorare la vivace scena commerciale di Shenzhen o il suo vivace centro culturale. Inaugurato nel 2022, questo moderno hotel a 4 stelle coniuga tecnologia all&#039;avanguardia e un&#039;ospitalit\u00e0 attenta, offrendo agli ospiti un comfort impeccabile a pochi passi dal Centro Congressi ed Esposizioni di Shenzhen, dalle principali linee della metropolitana e da negozi e ristoranti di alto livello.<\/span><\/p>\t\t\t\t\t\t\t\t<\/div>\n\t\t\t\t\t<\/div>\n\t\t<\/div>\n\t\t\t\t<div class=\"elementor-column elementor-col-50 elementor-top-column elementor-element elementor-element-30f14127\" data-id=\"30f14127\" data-element_type=\"column\" data-e-type=\"column\">\n\t\t\t<div class=\"elementor-widget-wrap elementor-element-populated\">\n\t\t\t\t\t\t<div class=\"elementor-element elementor-element-59aea08 elementor-widget elementor-widget-image\" data-id=\"59aea08\" data-element_type=\"widget\" data-e-type=\"widget\" data-widget_type=\"image.default\">\n\t\t\t\t\t\t\t\t\t\t\t\t\t\t\t<img fetchpriority=\"high\" decoding=\"async\" width=\"1024\" height=\"819\" src=\"https:\/\/eerilhotel.com\/wp-content\/uploads\/2025\/12\/Eeril-hotel-30-1024x819.webp\" class=\"attachment-large size-large wp-image-7221\" alt=\"\" srcset=\"https:\/\/eerilhotel.com\/wp-content\/uploads\/2025\/12\/Eeril-hotel-30-1024x819.webp 1024w, https:\/\/eerilhotel.com\/wp-content\/uploads\/2025\/12\/Eeril-hotel-30-300x240.webp 300w, https:\/\/eerilhotel.com\/wp-content\/uploads\/2025\/12\/Eeril-hotel-30-768x615.webp 768w, https:\/\/eerilhotel.com\/wp-content\/uploads\/2025\/12\/Eeril-hotel-30-15x12.webp 15w, https:\/\/eerilhotel.com\/wp-content\/uploads\/2025\/12\/Eeril-hotel-30.webp 1066w\" sizes=\"(max-width: 1024px) 100vw, 1024px\" \/>\t\t\t\t\t\t\t\t\t\t\t\t\t\t\t<\/div>\n\t\t\t\t\t<\/div>\n\t\t<\/div>\n\t\t\t\t\t<\/div>\n\t\t<\/section>\n\t\t\t\t<section class=\"elementor-section elementor-top-section elementor-element elementor-element-29fb8578 elementor-section-height-min-height elementor-section-stretched elementor-section-full_width elementor-section-items-stretch elementor-section-height-default elementor-section-column-vertical-align-stretch\" data-id=\"29fb8578\" data-element_type=\"section\" data-e-type=\"section\" data-settings=\"{&quot;stretch_section&quot;:&quot;section-stretched&quot;}\">\n\t\t\t\t\t\t<div class=\"elementor-container elementor-column-gap-no\">\n\t\t\t\t\t<div class=\"elementor-column elementor-col-50 elementor-top-column elementor-element elementor-element-40ac270b\" data-id=\"40ac270b\" data-element_type=\"column\" data-e-type=\"column\">\n\t\t\t<div class=\"elementor-widget-wrap elementor-element-populated\">\n\t\t\t\t\t\t<div class=\"elementor-element elementor-element-20872773 elementor-widget__width-initial elementor-widget-mobile__width-inherit elementor-invisible nuss-elementor-loading nuss-slide-in-right elementor-widget elementor-widget-image\" data-id=\"20872773\" data-element_type=\"widget\" data-e-type=\"widget\" data-settings=\"{&quot;_animation&quot;:&quot;nussSlideInRight&quot;}\" data-widget_type=\"image.default\">\n\t\t\t\t\t\t\t\t\t\t\t\t\t\t\t<img decoding=\"async\" width=\"1280\" height=\"853\" src=\"https:\/\/eerilhotel.com\/wp-content\/uploads\/2025\/12\/Eeril-hotel-15.webp\" class=\"attachment-full size-full wp-image-7206\" alt=\"\" srcset=\"https:\/\/eerilhotel.com\/wp-content\/uploads\/2025\/12\/Eeril-hotel-15.webp 1280w, https:\/\/eerilhotel.com\/wp-content\/uploads\/2025\/12\/Eeril-hotel-15-300x200.webp 300w, https:\/\/eerilhotel.com\/wp-content\/uploads\/2025\/12\/Eeril-hotel-15-1024x682.webp 1024w, https:\/\/eerilhotel.com\/wp-content\/uploads\/2025\/12\/Eeril-hotel-15-768x512.webp 768w, https:\/\/eerilhotel.com\/wp-content\/uploads\/2025\/12\/Eeril-hotel-15-18x12.webp 18w\" sizes=\"(max-width: 1280px) 100vw, 1280px\" \/>\t\t\t\t\t\t\t\t\t\t\t\t\t\t\t<\/div>\n\t\t\t\t\t<\/div>\n\t\t<\/div>\n\t\t\t\t<div class=\"elementor-column elementor-col-50 elementor-top-column elementor-element elementor-element-2dac103\" data-id=\"2dac103\" data-element_type=\"column\" data-e-type=\"column\">\n\t\t\t<div class=\"elementor-widget-wrap elementor-element-populated\">\n\t\t\t\t\t\t<div class=\"elementor-element elementor-element-6f1b8966 elementor-invisible elementor-widget elementor-widget-text-editor\" data-id=\"6f1b8966\" data-element_type=\"widget\" data-e-type=\"widget\" data-settings=\"{&quot;_animation&quot;:&quot;nussFadeInUp&quot;}\" data-widget_type=\"text-editor.default\">\n\t\t\t\t\t\t\t\t\t<p class=\"qwen-markdown-paragraph\"><span class=\"qwen-markdown-text\" data-spm-anchor-id=\"a2ty_o01.29997173.0.i27.7aab5171oMV61N\">Perfetto sia per i viaggiatori d&#039;affari che per i turisti, l&#039;Eeril Hotel si trova a 5 minuti a piedi dalla stazione della metropolitana Shixia (linee 3 e 7), garantendo un facile accesso alla stazione ferroviaria di Futian (a soli 2,9 km di distanza), all&#039;iconico Ping An Finance Center, al COCO Park e al lussureggiante Futian Mangrove Ecological Park. Che stiate partecipando a una conferenza, concludendo un affare o semplicemente immergendovi nell&#039;energia della capitale tecnologica cinese, la posizione non potrebbe essere pi\u00f9 strategica.<\/span><\/p><div class=\"qwen-markdown-space\">\u00a0<\/div><p class=\"qwen-markdown-paragraph\"><span class=\"qwen-markdown-text\">Le 156 camere dell&#039;hotel, progettate con cura, sono dotate di comandi intelligenti completi, finestre insonorizzate, Wi-Fi gratuito, minibar e un arredamento elegante e minimalista: dalla compatta ma accogliente Heartbeat Theme Room alla spaziosa Deluxe Double Bed Room. Gli ospiti apprezzano l&#039;eccezionale pulizia, l&#039;atmosfera tranquilla e i comfort moderni che rendono ogni soggiorno rilassante e produttivo.<\/span><\/p>\t\t\t\t\t\t\t\t<\/div>\n\t\t\t\t\t<\/div>\n\t\t<\/div>\n\t\t\t\t\t<\/div>\n\t\t<\/section>\n\t\t\t\t<section class=\"elementor-section elementor-top-section elementor-element elementor-element-b96e9e9 elementor-section-height-min-height elementor-section-stretched elementor-section-full_width elementor-section-items-stretch elementor-section-height-default elementor-section-column-vertical-align-stretch\" data-id=\"b96e9e9\" data-element_type=\"section\" data-e-type=\"section\" data-settings=\"{&quot;stretch_section&quot;:&quot;section-stretched&quot;}\">\n\t\t\t\t\t\t<div class=\"elementor-container elementor-column-gap-no\">\n\t\t\t\t\t<div class=\"elementor-column elementor-col-50 elementor-top-column elementor-element elementor-element-79ab575\" data-id=\"79ab575\" data-element_type=\"column\" data-e-type=\"column\">\n\t\t\t<div class=\"elementor-widget-wrap elementor-element-populated\">\n\t\t\t\t\t\t<div class=\"elementor-element elementor-element-0ec748a elementor-invisible elementor-widget elementor-widget-text-editor\" data-id=\"0ec748a\" data-element_type=\"widget\" data-e-type=\"widget\" data-settings=\"{&quot;_animation&quot;:&quot;nussFadeInUp&quot;}\" data-widget_type=\"text-editor.default\">\n\t\t\t\t\t\t\t\t\t<p class=\"qwen-markdown-paragraph\"><span class=\"qwen-markdown-text\" data-spm-anchor-id=\"a2ty_o01.29997173.0.i28.7aab5171oMV61N\">Ricaricate la vostra giornata con una deliziosa colazione cinese a buffet servita ogni giorno dalle 7:00 alle 10:00, oppure rilassatevi con snack e drink al bar della hall o con il servizio in camera 24 ore su 24, 7 giorni su 7. Oltre alla camera, potrete usufruire di una ricarica gratuita per veicoli elettrici, una palestra completamente attrezzata, una tranquilla sala da t\u00e8, una biblioteca silenziosa e persino robot di servizio che vi garantiranno efficienza e sorriso. Parcheggio pubblico gratuito, deposito bagagli e chioschi per il check-in automatico garantiscono arrivi e partenze senza intoppi.<\/span><\/p><div class=\"qwen-markdown-space\">\u00a0<\/div><p class=\"qwen-markdown-paragraph\" data-spm-anchor-id=\"a2ty_o01.29997173.0.i29.7aab5171oMV61N\"><span class=\"qwen-markdown-text\">Con un punteggio di 9,4\/10 basato su oltre 10.000 recensioni, l&#039;Eeril Hotel si distingue per la cordialit\u00e0 del personale, l&#039;ambiente impeccabile e la posizione imbattibile, rendendolo la scelta ideale per coppie, viaggiatori singoli e professionisti in viaggio d&#039;affari. Prenotate oggi stesso il vostro soggiorno e vivete Shenzhen con sicurezza, comfort e un tocco di raffinata eleganza all&#039;Eeril Hotel, dove innovazione e ospitalit\u00e0 si incontrano nel cuore di Futian.<\/span><\/p>\t\t\t\t\t\t\t\t<\/div>\n\t\t\t\t\t<\/div>\n\t\t<\/div>\n\t\t\t\t<div class=\"elementor-column elementor-col-50 elementor-top-column elementor-element elementor-element-af4d1a4\" data-id=\"af4d1a4\" data-element_type=\"column\" data-e-type=\"column\">\n\t\t\t<div class=\"elementor-widget-wrap elementor-element-populated\">\n\t\t\t\t\t\t<div class=\"elementor-element elementor-element-c830674 elementor-widget__width-initial elementor-widget-mobile__width-inherit elementor-invisible nuss-elementor-loading nuss-slide-in-right elementor-widget elementor-widget-image\" data-id=\"c830674\" data-element_type=\"widget\" data-e-type=\"widget\" data-settings=\"{&quot;_animation&quot;:&quot;nussSlideInRight&quot;}\" data-widget_type=\"image.default\">\n\t\t\t\t\t\t\t\t\t\t\t\t\t\t\t<img decoding=\"async\" width=\"1000\" height=\"800\" src=\"https:\/\/eerilhotel.com\/wp-content\/uploads\/2025\/12\/Eeril-hotel-14.webp\" class=\"attachment-full size-full wp-image-7205\" alt=\"\" srcset=\"https:\/\/eerilhotel.com\/wp-content\/uploads\/2025\/12\/Eeril-hotel-14.webp 1000w, https:\/\/eerilhotel.com\/wp-content\/uploads\/2025\/12\/Eeril-hotel-14-300x240.webp 300w, https:\/\/eerilhotel.com\/wp-content\/uploads\/2025\/12\/Eeril-hotel-14-768x614.webp 768w, https:\/\/eerilhotel.com\/wp-content\/uploads\/2025\/12\/Eeril-hotel-14-15x12.webp 15w\" sizes=\"(max-width: 1000px) 100vw, 1000px\" \/>\t\t\t\t\t\t\t\t\t\t\t\t\t\t\t<\/div>\n\t\t\t\t\t<\/div>\n\t\t<\/div>\n\t\t\t\t\t<\/div>\n\t\t<\/section>\n\t\t\t\t<\/div>","protected":false},"excerpt":{"rendered":"<p>Eeril Hotel (Shenzhen Futian Convention and Exhibition Center Branch) \u2013 Your Smart, Stylish Gateway to Shenzhen\u2019s Business &amp; Lifestyle Heart Nestled at No. 199 Fumin Road in the dynamic Futian District, Eeril Hotel (Shenzhen Futian Convention and Exhibition Center Branch) is more than just a place to rest \u2014 it\u2019s your intelligent, convenient, and stylish [&hellip;]<\/p>\n","protected":false},"author":1,"featured_media":0,"parent":0,"menu_order":0,"comment_status":"closed","ping_status":"closed","template":"","meta":{"footnotes":""},"class_list":["post-5266","page","type-page","status-publish","hentry","post-no-thumbnail"],"_links":{"self":[{"href":"https:\/\/eerilhotel.com\/it\/wp-json\/wp\/v2\/pages\/5266","targetHints":{"allow":["GET"]}}],"collection":[{"href":"https:\/\/eerilhotel.com\/it\/wp-json\/wp\/v2\/pages"}],"about":[{"href":"https:\/\/eerilhotel.com\/it\/wp-json\/wp\/v2\/types\/page"}],"author":[{"embeddable":true,"href":"https:\/\/eerilhotel.com\/it\/wp-json\/wp\/v2\/users\/1"}],"replies":[{"embeddable":true,"href":"https:\/\/eerilhotel.com\/it\/wp-json\/wp\/v2\/comments?post=5266"}],"version-history":[{"count":0,"href":"https:\/\/eerilhotel.com\/it\/wp-json\/wp\/v2\/pages\/5266\/revisions"}],"wp:attachment":[{"href":"https:\/\/eerilhotel.com\/it\/wp-json\/wp\/v2\/media?parent=5266"}],"curies":[{"name":"parola chiave","href":"https:\/\/api.w.org\/{rel}","templated":true}]}}