{"id":612,"date":"2021-03-26T10:04:13","date_gmt":"2021-03-26T10:04:13","guid":{"rendered":"http:\/\/localhost\/nuss\/?page_id=612"},"modified":"2025-12-14T14:07:33","modified_gmt":"2025-12-14T14:07:33","slug":"ristorante","status":"publish","type":"page","link":"https:\/\/eerilhotel.com\/it\/ristorante\/","title":{"rendered":"Ristorante"},"content":{"rendered":"<div data-elementor-type=\"wp-page\" data-elementor-id=\"612\" class=\"elementor elementor-612\">\n\t\t\t\t\t\t<section class=\"elementor-section elementor-top-section elementor-element elementor-element-e2effe8 elementor-section-boxed elementor-section-gap-beside-yes elementor-section-height-default elementor-section-height-default elementor-section-column-vertical-align-stretch\" data-id=\"e2effe8\" data-element_type=\"section\" data-e-type=\"section\">\n\t\t\t\t\t\t<div class=\"elementor-container elementor-column-gap-extended\">\n\t\t\t\t\t<div class=\"elementor-column elementor-col-100 elementor-top-column elementor-element elementor-element-e18f688\" data-id=\"e18f688\" data-element_type=\"column\" data-e-type=\"column\">\n\t\t\t<div class=\"elementor-widget-wrap elementor-element-populated\">\n\t\t\t\t\t\t<div class=\"elementor-element elementor-element-6db146d elementor-widget__width-initial elementor-invisible elementor-widget elementor-widget-text-editor\" data-id=\"6db146d\" data-element_type=\"widget\" data-e-type=\"widget\" data-settings=\"{&quot;_animation&quot;:&quot;nussFadeInUp&quot;}\" data-widget_type=\"text-editor.default\">\n\t\t\t\t\t\t\t\t\t<div class=\"svelte-1c06zsf\" data-lang-code=\"\"><p class=\"qwen-markdown-paragraph\" data-spm-anchor-id=\"a2ty_o01.29997173.0.i59.7aab5171oMV61N\"><strong class=\"qwen-markdown-strong\"><span class=\"qwen-markdown-text\">Inizia la giornata nel modo giusto: assapora i sapori di Shenzhen nel ristorante in loco dell&#039;Eeril Hotel<\/span><\/strong><\/p><\/div>\t\t\t\t\t\t\t\t<\/div>\n\t\t\t\t\t<\/div>\n\t\t<\/div>\n\t\t\t\t\t<\/div>\n\t\t<\/section>\n\t\t<div class=\"elementor-element elementor-element-764955e e-flex e-con-boxed e-con e-parent\" data-id=\"764955e\" data-element_type=\"container\" data-e-type=\"container\">\n\t\t\t\t\t<div class=\"e-con-inner\">\n\t\t<div class=\"elementor-element elementor-element-3a71d84 e-con-full e-flex e-con e-child\" data-id=\"3a71d84\" data-element_type=\"container\" data-e-type=\"container\">\n\t\t\t\t<div class=\"elementor-element elementor-element-81a00fb elementor-widget elementor-widget-text-editor\" data-id=\"81a00fb\" data-element_type=\"widget\" data-e-type=\"widget\" data-widget_type=\"text-editor.default\">\n\t\t\t\t\t\t\t\t\t<p class=\"qwen-markdown-paragraph\"><span class=\"qwen-markdown-text\" data-spm-anchor-id=\"a2ty_o01.29997173.0.i57.7aab5171oMV61N\">Immerso nel cuore vibrante del distretto di Futian, <\/span><strong class=\"qwen-markdown-strong\"><span class=\"qwen-markdown-text\">Eeril Hotel (filiale del centro congressi ed esposizioni di Shenzhen Futian)<\/span><\/strong><span class=\"qwen-markdown-text\"> Non solo offre camere eleganti e un servizio impeccabile, ma vi accoglie ogni mattina con un delizioso ed energizzante inizio di giornata nel suo invitante ristorante in loco. Che siate viaggiatori d&#039;affari che si affrettano a raggiungere un meeting presso il vicino Centro Congressi ed Esposizioni di Shenzhen o turisti che pianificano la loro giornata esplorando il COCO Park e il Futian Mangrove Ecological Park, il nostro ristorante \u00e8 pensato per alimentare le vostre avventure con autentici sapori locali, calorosa ospitalit\u00e0 e comfort moderni.<\/span><\/p><div class=\"qwen-markdown-space\">\u00a0<\/div><p class=\"qwen-markdown-paragraph\"><span class=\"qwen-markdown-text\">Situato a <\/span><strong class=\"qwen-markdown-strong\"><span class=\"qwen-markdown-text\">N. 199 Fumin Road<\/span><\/strong><span class=\"qwen-markdown-text\">, Il nostro hotel si trova a soli 280 metri a piedi dalla stazione della metropolitana Shixia, il che lo rende la posizione perfetta per gli ospiti che apprezzano sia la posizione che il comfort. E quale modo migliore per iniziare il vostro viaggio a Shenzhen se non con una colazione abbondante servita direttamente nel vostro alloggio?<\/span><\/p>\t\t\t\t\t\t\t\t<\/div>\n\t\t\t\t<\/div>\n\t\t<div class=\"elementor-element elementor-element-bb76a06 e-con-full e-flex e-con e-child\" data-id=\"bb76a06\" data-element_type=\"container\" data-e-type=\"container\">\n\t\t\t\t<div class=\"elementor-element elementor-element-636ac5f elementor-widget elementor-widget-image\" data-id=\"636ac5f\" data-element_type=\"widget\" data-e-type=\"widget\" data-widget_type=\"image.default\">\n\t\t\t\t\t\t\t\t\t\t\t\t\t\t\t<img fetchpriority=\"high\" decoding=\"async\" width=\"1024\" height=\"752\" src=\"https:\/\/eerilhotel.com\/wp-content\/uploads\/2025\/12\/Eeril-hotel-67-1024x752.webp\" class=\"attachment-large size-large wp-image-7258\" alt=\"\" srcset=\"https:\/\/eerilhotel.com\/wp-content\/uploads\/2025\/12\/Eeril-hotel-67-1024x752.webp 1024w, https:\/\/eerilhotel.com\/wp-content\/uploads\/2025\/12\/Eeril-hotel-67-300x220.webp 300w, https:\/\/eerilhotel.com\/wp-content\/uploads\/2025\/12\/Eeril-hotel-67-768x564.webp 768w, https:\/\/eerilhotel.com\/wp-content\/uploads\/2025\/12\/Eeril-hotel-67-16x12.webp 16w, https:\/\/eerilhotel.com\/wp-content\/uploads\/2025\/12\/Eeril-hotel-67.webp 1161w\" sizes=\"(max-width: 1024px) 100vw, 1024px\" \/>\t\t\t\t\t\t\t\t\t\t\t\t\t\t\t<\/div>\n\t\t\t\t<\/div>\n\t\t\t\t\t<\/div>\n\t\t\t\t<\/div>\n\t\t<div class=\"elementor-element elementor-element-e5626a7 e-flex e-con-boxed e-con e-parent\" data-id=\"e5626a7\" data-element_type=\"container\" data-e-type=\"container\">\n\t\t\t\t\t<div class=\"e-con-inner\">\n\t\t\t\t<div class=\"elementor-element elementor-element-4ac24e6 elementor-widget elementor-widget-nuss-image-gallery\" data-id=\"4ac24e6\" data-element_type=\"widget\" data-e-type=\"widget\" data-widget_type=\"nuss-image-gallery.default\">\n\t\t\t\t<div class=\"elementor-widget-container\">\n\t\t\t\t\t\t\t<div class=\"nuss-grid-wrapper\" data-grid=\"{&quot;type&quot;:&quot;grid&quot;,&quot;ratio&quot;:null,&quot;columns&quot;:3,&quot;gutter&quot;:30}\">\r\n\t\t\t<div class=\"nuss-grid lazy-grid\">\r\n\t\t\t\t<div class=\"grid-sizer\"><\/div>\r\n\r\n\t\t\t\t\t\t\t\t\t\t\t\t<div class=\"grid-item\">\r\n\t\t\t\t\t\t<div class=\"nuss-box\">\t\t<div class=\"nuss-image image\">\r\n\t\t\t<img decoding=\"async\"  src=\"https:\/\/eerilhotel.com\/wp-content\/uploads\/2025\/12\/Eeril-hotel-77.webp\" alt=\"Hotel Eeril (77)\" \/>\t\t<\/div>\r\n\t\t\t\t<\/div>\t\t\t\t\t<\/div>\r\n\t\t\t\t\t\t<div class=\"grid-item\">\r\n\t\t\t\t\t\t<div class=\"nuss-box\">\t\t<div class=\"nuss-image image\">\r\n\t\t\t<img decoding=\"async\"  src=\"https:\/\/eerilhotel.com\/wp-content\/uploads\/2025\/12\/Eeril-hotel-76.webp\" alt=\"Hotel Eeril (76)\" \/>\t\t<\/div>\r\n\t\t\t\t<\/div>\t\t\t\t\t<\/div>\r\n\t\t\t\t\t\t<div class=\"grid-item\">\r\n\t\t\t\t\t\t<div class=\"nuss-box\">\t\t<div class=\"nuss-image image\">\r\n\t\t\t<img decoding=\"async\"  src=\"https:\/\/eerilhotel.com\/wp-content\/uploads\/2025\/12\/Eeril-hotel-73.webp\" alt=\"Hotel Eeril (73)\" \/>\t\t<\/div>\r\n\t\t\t\t<\/div>\t\t\t\t\t<\/div>\r\n\t\t\t\t\t\t<div class=\"grid-item\">\r\n\t\t\t\t\t\t<div class=\"nuss-box\">\t\t<div class=\"nuss-image image\">\r\n\t\t\t<img decoding=\"async\"  src=\"https:\/\/eerilhotel.com\/wp-content\/uploads\/2025\/12\/Eeril-hotel-72.webp\" alt=\"Hotel Eeril (72)\" \/>\t\t<\/div>\r\n\t\t\t\t<\/div>\t\t\t\t\t<\/div>\r\n\t\t\t\t\t\t<div class=\"grid-item\">\r\n\t\t\t\t\t\t<div class=\"nuss-box\">\t\t<div class=\"nuss-image image\">\r\n\t\t\t<img decoding=\"async\"  src=\"https:\/\/eerilhotel.com\/wp-content\/uploads\/2025\/12\/Eeril-hotel-69.webp\" alt=\"Hotel Eeril (69)\" \/>\t\t<\/div>\r\n\t\t\t\t<\/div>\t\t\t\t\t<\/div>\r\n\t\t\t\t\t\t<div class=\"grid-item\">\r\n\t\t\t\t\t\t<div class=\"nuss-box\">\t\t<div class=\"nuss-image image\">\r\n\t\t\t<img decoding=\"async\"  src=\"https:\/\/eerilhotel.com\/wp-content\/uploads\/2025\/12\/Eeril-hotel-61.webp\" alt=\"Hotel Eeril (61)\" \/>\t\t<\/div>\r\n\t\t\t\t<\/div>\t\t\t\t\t<\/div>\r\n\t\t\t\t\t\t<div class=\"grid-item\">\r\n\t\t\t\t\t\t<div class=\"nuss-box\">\t\t<div class=\"nuss-image image\">\r\n\t\t\t<img decoding=\"async\"  src=\"https:\/\/eerilhotel.com\/wp-content\/uploads\/2025\/12\/Eeril-hotel-54.webp\" alt=\"Hotel Eeril (54)\" \/>\t\t<\/div>\r\n\t\t\t\t<\/div>\t\t\t\t\t<\/div>\r\n\t\t\t\t\t\t<div class=\"grid-item\">\r\n\t\t\t\t\t\t<div class=\"nuss-box\">\t\t<div class=\"nuss-image image\">\r\n\t\t\t<img decoding=\"async\"  src=\"https:\/\/eerilhotel.com\/wp-content\/uploads\/2025\/12\/Eeril-hotel-53.webp\" alt=\"Hotel Eeril (53)\" \/>\t\t<\/div>\r\n\t\t\t\t<\/div>\t\t\t\t\t<\/div>\r\n\t\t\t\t\t\t<div class=\"grid-item\">\r\n\t\t\t\t\t\t<div class=\"nuss-box\">\t\t<div class=\"nuss-image image\">\r\n\t\t\t<img decoding=\"async\"  src=\"https:\/\/eerilhotel.com\/wp-content\/uploads\/2025\/12\/Eeril-hotel-52.webp\" alt=\"Hotel Eeril (52)\" \/>\t\t<\/div>\r\n\t\t\t\t<\/div>\t\t\t\t\t<\/div>\r\n\t\t\t\t\t\t<div class=\"grid-item\">\r\n\t\t\t\t\t\t<div class=\"nuss-box\">\t\t<div class=\"nuss-image image\">\r\n\t\t\t<img decoding=\"async\"  src=\"https:\/\/eerilhotel.com\/wp-content\/uploads\/2025\/12\/Eeril-hotel-50.webp\" alt=\"Hotel Eeril (50)\" \/>\t\t<\/div>\r\n\t\t\t\t<\/div>\t\t\t\t\t<\/div>\r\n\t\t\t\t\t\t<div class=\"grid-item\">\r\n\t\t\t\t\t\t<div class=\"nuss-box\">\t\t<div class=\"nuss-image image\">\r\n\t\t\t<img decoding=\"async\"  src=\"https:\/\/eerilhotel.com\/wp-content\/uploads\/2025\/12\/Eeril-hotel-45.webp\" alt=\"Hotel Eeril (45)\" \/>\t\t<\/div>\r\n\t\t\t\t<\/div>\t\t\t\t\t<\/div>\r\n\t\t\t\t\t\t<div class=\"grid-item\">\r\n\t\t\t\t\t\t<div class=\"nuss-box\">\t\t<div class=\"nuss-image image\">\r\n\t\t\t<img decoding=\"async\"  src=\"https:\/\/eerilhotel.com\/wp-content\/uploads\/2025\/12\/Eeril-hotel-44.webp\" alt=\"Hotel Eeril (44)\" \/>\t\t<\/div>\r\n\t\t\t\t<\/div>\t\t\t\t\t<\/div>\r\n\t\t\t\t\t\t\t\r\n\t\t\t<\/div>\r\n\t\t<\/div>\r\n\t\t\t\t\t\t<\/div>\n\t\t\t\t<\/div>\n\t\t\t\t\t<\/div>\n\t\t\t\t<\/div>\n\t\t<div class=\"elementor-element elementor-element-d05381b e-flex e-con-boxed e-con e-parent\" data-id=\"d05381b\" data-element_type=\"container\" data-e-type=\"container\">\n\t\t\t\t\t<div class=\"e-con-inner\">\n\t\t\t\t<div class=\"elementor-element elementor-element-53bd849 elementor-widget elementor-widget-text-editor\" data-id=\"53bd849\" data-element_type=\"widget\" data-e-type=\"widget\" data-widget_type=\"text-editor.default\">\n\t\t\t\t\t\t\t\t\t<h3 class=\"qwen-markdown-heading\"><span class=\"qwen-markdown-text\" data-spm-anchor-id=\"a2ty_o01.29997173.0.i62.7aab5171oMV61N\">\ud83c\udf73 Una colazione a buffet fresca in stile cinese, pensata per i viaggiatori moderni<\/span><\/h3><p class=\"qwen-markdown-paragraph\"><span class=\"qwen-markdown-text\">Il nostro quotidiano <\/span><strong class=\"qwen-markdown-strong\"><span class=\"qwen-markdown-text\">Colazione a buffet in stile cinese<\/span><\/strong><span class=\"qwen-markdown-text\"> \u00e8 pi\u00f9 di un semplice pasto: \u00e8 un&#039;esperienza. Servito da <\/span><strong class=\"qwen-markdown-strong\"><span class=\"qwen-markdown-text\">dalle 7:00 alle 10:00<\/span><\/strong><span class=\"qwen-markdown-text\">, la diffusione presenta una selezione attentamente curata di specialit\u00e0 locali che riflettono il ricco patrimonio culinario della provincia del Guangdong:<\/span><\/p><ul class=\"qwen-markdown-list\" dir=\"auto\" data-spm-anchor-id=\"a2ty_o01.29997173.0.i61.7aab5171oMV61N\"><li><span class=\"qwen-markdown-text\">Ciotole fumanti di congee con verdure sottaceto e uova centenarie<\/span><\/li><li><span class=\"qwen-markdown-text\">Dim sum appena fatti: ravioli, panini e involtini di riso cotti al vapore alla perfezione<\/span><\/li><li><span class=\"qwen-markdown-text\">Zuppe di noodle saporite e piatti di riso saltati in padella<\/span><\/li><li><span class=\"qwen-markdown-text\">Bastoncini di pasta fritta croccante (youtiao) e morbidi panini mantou<\/span><\/li><li><span class=\"qwen-markdown-text\">Frutta di stagione, yogurt, pasticcini e uova sode<\/span><\/li><li><span class=\"qwen-markdown-text\">T\u00e8 caldo, caff\u00e8 e succhi freschi per iniziare la giornata con la giusta carica<\/span><\/li><\/ul><p class=\"qwen-markdown-paragraph\"><span class=\"qwen-markdown-text\">Al prezzo di soli <\/span><strong class=\"qwen-markdown-strong\"><span class=\"qwen-markdown-text\">CNY 38 per adulto<\/span><\/strong><span class=\"qwen-markdown-text\"> (circa $5,40 USD), non \u00e8 solo conveniente ma anche abbondante: perfetto per gli ospiti che desiderano godersi una colazione abbondante e immersiva nella cultura locale prima di uscire in citt\u00e0.<\/span><\/p><p class=\"qwen-markdown-paragraph\"><span class=\"qwen-markdown-text\">I bambini di altezza inferiore a 1,2 milioni mangiano gratis; quelli di altezza compresa tra 1,2 e 1,5 milioni pagano 19 CNY, il che rende il pasto adatto anche alle famiglie.<\/span><\/p><div class=\"qwen-markdown-hr\"><hr \/><\/div><h3 class=\"qwen-markdown-heading\"><span class=\"qwen-markdown-text\">\u2615 Pi\u00f9 di una semplice colazione: snack, bevande e servizio in camera, in qualsiasi momento<\/span><\/h3><p class=\"qwen-markdown-paragraph\"><span class=\"qwen-markdown-text\">Sebbene la colazione sia il nostro piatto forte, sappiamo che la fame non sempre arriva puntuale. Ecco perch\u00e9 abbiamo progettato i nostri servizi di ristorazione per stare al passo con il tuo stile di vita:<\/span><\/p><ul class=\"qwen-markdown-list\" dir=\"auto\"><li><span class=\"qwen-markdown-text\"><strong class=\"qwen-markdown-strong\">Bar della hall<\/strong>: Rilassatevi dopo una lunga giornata con una bevanda rinfrescante o uno spuntino leggero nella nostra accogliente e moderna area lounge.<\/span><\/li><li><span class=\"qwen-markdown-text\"><strong class=\"qwen-markdown-strong\">Servizio in camera 24 ore su 24, 7 giorni su 7<\/strong>: Hai voglia di noodles a mezzanotte? Hai bisogno di un caff\u00e8 veloce prima del tuo volo mattutino? Il nostro servizio in camera \u00e8 disponibile 24 ore su 24, perch\u00e9 la comodit\u00e0 non ha orari.<\/span><\/li><li><span class=\"qwen-markdown-text\"><strong class=\"qwen-markdown-strong\">Snack Bar e Distributori Automatici<\/strong>: Prendi un boccone o una bevanda al volo dal nostro fornitissimo snack bar o dai distributori automatici presenti nelle aree pubbliche.<\/span><\/li><\/ul><p class=\"qwen-markdown-paragraph\"><span class=\"qwen-markdown-text\">Che tu stia affrontando una giornata di lavoro o ti stia riprendendo da una serata trascorsa a esplorare il mercato notturno di Tiantai, le nostre opzioni di cibo e bevande sono pensate per soddisfare le tue esigenze, senza dover nemmeno uscire dall&#039;hotel.<\/span><\/p><div class=\"qwen-markdown-hr\"><hr \/><\/div><h3 class=\"qwen-markdown-heading\"><span class=\"qwen-markdown-text\">\ud83c\udf3f Tocchi premurosi per ogni ospite<\/span><\/h3><p class=\"qwen-markdown-paragraph\"><span class=\"qwen-markdown-text\">Sappiamo che i viaggiatori di oggi si aspettano pi\u00f9 di un semplice buon cibo: vogliono comfort, pulizia e personalizzazione. Ecco perch\u00e9 il nostro ristorante \u00e8 progettato con:<\/span><\/p><ul class=\"qwen-markdown-list\" dir=\"auto\"><li><span class=\"qwen-markdown-text\"><strong class=\"qwen-markdown-strong\">Interni puliti e luminosi<\/strong> che riflettono il nostro punteggio di pulizia di 9,4\/10, elogiato da oltre 10.685 ospiti<\/span><\/li><li><span class=\"qwen-markdown-text\"><strong class=\"qwen-markdown-strong\">Posti a sedere spaziosi<\/strong> con luce naturale che filtra attraverso ampie finestre<\/span><\/li><li><span class=\"qwen-markdown-text\"><strong class=\"qwen-markdown-strong\">Personale multilingue<\/strong> pronto ad assistere con preferenze o raccomandazioni dietetiche<\/span><\/li><li><span class=\"qwen-markdown-text\"><strong class=\"qwen-markdown-strong\">Wi-Fi gratuito<\/strong> cos\u00ec puoi controllare le email o pianificare la tua prossima tappa mentre ti godi il pasto<\/span><\/li><\/ul><p class=\"qwen-markdown-paragraph\"><span class=\"qwen-markdown-text\">Gli ospiti sottolineano costantemente che &quot;l&#039;ambiente \u00e8 tranquillo, pulito ed elegante&quot;, il che contribuisce a rendere l&#039;esperienza complessiva piacevole cenando all&#039;Eeril Hotel.<\/span><\/p><div class=\"qwen-markdown-hr\"><hr \/><\/div><h3 class=\"qwen-markdown-heading\"><span class=\"qwen-markdown-text\">\ud83d\udccd Posizione perfetta per pranzi e cene di lavoro e di piacere<\/span><\/h3><p class=\"qwen-markdown-paragraph\"><span class=\"qwen-markdown-text\">La nostra posizione ci rende ideali per:<\/span><\/p><ul class=\"qwen-markdown-list\" dir=\"auto\"><li><span class=\"qwen-markdown-text\"><strong class=\"qwen-markdown-strong\">partecipanti alla conferenza<\/strong>: Passeggiata fino al Centro Congressi ed Esposizioni di Shenzhen, quindi ritorno per una colazione rilassante o un rinfresco post-evento.<\/span><\/li><li><span class=\"qwen-markdown-text\"><strong class=\"qwen-markdown-strong\">Appassionati di shopping<\/strong>: Fai rifornimento prima di recarti al COCO Park o al centro commerciale Xinghe, entrambi a pochi minuti di distanza.<\/span><\/li><li><span class=\"qwen-markdown-text\"><strong class=\"qwen-markdown-strong\">Amanti della natura<\/strong>: Godetevi una tranquilla colazione prima di passeggiare nel tranquillo Parco ecologico delle mangrovie di Futian.<\/span><\/li><li><span class=\"qwen-markdown-text\"><strong class=\"qwen-markdown-strong\">Famiglie e coppie<\/strong>: L&#039;atmosfera rilassata e i prezzi adatti ai bambini lo rendono uno dei preferiti da chi viaggia in compagnia.<\/span><\/li><\/ul><p class=\"qwen-markdown-paragraph\"><span class=\"qwen-markdown-text\">Un ospite recente ha commentato con entusiasmo: <\/span><\/p><blockquote class=\"qwen-markdown-blockquote\"><p class=\"qwen-markdown-paragraph\"><em><span class=\"qwen-markdown-text\">\u201c&quot;La camera \u00e8 molto bella, cos\u00ec come il servizio, cortese e disponibile. Ci torner\u00f2 con i miei amici e consiglio a tutti l&#039;hotel.&quot;\u201d<\/span><\/em><\/p><\/blockquote><p class=\"qwen-markdown-paragraph\"><span class=\"qwen-markdown-text\">E molti altri condividono questo sentimento, elogiando non solo il cibo, ma l&#039;intera esperienza culinaria come &quot;confortevole&quot;, &quot;deliziosa&quot; e &quot;perfettamente sincronizzata&quot;.\u201c<\/span><\/p><div class=\"qwen-markdown-hr\"><hr \/><\/div><h3 class=\"qwen-markdown-heading\"><span class=\"qwen-markdown-text\">\ud83d\udcbc Pranzi di lavoro e riunioni informali? Ci pensiamo noi<\/span><\/h3><p class=\"qwen-markdown-paragraph\"><span class=\"qwen-markdown-text\">Hai bisogno di ospitare un cliente a pranzo o di uno spuntino veloce durante una pausa tra una riunione e l&#039;altra? Il nostro ristorante offre un ambiente informale ma professionale per incontri informali. Grazie all&#039;accesso al business center dell&#039;hotel, alle sale conferenze e agli spazi di coworking nelle vicinanze, potrai passare senza problemi dal pranzo alla riunione.<\/span><\/p><p class=\"qwen-markdown-paragraph\"><span class=\"qwen-markdown-text\">Inoltre, grazie a servizi quali fax\/fotocopie, supporto di segreteria e sistemi di visualizzazione multimediale disponibili al piano superiore, l&#039;Eeril Hotel diventa il tuo punto di riferimento per la produttivit\u00e0, a partire da un ottimo pasto.<\/span><\/p><div class=\"qwen-markdown-hr\"><hr \/><\/div><h3 class=\"qwen-markdown-heading\"><span class=\"qwen-markdown-text\">\ud83c\udf5c Perch\u00e9 scegliere il ristorante dell&#039;Eeril Hotel?<\/span><\/h3><p class=\"qwen-markdown-paragraph\"><span class=\"qwen-markdown-text\">\u2705 <\/span><strong class=\"qwen-markdown-strong\"><span class=\"qwen-markdown-text\">Sapori locali autentici<\/span><\/strong><span class=\"qwen-markdown-text\"> \u2013 Assapora le migliori tradizioni della colazione di Shenzhen<\/span><br \/><span class=\"qwen-markdown-text\">\u2705 <\/span><strong class=\"qwen-markdown-strong\"><span class=\"qwen-markdown-text\">Tempi convenienti<\/span><\/strong><span class=\"qwen-markdown-text\"> \u2013 Tutti i giorni dalle 7 alle 10, pi\u00f9 snack e servizio in camera 24 ore su 24, 7 giorni su 7<\/span><br \/><span class=\"qwen-markdown-text\">\u2705 <\/span><strong class=\"qwen-markdown-strong\"><span class=\"qwen-markdown-text\">Prezzi accessibili<\/span><\/strong><span class=\"qwen-markdown-text\"> \u2013 38 CNY per gli adulti, i bambini sotto 1,2 milioni mangiano gratis<\/span><br \/><span class=\"qwen-markdown-text\">\u2705 <\/span><strong class=\"qwen-markdown-strong\"><span class=\"qwen-markdown-text\">Spazio pulito ed elegante<\/span><\/strong><span class=\"qwen-markdown-text\"> \u2013 Costantemente valutato 9,4\/10 per pulizia e atmosfera<\/span><br \/><span class=\"qwen-markdown-text\">\u2705 <\/span><strong class=\"qwen-markdown-strong\"><span class=\"qwen-markdown-text\">Posizione perfetta<\/span><\/strong><span class=\"qwen-markdown-text\"> \u2013 A pochi passi dalla metropolitana, dal centro congressi, dai negozi e dai parchi<\/span><br \/><span class=\"qwen-markdown-text\">\u2705 <\/span><strong class=\"qwen-markdown-strong\"><span class=\"qwen-markdown-text\">Personale multilingue amichevole<\/span><\/strong><span class=\"qwen-markdown-text\"> \u2013 Pronti ad assistervi per qualsiasi richiesta <\/span><\/p><div class=\"qwen-markdown-hr\"><hr \/><\/div><p class=\"qwen-markdown-paragraph\"><strong class=\"qwen-markdown-strong\"><span class=\"qwen-markdown-text\">La tua perfetta mattinata a Shenzhen inizia qui<\/span><\/strong><\/p><p class=\"qwen-markdown-paragraph\"><span class=\"qwen-markdown-text\">All&#039;Eeril Hotel (filiale del Centro Congressi ed Esposizioni di Shenzhen Futian), crediamo che un soggiorno eccellente inizi con un ottimo pasto. Che sorseggiate un t\u00e8 mentre il sole sorge sullo skyline di Futian o che facciate uno spuntino veloce prima di prendere la metropolitana, il nostro ristorante \u00e8 il vostro rifugio accogliente, che vi offre calore, sapore ed efficienza in egual misura.<\/span><\/p><p class=\"qwen-markdown-paragraph\" data-spm-anchor-id=\"a2ty_o01.29997173.0.i63.7aab5171oMV61N\"><span class=\"qwen-markdown-text\">Venite a provare la differenza. Prenotate il vostro soggiorno oggi stesso e lasciatevi coccolare nel modo pi\u00f9 delizioso per iniziare la vostra avventura a Shenzhen.<\/span><\/p>\t\t\t\t\t\t\t\t<\/div>\n\t\t\t\t\t<\/div>\n\t\t\t\t<\/div>\n\t\t\t\t<\/div>","protected":false},"excerpt":{"rendered":"<p>Start Your Day Right: Savor the Flavors of Shenzhen at Eeril Hotel\u2019s On-Site Restaurant Nestled in the vibrant heart of Futian District, Eeril Hotel (Shenzhen Futian Convention and Exhibition Center Branch) doesn\u2019t just offer smart rooms and seamless service \u2014 it welcomes you each morning with a delicious, energizing start at its inviting on-site restaurant. [&hellip;]<\/p>\n","protected":false},"author":1,"featured_media":0,"parent":0,"menu_order":0,"comment_status":"closed","ping_status":"closed","template":"","meta":{"footnotes":""},"class_list":["post-612","page","type-page","status-publish","hentry","post-no-thumbnail"],"_links":{"self":[{"href":"https:\/\/eerilhotel.com\/it\/wp-json\/wp\/v2\/pages\/612","targetHints":{"allow":["GET"]}}],"collection":[{"href":"https:\/\/eerilhotel.com\/it\/wp-json\/wp\/v2\/pages"}],"about":[{"href":"https:\/\/eerilhotel.com\/it\/wp-json\/wp\/v2\/types\/page"}],"author":[{"embeddable":true,"href":"https:\/\/eerilhotel.com\/it\/wp-json\/wp\/v2\/users\/1"}],"replies":[{"embeddable":true,"href":"https:\/\/eerilhotel.com\/it\/wp-json\/wp\/v2\/comments?post=612"}],"version-history":[{"count":0,"href":"https:\/\/eerilhotel.com\/it\/wp-json\/wp\/v2\/pages\/612\/revisions"}],"wp:attachment":[{"href":"https:\/\/eerilhotel.com\/it\/wp-json\/wp\/v2\/media?parent=612"}],"curies":[{"name":"parola chiave","href":"https:\/\/api.w.org\/{rel}","templated":true}]}}